{"id":15110,"date":"2025-02-19T14:08:43","date_gmt":"2025-02-19T11:08:43","guid":{"rendered":"https:\/\/ceoparts.com\/?post_type=product&#038;p=15110"},"modified":"2026-05-16T09:34:48","modified_gmt":"2026-05-16T06:34:48","slug":"jungheinrich-direksiyon-topuzu-51134300","status":"publish","type":"product","link":"https:\/\/ceoparts.com\/fr\/urun\/jungheinrich-direksiyon-topuzu-51134300\/","title":{"rendered":"Jungheinrich Bouton de direction &#8211; 51134300"},"content":{"rendered":"<p>Jungheinrich Bouton de direction &#8211; 51134300<\/p>\n<p><\/p>\n<table dir=\"ltr\" style=\"height: 1536px;\" border=\"0\" width=\"328\" cellspacing=\"0\" cellpadding=\"2\">\n<tbody>\n<tr>\n<td width=\"58%\" height=\"19\">\n<p align=\"left\"><span style=\"font-family: Calibri; font-size: medium;\">EKS 308 \u0130\/\u0130\/\u0130<\/span><\/p>\n<\/td>\n<td width=\"42%\" height=\"19\">\n<p align=\"left\"><span style=\"font-family: Calibri; font-size: medium;\">1.06 &#8211; 12.09<\/span><\/p>\n<\/td>\n<\/tr>\n<tr>\n<td width=\"58%\" height=\"19\">\n<p align=\"left\"><span style=\"font-family: Calibri; font-size: medium;\">EKS 314 \u0130\/\u0130\/\u0130<\/span><\/p>\n<\/td>\n<td width=\"42%\" height=\"19\">\n<p align=\"left\"><span style=\"font-family: Calibri; font-size: medium;\">4.05 &#8211; 3.10<\/span><\/p>\n<\/td>\n<\/tr>\n<tr>\n<td width=\"58%\" height=\"19\">\n<p align=\"left\"><span style=\"font-family: Calibri; font-size: medium;\">ESC214\/216Z<\/span><\/p>\n<\/td>\n<td width=\"42%\" height=\"19\">\n<p align=\"left\"><span style=\"font-family: Calibri; font-size: medium;\">8.09 &#8211;<\/span><\/p>\n<\/td>\n<\/tr>\n<tr>\n<td width=\"58%\" height=\"19\">\n<p align=\"left\"><span style=\"font-family: Calibri; font-size: medium;\">ESD220<\/span><\/p>\n<\/td>\n<td width=\"42%\" height=\"19\">\n<p align=\"left\"><span style=\"font-family: Calibri; font-size: medium;\">10.10 &#8211;<\/span><\/p>\n<\/td>\n<\/tr>\n<tr>\n<td width=\"58%\" height=\"19\">\n<p align=\"left\"><span style=\"font-family: Calibri; font-size: medium;\">EKD 220<\/span><\/p>\n<\/td>\n<td width=\"42%\" height=\"19\">\n<p align=\"left\"><span style=\"font-family: Calibri; font-size: medium;\">1.05 &#8211; 1.10<\/span><\/p>\n<\/td>\n<\/tr>\n<tr>\n<td width=\"58%\" height=\"19\">\n<p align=\"left\"><span style=\"font-family: Calibri; font-size: medium;\">DGD 220\/320<\/span><\/p>\n<\/td>\n<td width=\"42%\" height=\"19\">\n<p align=\"left\"><span style=\"font-family: Calibri; font-size: medium;\">2.10 &#8211;<\/span><\/p>\n<\/td>\n<\/tr>\n<tr>\n<td width=\"58%\" height=\"19\">\n<p align=\"left\"><span style=\"font-family: Calibri; font-size: medium;\">ESE420\/430<\/span><\/p>\n<\/td>\n<td width=\"42%\" height=\"19\">\n<p align=\"left\"><span style=\"font-family: Calibri; font-size: medium;\">5.05 &#8211; 7.09<\/span><\/p>\n<\/td>\n<\/tr>\n<tr>\n<td width=\"58%\" height=\"19\">\n<p align=\"left\"><span style=\"font-family: Calibri; font-size: medium;\">ESE420\/430<\/span><\/p>\n<\/td>\n<td width=\"42%\" height=\"19\">\n<p align=\"left\"><span style=\"font-family: Calibri; font-size: medium;\">7.09 &#8211;<\/span><\/p>\n<\/td>\n<\/tr>\n<tr>\n<td width=\"58%\" height=\"19\">\n<p align=\"left\"><span style=\"font-family: Calibri; font-size: medium;\">T\u00fcrk\u00e7e: 533<\/span><\/p>\n<\/td>\n<td width=\"42%\" height=\"19\">\n<p align=\"left\"><span style=\"font-family: Calibri; font-size: medium;\">3.10 &#8211;<\/span><\/p>\n<\/td>\n<\/tr>\n<tr>\n<td width=\"58%\" height=\"19\">\n<p align=\"left\"><span style=\"font-family: Calibri; font-size: medium;\">ETM\/V 214\/216<\/span><\/p>\n<\/td>\n<td width=\"42%\" height=\"19\">\n<p align=\"left\"><span style=\"font-family: Calibri; font-size: medium;\">12.03 &#8211;<\/span><\/p>\n<\/td>\n<\/tr>\n<tr>\n<td width=\"58%\" height=\"19\">\n<p align=\"left\"><span style=\"font-family: Calibri; font-size: medium;\">ETM\/V 214\/216 (ABD)<\/span><\/p>\n<\/td>\n<td width=\"42%\" height=\"19\">\n<p align=\"left\"><span style=\"font-family: Calibri; font-size: medium;\">1.11 &#8211;<\/span><\/p>\n<\/td>\n<\/tr>\n<tr>\n<td width=\"58%\" height=\"19\">\n<p align=\"left\"><span style=\"font-family: Calibri; font-size: medium;\">ETM\/V320\/325<\/span><\/p>\n<\/td>\n<td width=\"42%\" height=\"19\">\n<p align=\"left\"><span style=\"font-family: Calibri; font-size: medium;\">12.04 &#8211;<\/span><\/p>\n<\/td>\n<\/tr>\n<tr>\n<td width=\"58%\" height=\"19\">\n<p align=\"left\"><span style=\"font-family: Calibri; font-size: medium;\">ETM\/V 320\/325 (ABD)<\/span><\/p>\n<\/td>\n<td width=\"42%\" height=\"19\">\n<p align=\"left\"><span style=\"font-family: Calibri; font-size: medium;\">1.11 &#8211;<\/span><\/p>\n<\/td>\n<\/tr>\n<tr>\n<td width=\"58%\" height=\"19\">\n<p align=\"left\"><span style=\"font-family: Calibri; font-size: medium;\">ETR314\/320<\/span><\/p>\n<\/td>\n<td width=\"42%\" height=\"19\">\n<p align=\"left\"><span style=\"font-family: Calibri; font-size: medium;\">6.06 &#8211; 11.09<\/span><\/p>\n<\/td>\n<\/tr>\n<tr>\n<td width=\"58%\" height=\"19\">\n<p align=\"left\"><span style=\"font-family: Calibri; font-size: medium;\">ETV 110\/112<\/span><\/p>\n<\/td>\n<td width=\"42%\" height=\"19\">\n<p align=\"left\"><span style=\"font-family: Calibri; font-size: medium;\">11.05 &#8211;<\/span><\/p>\n<\/td>\n<\/tr>\n<tr>\n<td width=\"58%\" height=\"19\">\n<p align=\"left\"><span style=\"font-family: Calibri; font-size: medium;\">ETV 114\/116<\/span><\/p>\n<\/td>\n<td width=\"42%\" height=\"19\">\n<p align=\"left\"><span style=\"font-family: Calibri; font-size: medium;\">11.05 &#8211;<\/span><\/p>\n<\/td>\n<\/tr>\n<tr>\n<td width=\"58%\" height=\"19\">\n<p align=\"left\"><span style=\"font-family: Calibri; font-size: medium;\">ETV 114\/116 (ABD)<\/span><\/p>\n<\/td>\n<td width=\"42%\" height=\"19\">\n<p align=\"left\"><span style=\"font-family: Calibri; font-size: medium;\">1.11 &#8211;<\/span><\/p>\n<\/td>\n<\/tr>\n<tr>\n<td width=\"58%\" height=\"19\">\n<p align=\"left\"><span style=\"font-family: Calibri; font-size: medium;\">ETV C16<\/span><\/p>\n<\/td>\n<td width=\"42%\" height=\"19\">\n<p align=\"left\"><span style=\"font-family: Calibri; font-size: medium;\">6.08 &#8211;<\/span><\/p>\n<\/td>\n<\/tr>\n<tr>\n<td width=\"58%\" height=\"19\">\n<p align=\"left\"><span style=\"font-family: Calibri; font-size: medium;\">ETV C 16 (ABD)<\/span><\/p>\n<\/td>\n<td width=\"42%\" height=\"19\">\n<p align=\"left\"><span style=\"font-family: Calibri; font-size: medium;\">1.11 &#8211;<\/span><\/p>\n<\/td>\n<\/tr>\n<tr>\n<td width=\"58%\" height=\"19\">\n<p align=\"left\"><span style=\"font-family: Calibri; font-size: medium;\">ETV C20<\/span><\/p>\n<\/td>\n<td width=\"42%\" height=\"19\">\n<p align=\"left\"><span style=\"font-family: Calibri; font-size: medium;\">6.08 &#8211;<\/span><\/p>\n<\/td>\n<\/tr>\n<tr>\n<td width=\"58%\" height=\"19\">\n<p align=\"left\"><span style=\"font-family: Calibri; font-size: medium;\">ETV C 20 (ABD)<\/span><\/p>\n<\/td>\n<td width=\"42%\" height=\"19\">\n<p align=\"left\"><span style=\"font-family: Calibri; font-size: medium;\">1.11 &#8211;<\/span><\/p>\n<\/td>\n<\/tr>\n<tr>\n<td width=\"58%\" height=\"19\">\n<p align=\"left\"><span style=\"font-family: Calibri; font-size: medium;\">ETV110-112 (ABD)<\/span><\/p>\n<\/td>\n<td width=\"42%\" height=\"19\">\n<p align=\"left\"><span style=\"font-family: Calibri; font-size: medium;\">1.11 &#8211;<\/span><\/p>\n<\/td>\n<\/tr>\n<tr>\n<td width=\"58%\" height=\"19\">\n<p align=\"left\"><span style=\"font-family: Calibri; font-size: medium;\">ETVQ20\/25<\/span><\/p>\n<\/td>\n<td width=\"42%\" height=\"19\">\n<p align=\"left\"><span style=\"font-family: Calibri; font-size: medium;\">9.10 &#8211;<\/span><\/p>\n<\/td>\n<\/tr>\n<tr>\n<td width=\"58%\" height=\"19\">\n<p align=\"left\"><span style=\"font-family: Calibri; font-size: medium;\">ETVQ 20\/25 (ABD)<\/span><\/p>\n<\/td>\n<td width=\"42%\" height=\"19\">\n<p align=\"left\"><span style=\"font-family: Calibri; font-size: medium;\">1.11 &#8211;<\/span><\/p>\n<\/td>\n<\/tr>\n<\/tbody>\n<\/table>\n<p><\/p>","protected":false},"excerpt":{"rendered":"<p data-start=\"0\" data-end=\"283\"><br data-start=\"2270\" data-end=\"2273\" \/>Le <strong data-start=\"2276\" data-end=\"2312\">bouton de direction Jungheinrich<\/strong> utilis\u00e9 sur les chariots \u00e9l\u00e9vateurs est un bouton de commande ergonomique et durable con\u00e7u pour am\u00e9liorer le contr\u00f4le de la direction par l\u2019op\u00e9rateur. Fabriqu\u00e9 avec des mat\u00e9riaux de haute qualit\u00e9, il est durable et am\u00e9liore le confort de conduite.<\/p>\n<p data-start=\"2562\" data-end=\"2863\"><strong data-start=\"2562\" data-end=\"2584\">Caract\u00e9ristiques :<\/strong><br data-start=\"2584\" data-end=\"2587\" \/><strong data-start=\"2587\" data-end=\"2607\">Nom du produit :<\/strong> Bouton de direction Jungheinrich<br data-start=\"2640\" data-end=\"2643\" \/><strong data-start=\"2643\" data-end=\"2658\">R\u00e9f\u00e9rence :<\/strong> 51134300<br data-start=\"2667\" data-end=\"2670\" \/><strong data-start=\"2670\" data-end=\"2684\">Mat\u00e9riau :<\/strong> Plastique durable et m\u00e9tal<br data-start=\"2711\" data-end=\"2714\" \/><strong data-start=\"2714\" data-end=\"2738\">Zone d\u2019utilisation :<\/strong> Syst\u00e8mes de direction pour chariots Jungheinrich<br data-start=\"2787\" data-end=\"2790\" \/><strong data-start=\"2790\" data-end=\"2804\">Avantage :<\/strong> Design ergonomique, contr\u00f4le facile, longue dur\u00e9e de vie<\/p>\n<p data-start=\"2865\" data-end=\"3164\">\n","protected":false},"featured_media":15112,"template":"","meta":[],"product_brand":[],"product_cat":[236,450,470,522],"product_tag":[],"class_list":{"0":"post-15110","1":"product","2":"type-product","3":"status-publish","4":"has-post-thumbnail","6":"product_cat-jungheinrich","7":"product_cat-direksiyon-sistemleri","8":"product_cat-diger-yedek-parcalar","9":"product_cat-yedek-parca-jungheinrich","11":"first","12":"instock","13":"taxable","14":"shipping-taxable","15":"purchasable","16":"product-type-simple"},"_links":{"self":[{"href":"https:\/\/ceoparts.com\/fr\/wp-json\/wp\/v2\/product\/15110","targetHints":{"allow":["GET"]}}],"collection":[{"href":"https:\/\/ceoparts.com\/fr\/wp-json\/wp\/v2\/product"}],"about":[{"href":"https:\/\/ceoparts.com\/fr\/wp-json\/wp\/v2\/types\/product"}],"wp:featuredmedia":[{"embeddable":true,"href":"https:\/\/ceoparts.com\/fr\/wp-json\/wp\/v2\/media\/15112"}],"wp:attachment":[{"href":"https:\/\/ceoparts.com\/fr\/wp-json\/wp\/v2\/media?parent=15110"}],"wp:term":[{"taxonomy":"product_brand","embeddable":true,"href":"https:\/\/ceoparts.com\/fr\/wp-json\/wp\/v2\/product_brand?post=15110"},{"taxonomy":"product_cat","embeddable":true,"href":"https:\/\/ceoparts.com\/fr\/wp-json\/wp\/v2\/product_cat?post=15110"},{"taxonomy":"product_tag","embeddable":true,"href":"https:\/\/ceoparts.com\/fr\/wp-json\/wp\/v2\/product_tag?post=15110"}],"curies":[{"name":"wp","href":"https:\/\/api.w.org\/{rel}","templated":true}]}}