{"id":15114,"date":"2025-02-19T14:20:27","date_gmt":"2025-02-19T11:20:27","guid":{"rendered":"https:\/\/ceoparts.com\/?post_type=product&#038;p=15114"},"modified":"2026-05-16T14:07:41","modified_gmt":"2026-05-16T11:07:41","slug":"still-fmx-direksiyon-topuzu-163524","status":"publish","type":"product","link":"https:\/\/ceoparts.com\/fr\/urun\/still-fmx-direksiyon-topuzu-163524\/","title":{"rendered":"Still FMX Bouton de direction &#8211; 163524"},"content":{"rendered":"<p>Still FMX Bouton de direction &#8211; 163524<\/p>\n<p><\/p>","protected":false},"excerpt":{"rendered":"<p data-start=\"0\" data-end=\"280\"><br data-start=\"2226\" data-end=\"2229\" \/>Le <strong data-start=\"2232\" data-end=\"2265\">bouton de direction Still FMX<\/strong> utilis\u00e9 sur les chariots \u00e9l\u00e9vateurs est un bouton de commande ergonomique et durable con\u00e7u pour am\u00e9liorer le contr\u00f4le de la direction par l\u2019op\u00e9rateur. Fabriqu\u00e9 avec des mat\u00e9riaux de haute qualit\u00e9, il est durable et am\u00e9liore le confort de conduite.<\/p>\n<p data-start=\"2515\" data-end=\"2808\"><strong data-start=\"2515\" data-end=\"2537\">Caract\u00e9ristiques :<\/strong><br data-start=\"2537\" data-end=\"2540\" \/><strong data-start=\"2540\" data-end=\"2560\">Nom du produit :<\/strong> Bouton de direction Still FMX<br data-start=\"2590\" data-end=\"2593\" \/><strong data-start=\"2593\" data-end=\"2608\">R\u00e9f\u00e9rence :<\/strong> 163524<br data-start=\"2615\" data-end=\"2618\" \/><strong data-start=\"2618\" data-end=\"2632\">Mat\u00e9riau :<\/strong> Plastique durable et m\u00e9tal<br data-start=\"2659\" data-end=\"2662\" \/><strong data-start=\"2662\" data-end=\"2686\">Zone d\u2019utilisation :<\/strong> Syst\u00e8mes de direction pour chariots Still FMX<br data-start=\"2732\" data-end=\"2735\" \/><strong data-start=\"2735\" data-end=\"2749\">Avantage :<\/strong> Design ergonomique, contr\u00f4le facile, longue dur\u00e9e de vie<\/p>\n<p data-start=\"2810\" data-end=\"3106\">\n","protected":false},"featured_media":20927,"template":"","meta":[],"product_brand":[],"product_cat":[241,450,470,524],"product_tag":[],"class_list":{"0":"post-15114","1":"product","2":"type-product","3":"status-publish","4":"has-post-thumbnail","6":"product_cat-still","7":"product_cat-direksiyon-sistemleri","8":"product_cat-diger-yedek-parcalar","9":"product_cat-yedek-parca-still","11":"first","12":"instock","13":"taxable","14":"shipping-taxable","15":"purchasable","16":"product-type-simple"},"_links":{"self":[{"href":"https:\/\/ceoparts.com\/fr\/wp-json\/wp\/v2\/product\/15114","targetHints":{"allow":["GET"]}}],"collection":[{"href":"https:\/\/ceoparts.com\/fr\/wp-json\/wp\/v2\/product"}],"about":[{"href":"https:\/\/ceoparts.com\/fr\/wp-json\/wp\/v2\/types\/product"}],"wp:featuredmedia":[{"embeddable":true,"href":"https:\/\/ceoparts.com\/fr\/wp-json\/wp\/v2\/media\/20927"}],"wp:attachment":[{"href":"https:\/\/ceoparts.com\/fr\/wp-json\/wp\/v2\/media?parent=15114"}],"wp:term":[{"taxonomy":"product_brand","embeddable":true,"href":"https:\/\/ceoparts.com\/fr\/wp-json\/wp\/v2\/product_brand?post=15114"},{"taxonomy":"product_cat","embeddable":true,"href":"https:\/\/ceoparts.com\/fr\/wp-json\/wp\/v2\/product_cat?post=15114"},{"taxonomy":"product_tag","embeddable":true,"href":"https:\/\/ceoparts.com\/fr\/wp-json\/wp\/v2\/product_tag?post=15114"}],"curies":[{"name":"wp","href":"https:\/\/api.w.org\/{rel}","templated":true}]}}