{"id":15119,"date":"2025-02-19T14:32:39","date_gmt":"2025-02-19T11:32:39","guid":{"rendered":"https:\/\/ceoparts.com\/?post_type=product&#038;p=15119"},"modified":"2026-05-16T19:51:57","modified_gmt":"2026-05-16T16:51:57","slug":"jungheinrich-eje116-kol-alti-baglanti-aparati-51650276","status":"publish","type":"product","link":"https:\/\/ceoparts.com\/fr\/urun\/jungheinrich-eje116-kol-alti-baglanti-aparati-51650276\/","title":{"rendered":"Jungheinrich Eje116 Support de connexion de bras &#8211; 51650276"},"content":{"rendered":"<p>Jungheinrich Eje116 Support de connexion de bras &#8211; 51650276<\/p>","protected":false},"excerpt":{"rendered":"<p data-start=\"0\" data-end=\"306\"><br data-start=\"2511\" data-end=\"2514\" \/>Le <strong data-start=\"2517\" data-end=\"2579\">support de connexion du bras inf\u00e9rieur Jungheinrich Eje116<\/strong> utilis\u00e9 sur les chariots \u00e9l\u00e9vateurs est un support robuste qui assure une connexion solide et un soutien dans les m\u00e9canismes du bras inf\u00e9rieur du chariot. Fabriqu\u00e9 avec des mat\u00e9riaux de haute qualit\u00e9, il am\u00e9liore la performance m\u00e9canique et offre une longue dur\u00e9e de vie.<\/p>\n<p data-start=\"2853\" data-end=\"3197\"><strong data-start=\"2853\" data-end=\"2875\">Caract\u00e9ristiques :<\/strong><br data-start=\"2875\" data-end=\"2878\" \/><strong data-start=\"2878\" data-end=\"2898\">Nom du produit :<\/strong> Support de connexion du bras inf\u00e9rieur Jungheinrich Eje116<br data-start=\"2957\" data-end=\"2960\" \/><strong data-start=\"2960\" data-end=\"2975\">R\u00e9f\u00e9rence :<\/strong> 51650276<br data-start=\"2984\" data-end=\"2987\" \/><strong data-start=\"2987\" data-end=\"3001\">Mat\u00e9riau :<\/strong> Alliage m\u00e9tallique durable<br data-start=\"3028\" data-end=\"3031\" \/><strong data-start=\"3031\" data-end=\"3055\">Zone d\u2019utilisation :<\/strong> Syst\u00e8mes de connexion du bras inf\u00e9rieur pour chariots Jungheinrich<br data-start=\"3122\" data-end=\"3125\" \/><strong data-start=\"3125\" data-end=\"3139\">Avantage :<\/strong> Connexion solide, haute durabilit\u00e9, longue dur\u00e9e de vie<\/p>\n<p data-start=\"3199\" data-end=\"3532\">\n","protected":false},"featured_media":15122,"template":"","meta":[],"product_brand":[],"product_cat":[236,470,522],"product_tag":[],"class_list":{"0":"post-15119","1":"product","2":"type-product","3":"status-publish","4":"has-post-thumbnail","6":"product_cat-jungheinrich","7":"product_cat-diger-yedek-parcalar","8":"product_cat-yedek-parca-jungheinrich","10":"first","11":"instock","12":"taxable","13":"shipping-taxable","14":"purchasable","15":"product-type-simple"},"_links":{"self":[{"href":"https:\/\/ceoparts.com\/fr\/wp-json\/wp\/v2\/product\/15119","targetHints":{"allow":["GET"]}}],"collection":[{"href":"https:\/\/ceoparts.com\/fr\/wp-json\/wp\/v2\/product"}],"about":[{"href":"https:\/\/ceoparts.com\/fr\/wp-json\/wp\/v2\/types\/product"}],"wp:featuredmedia":[{"embeddable":true,"href":"https:\/\/ceoparts.com\/fr\/wp-json\/wp\/v2\/media\/15122"}],"wp:attachment":[{"href":"https:\/\/ceoparts.com\/fr\/wp-json\/wp\/v2\/media?parent=15119"}],"wp:term":[{"taxonomy":"product_brand","embeddable":true,"href":"https:\/\/ceoparts.com\/fr\/wp-json\/wp\/v2\/product_brand?post=15119"},{"taxonomy":"product_cat","embeddable":true,"href":"https:\/\/ceoparts.com\/fr\/wp-json\/wp\/v2\/product_cat?post=15119"},{"taxonomy":"product_tag","embeddable":true,"href":"https:\/\/ceoparts.com\/fr\/wp-json\/wp\/v2\/product_tag?post=15119"}],"curies":[{"name":"wp","href":"https:\/\/api.w.org\/{rel}","templated":true}]}}