{"id":15133,"date":"2025-02-19T14:56:50","date_gmt":"2025-02-19T11:56:50","guid":{"rendered":"https:\/\/ceoparts.com\/?post_type=product&#038;p=15133"},"modified":"2026-05-16T17:35:48","modified_gmt":"2026-05-16T14:35:48","slug":"bt-toyota-lwe-swe-direksiyon-kolu-konsol-destegi-7619145-236916-7564532","status":"publish","type":"product","link":"https:\/\/ceoparts.com\/fr\/urun\/bt-toyota-lwe-swe-direksiyon-kolu-konsol-destegi-7619145-236916-7564532\/","title":{"rendered":"Support de console de levier de direction BT Toyota LWE\/SWE \u2013 7619145, 236916, 7564532"},"content":{"rendered":"<p>Support de console de levier de direction BT Toyota LWE\/SWE \u2013 7619145, 236916, 7564532<\/p>\n<p>SWE 080L<br \/>\nSWE 100<br \/>\nSWE 120<br \/>\nSWE 120L SWE<br \/>\n120S<br \/>\nSWE 140<br \/>\nSWE 140L<br \/>\nSWE 200D<br \/>\nLWE 140<br \/>\nLWE 160<br \/>\nLWE 180<br \/>\nLWE 200<br \/>\nLWE 250<\/p>","protected":false},"excerpt":{"rendered":"<p data-start=\"0\" data-end=\"357\"><br data-start=\"2563\" data-end=\"2566\" \/>Le <strong data-start=\"2569\" data-end=\"2633\">support de console de poign\u00e9e de direction BT Toyota LWE\/SWE<\/strong> utilis\u00e9 sur les chariots \u00e9l\u00e9vateurs est une pi\u00e8ce robuste qui fixe solidement la poign\u00e9e de direction. Il am\u00e9liore le confort de l\u2019op\u00e9rateur et minimise les vibrations et mouvements de la poign\u00e9e. Fabriqu\u00e9 avec des mat\u00e9riaux de haute qualit\u00e9, il est con\u00e7u pour une utilisation durable.<\/p>\n<p data-start=\"2921\" data-end=\"3276\"><strong data-start=\"2921\" data-end=\"2943\">Caract\u00e9ristiques :<\/strong><br data-start=\"2943\" data-end=\"2946\" \/><strong data-start=\"2946\" data-end=\"2966\">Nom du produit :<\/strong> Support de console de poign\u00e9e de direction BT Toyota LWE\/SWE<br data-start=\"3027\" data-end=\"3030\" \/><strong data-start=\"3030\" data-end=\"3045\">R\u00e9f\u00e9rence :<\/strong> Non sp\u00e9cifi\u00e9e<br data-start=\"3059\" data-end=\"3062\" \/><strong data-start=\"3062\" data-end=\"3076\">Mat\u00e9riau :<\/strong> Alliage m\u00e9tallique durable<br data-start=\"3103\" data-end=\"3106\" \/><strong data-start=\"3106\" data-end=\"3130\">Zone d\u2019utilisation :<\/strong> Syst\u00e8mes de poign\u00e9e de direction pour mod\u00e8les Toyota LWE\/SWE<br data-start=\"3191\" data-end=\"3194\" \/><strong data-start=\"3194\" data-end=\"3208\">Avantage :<\/strong> Fixation s\u00e9curis\u00e9e, r\u00e9duction des vibrations, longue dur\u00e9e de vie<\/p>\n<p data-start=\"3278\" data-end=\"3589\">\n","protected":false},"featured_media":15135,"template":"","meta":[],"product_brand":[],"product_cat":[251,470,518,521,530],"product_tag":[],"class_list":{"0":"post-15133","1":"product","2":"type-product","3":"status-publish","4":"has-post-thumbnail","6":"product_cat-bt","7":"product_cat-diger-yedek-parcalar","8":"product_cat-yedek-parca-bt","9":"product_cat-toyota","10":"product_cat-yedek-parca-toyota","12":"first","13":"instock","14":"taxable","15":"shipping-taxable","16":"purchasable","17":"product-type-simple"},"_links":{"self":[{"href":"https:\/\/ceoparts.com\/fr\/wp-json\/wp\/v2\/product\/15133","targetHints":{"allow":["GET"]}}],"collection":[{"href":"https:\/\/ceoparts.com\/fr\/wp-json\/wp\/v2\/product"}],"about":[{"href":"https:\/\/ceoparts.com\/fr\/wp-json\/wp\/v2\/types\/product"}],"wp:featuredmedia":[{"embeddable":true,"href":"https:\/\/ceoparts.com\/fr\/wp-json\/wp\/v2\/media\/15135"}],"wp:attachment":[{"href":"https:\/\/ceoparts.com\/fr\/wp-json\/wp\/v2\/media?parent=15133"}],"wp:term":[{"taxonomy":"product_brand","embeddable":true,"href":"https:\/\/ceoparts.com\/fr\/wp-json\/wp\/v2\/product_brand?post=15133"},{"taxonomy":"product_cat","embeddable":true,"href":"https:\/\/ceoparts.com\/fr\/wp-json\/wp\/v2\/product_cat?post=15133"},{"taxonomy":"product_tag","embeddable":true,"href":"https:\/\/ceoparts.com\/fr\/wp-json\/wp\/v2\/product_tag?post=15133"}],"curies":[{"name":"wp","href":"https:\/\/api.w.org\/{rel}","templated":true}]}}