{"id":15143,"date":"2025-02-19T15:06:46","date_gmt":"2025-02-19T12:06:46","guid":{"rendered":"https:\/\/ceoparts.com\/?post_type=product&#038;p=15143"},"modified":"2026-05-16T18:34:30","modified_gmt":"2026-05-16T15:34:30","slug":"still-potansiyometre-8408841","status":"publish","type":"product","link":"https:\/\/ceoparts.com\/fr\/urun\/still-potansiyometre-8408841\/","title":{"rendered":"Still Potentiom\u00e8tre &#8211; 8408841"},"content":{"rendered":"<p>Still Potentiom\u00e8tre &#8211; 8408841<\/p>\n<p>Still 408841, 8408841<\/p>\n<p>Linde 7916497904<\/p>\n<p>FM-X 12<\/p>\n<p>EK 11<\/p>\n<p>EK 12<\/p>","protected":false},"excerpt":{"rendered":"<p data-start=\"0\" data-end=\"303\"><br data-start=\"2356\" data-end=\"2359\" \/>Le <strong data-start=\"2362\" data-end=\"2385\">potentiom\u00e8tre Still<\/strong> utilis\u00e9 sur les chariots \u00e9l\u00e9vateurs est un composant durable et fiable con\u00e7u pour fournir un r\u00e9glage pr\u00e9cis et un contr\u00f4le dans divers syst\u00e8mes de contr\u00f4le \u00e9lectrique du chariot. Fabriqu\u00e9 avec des mat\u00e9riaux de haute qualit\u00e9, il est durable et r\u00e9sistant aux conditions de travail difficiles.<\/p>\n<p data-start=\"2678\" data-end=\"2980\"><strong data-start=\"2678\" data-end=\"2700\">Caract\u00e9ristiques :<\/strong><br data-start=\"2700\" data-end=\"2703\" \/><strong data-start=\"2703\" data-end=\"2723\">Nom du produit :<\/strong> Potentiom\u00e8tre Still<br data-start=\"2743\" data-end=\"2746\" \/><strong data-start=\"2746\" data-end=\"2761\">R\u00e9f\u00e9rence :<\/strong> 8408841<br data-start=\"2769\" data-end=\"2772\" \/><strong data-start=\"2772\" data-end=\"2786\">Mat\u00e9riau :<\/strong> Composants \u00e9lectroniques durables<br data-start=\"2820\" data-end=\"2823\" \/><strong data-start=\"2823\" data-end=\"2847\">Zone d\u2019utilisation :<\/strong> Syst\u00e8mes de contr\u00f4le \u00e9lectrique pour chariots \u00e9l\u00e9vateurs<br data-start=\"2904\" data-end=\"2907\" \/><strong data-start=\"2907\" data-end=\"2921\">Avantage :<\/strong> Contr\u00f4le pr\u00e9cis, longue dur\u00e9e de vie, performance fiable<\/p>\n<p data-start=\"2982\" data-end=\"3311\">\n","protected":false},"featured_media":15145,"template":"","meta":[],"product_brand":[],"product_cat":[241,246,470,523,524],"product_tag":[],"class_list":{"0":"post-15143","1":"product","2":"type-product","3":"status-publish","4":"has-post-thumbnail","6":"product_cat-still","7":"product_cat-linde","8":"product_cat-diger-yedek-parcalar","9":"product_cat-yedek-parca-linde","10":"product_cat-yedek-parca-still","12":"first","13":"instock","14":"taxable","15":"shipping-taxable","16":"purchasable","17":"product-type-simple"},"_links":{"self":[{"href":"https:\/\/ceoparts.com\/fr\/wp-json\/wp\/v2\/product\/15143","targetHints":{"allow":["GET"]}}],"collection":[{"href":"https:\/\/ceoparts.com\/fr\/wp-json\/wp\/v2\/product"}],"about":[{"href":"https:\/\/ceoparts.com\/fr\/wp-json\/wp\/v2\/types\/product"}],"wp:featuredmedia":[{"embeddable":true,"href":"https:\/\/ceoparts.com\/fr\/wp-json\/wp\/v2\/media\/15145"}],"wp:attachment":[{"href":"https:\/\/ceoparts.com\/fr\/wp-json\/wp\/v2\/media?parent=15143"}],"wp:term":[{"taxonomy":"product_brand","embeddable":true,"href":"https:\/\/ceoparts.com\/fr\/wp-json\/wp\/v2\/product_brand?post=15143"},{"taxonomy":"product_cat","embeddable":true,"href":"https:\/\/ceoparts.com\/fr\/wp-json\/wp\/v2\/product_cat?post=15143"},{"taxonomy":"product_tag","embeddable":true,"href":"https:\/\/ceoparts.com\/fr\/wp-json\/wp\/v2\/product_tag?post=15143"}],"curies":[{"name":"wp","href":"https:\/\/api.w.org\/{rel}","templated":true}]}}