{"id":15148,"date":"2025-02-19T15:13:50","date_gmt":"2025-02-19T12:13:50","guid":{"rendered":"https:\/\/ceoparts.com\/?post_type=product&#038;p=15148"},"modified":"2026-05-16T08:33:36","modified_gmt":"2026-05-16T05:33:36","slug":"bt-lwe-sensor-karsiligi-7500317","status":"publish","type":"product","link":"https:\/\/ceoparts.com\/fr\/urun\/bt-lwe-sensor-karsiligi-7500317\/","title":{"rendered":"BT LWE \u00c9quivalent du capteur &#8211; 7500317"},"content":{"rendered":"<p>BT LWE \u00c9quivalent du capteur &#8211; 7500317<\/p>","protected":false},"excerpt":{"rendered":"<p data-start=\"0\" data-end=\"320\"><br data-start=\"2330\" data-end=\"2333\" \/>Le <strong data-start=\"2336\" data-end=\"2370\">contrepartie du capteur BT LWE<\/strong> utilis\u00e9 sur les chariots \u00e9l\u00e9vateurs est une pi\u00e8ce durable qui garantit le fonctionnement pr\u00e9cis et fiable des capteurs sur le chariot. Elle am\u00e9liore la pr\u00e9cision de d\u00e9tection des capteurs. Fabriqu\u00e9e avec des mat\u00e9riaux de haute qualit\u00e9, elle est durable et r\u00e9sistante aux conditions de travail difficiles.<\/p>\n<p data-start=\"2677\" data-end=\"2981\"><strong data-start=\"2677\" data-end=\"2699\">Caract\u00e9ristiques :<\/strong><br data-start=\"2699\" data-end=\"2702\" \/><strong data-start=\"2702\" data-end=\"2722\">Nom du produit :<\/strong> Contrepartie du capteur BT LWE<br data-start=\"2753\" data-end=\"2756\" \/><strong data-start=\"2756\" data-end=\"2771\">R\u00e9f\u00e9rence :<\/strong> 7500317<br data-start=\"2779\" data-end=\"2782\" \/><strong data-start=\"2782\" data-end=\"2796\">Mat\u00e9riau :<\/strong> Plastique\/metal durable<br data-start=\"2820\" data-end=\"2823\" \/><strong data-start=\"2823\" data-end=\"2847\">Zone d\u2019utilisation :<\/strong> Syst\u00e8mes de capteurs pour chariots \u00e9l\u00e9vateurs<br data-start=\"2893\" data-end=\"2896\" \/><strong data-start=\"2896\" data-end=\"2910\">Avantage :<\/strong> Haute pr\u00e9cision de d\u00e9tection, structure durable, longue dur\u00e9e de vie<\/p>\n<p data-start=\"2983\" data-end=\"3321\">\n","protected":false},"featured_media":15150,"template":"","meta":[],"product_brand":[],"product_cat":[251,470,518],"product_tag":[],"class_list":{"0":"post-15148","1":"product","2":"type-product","3":"status-publish","4":"has-post-thumbnail","6":"product_cat-bt","7":"product_cat-diger-yedek-parcalar","8":"product_cat-yedek-parca-bt","10":"first","11":"instock","12":"taxable","13":"shipping-taxable","14":"purchasable","15":"product-type-simple"},"_links":{"self":[{"href":"https:\/\/ceoparts.com\/fr\/wp-json\/wp\/v2\/product\/15148","targetHints":{"allow":["GET"]}}],"collection":[{"href":"https:\/\/ceoparts.com\/fr\/wp-json\/wp\/v2\/product"}],"about":[{"href":"https:\/\/ceoparts.com\/fr\/wp-json\/wp\/v2\/types\/product"}],"wp:featuredmedia":[{"embeddable":true,"href":"https:\/\/ceoparts.com\/fr\/wp-json\/wp\/v2\/media\/15150"}],"wp:attachment":[{"href":"https:\/\/ceoparts.com\/fr\/wp-json\/wp\/v2\/media?parent=15148"}],"wp:term":[{"taxonomy":"product_brand","embeddable":true,"href":"https:\/\/ceoparts.com\/fr\/wp-json\/wp\/v2\/product_brand?post=15148"},{"taxonomy":"product_cat","embeddable":true,"href":"https:\/\/ceoparts.com\/fr\/wp-json\/wp\/v2\/product_cat?post=15148"},{"taxonomy":"product_tag","embeddable":true,"href":"https:\/\/ceoparts.com\/fr\/wp-json\/wp\/v2\/product_tag?post=15148"}],"curies":[{"name":"wp","href":"https:\/\/api.w.org\/{rel}","templated":true}]}}