{"id":15159,"date":"2025-02-20T08:57:33","date_gmt":"2025-02-20T05:57:33","guid":{"rendered":"https:\/\/ceoparts.com\/?post_type=product&#038;p=15159"},"modified":"2026-05-16T11:45:58","modified_gmt":"2026-05-16T08:45:58","slug":"bt-reach-truck-reach-cetvel-seti","status":"publish","type":"product","link":"https:\/\/ceoparts.com\/fr\/urun\/bt-reach-truck-reach-cetvel-seti\/","title":{"rendered":"Kit de m\u00e2t Reach BT Reach Truck"},"content":{"rendered":"<p>Kit de m\u00e2t Reach BT Reach Truck<\/p>","protected":false},"excerpt":{"rendered":"<p data-start=\"0\" data-end=\"370\"><br data-start=\"2612\" data-end=\"2615\" \/>Le <strong data-start=\"2618\" data-end=\"2656\">set de r\u00e8gles BT Reach Truck Reach<\/strong> utilis\u00e9 sur les chariots \u00e9l\u00e9vateurs est un ensemble robuste et pratique con\u00e7u pour aider \u00e0 la mesure pr\u00e9cise et au positionnement dans la zone de travail des chariots t\u00e9lescopiques. Il am\u00e9liore la pr\u00e9cision des mesures, permettant aux op\u00e9rateurs de travailler efficacement et en toute s\u00e9curit\u00e9. Fabriqu\u00e9 avec des mat\u00e9riaux durables et facile \u00e0 utiliser.<\/p>\n<p data-start=\"3012\" data-end=\"3322\"><strong data-start=\"3012\" data-end=\"3034\">Caract\u00e9ristiques :<\/strong><br data-start=\"3034\" data-end=\"3037\" \/><strong data-start=\"3037\" data-end=\"3057\">Nom du produit :<\/strong> Set de r\u00e8gles BT Reach Truck Reach<br data-start=\"3092\" data-end=\"3095\" \/><strong data-start=\"3095\" data-end=\"3110\">R\u00e9f\u00e9rence :<\/strong> Non sp\u00e9cifi\u00e9e<br data-start=\"3124\" data-end=\"3127\" \/><strong data-start=\"3127\" data-end=\"3141\">Mat\u00e9riau :<\/strong> Plastique et m\u00e9tal durables<br data-start=\"3169\" data-end=\"3172\" \/><strong data-start=\"3172\" data-end=\"3196\">Zone d\u2019utilisation :<\/strong> Mesure et positionnement pour chariots t\u00e9lescopiques<br data-start=\"3249\" data-end=\"3252\" \/><strong data-start=\"3252\" data-end=\"3266\">Avantage :<\/strong> Haute pr\u00e9cision, structure durable, facile \u00e0 utiliser<\/p>\n<p data-start=\"3324\" data-end=\"3710\">\n","protected":false},"featured_media":15160,"template":"","meta":[],"product_brand":[],"product_cat":[251,470,518],"product_tag":[],"class_list":{"0":"post-15159","1":"product","2":"type-product","3":"status-publish","4":"has-post-thumbnail","6":"product_cat-bt","7":"product_cat-diger-yedek-parcalar","8":"product_cat-yedek-parca-bt","10":"first","11":"instock","12":"taxable","13":"shipping-taxable","14":"purchasable","15":"product-type-simple"},"_links":{"self":[{"href":"https:\/\/ceoparts.com\/fr\/wp-json\/wp\/v2\/product\/15159","targetHints":{"allow":["GET"]}}],"collection":[{"href":"https:\/\/ceoparts.com\/fr\/wp-json\/wp\/v2\/product"}],"about":[{"href":"https:\/\/ceoparts.com\/fr\/wp-json\/wp\/v2\/types\/product"}],"wp:featuredmedia":[{"embeddable":true,"href":"https:\/\/ceoparts.com\/fr\/wp-json\/wp\/v2\/media\/15160"}],"wp:attachment":[{"href":"https:\/\/ceoparts.com\/fr\/wp-json\/wp\/v2\/media?parent=15159"}],"wp:term":[{"taxonomy":"product_brand","embeddable":true,"href":"https:\/\/ceoparts.com\/fr\/wp-json\/wp\/v2\/product_brand?post=15159"},{"taxonomy":"product_cat","embeddable":true,"href":"https:\/\/ceoparts.com\/fr\/wp-json\/wp\/v2\/product_cat?post=15159"},{"taxonomy":"product_tag","embeddable":true,"href":"https:\/\/ceoparts.com\/fr\/wp-json\/wp\/v2\/product_tag?post=15159"}],"curies":[{"name":"wp","href":"https:\/\/api.w.org\/{rel}","templated":true}]}}