{"id":15162,"date":"2025-02-20T09:09:46","date_gmt":"2025-02-20T06:09:46","guid":{"rendered":"https:\/\/ceoparts.com\/?post_type=product&#038;p=15162"},"modified":"2026-05-16T12:13:46","modified_gmt":"2026-05-16T09:13:46","slug":"aku-pompasi-6l-34894","status":"publish","type":"product","link":"https:\/\/ceoparts.com\/fr\/urun\/aku-pompasi-6l-34894\/","title":{"rendered":"Pompe \u00e0 batterie 6L &#8211; 34894"},"content":{"rendered":"<p>Pompe \u00e0 batterie 6L &#8211; 34894<\/p>","protected":false},"excerpt":{"rendered":"<p data-start=\"0\" data-end=\"307\"><br data-start=\"2515\" data-end=\"2518\" \/>La <strong data-start=\"2521\" data-end=\"2545\">pompe de batterie 6L<\/strong> utilis\u00e9e sur les chariots \u00e9l\u00e9vateurs est un mod\u00e8le de pompe robuste et efficace con\u00e7u pour transf\u00e9rer les liquides en toute s\u00e9curit\u00e9 et de mani\u00e8re contr\u00f4l\u00e9e dans les syst\u00e8mes de batterie des chariots. Sa capacit\u00e9 de 6 litres offre de hautes performances. Facile \u00e0 installer et durable, elle soutient l\u2019entretien des batteries de chariots \u00e9l\u00e9vateurs.<\/p>\n<p data-start=\"2897\" data-end=\"3223\"><strong data-start=\"2897\" data-end=\"2919\">Caract\u00e9ristiques :<\/strong><br data-start=\"2919\" data-end=\"2922\" \/><strong data-start=\"2922\" data-end=\"2942\">Nom du produit :<\/strong> Pompe de batterie 6L<br data-start=\"2963\" data-end=\"2966\" \/><strong data-start=\"2966\" data-end=\"2981\">R\u00e9f\u00e9rence :<\/strong> 34894<br data-start=\"2987\" data-end=\"2990\" \/><strong data-start=\"2990\" data-end=\"3004\">Mat\u00e9riau :<\/strong> Plastique et m\u00e9tal durables<br data-start=\"3032\" data-end=\"3035\" \/><strong data-start=\"3035\" data-end=\"3059\">Zone d\u2019utilisation :<\/strong> Syst\u00e8mes de transfert de liquide des batteries de chariots \u00e9l\u00e9vateurs<br data-start=\"3129\" data-end=\"3132\" \/><strong data-start=\"3132\" data-end=\"3146\">Avantage :<\/strong> Grande capacit\u00e9, transfert de liquide s\u00fbr et contr\u00f4l\u00e9, longue dur\u00e9e de vie<\/p>\n<p data-start=\"3225\" data-end=\"3586\">\n","protected":false},"featured_media":15166,"template":"","meta":[],"product_brand":[],"product_cat":[443,470],"product_tag":[],"class_list":{"0":"post-15162","1":"product","2":"type-product","3":"status-publish","4":"has-post-thumbnail","6":"product_cat-aku-parcalari","7":"product_cat-diger-yedek-parcalar","9":"first","10":"instock","11":"taxable","12":"shipping-taxable","13":"purchasable","14":"product-type-simple"},"_links":{"self":[{"href":"https:\/\/ceoparts.com\/fr\/wp-json\/wp\/v2\/product\/15162","targetHints":{"allow":["GET"]}}],"collection":[{"href":"https:\/\/ceoparts.com\/fr\/wp-json\/wp\/v2\/product"}],"about":[{"href":"https:\/\/ceoparts.com\/fr\/wp-json\/wp\/v2\/types\/product"}],"wp:featuredmedia":[{"embeddable":true,"href":"https:\/\/ceoparts.com\/fr\/wp-json\/wp\/v2\/media\/15166"}],"wp:attachment":[{"href":"https:\/\/ceoparts.com\/fr\/wp-json\/wp\/v2\/media?parent=15162"}],"wp:term":[{"taxonomy":"product_brand","embeddable":true,"href":"https:\/\/ceoparts.com\/fr\/wp-json\/wp\/v2\/product_brand?post=15162"},{"taxonomy":"product_cat","embeddable":true,"href":"https:\/\/ceoparts.com\/fr\/wp-json\/wp\/v2\/product_cat?post=15162"},{"taxonomy":"product_tag","embeddable":true,"href":"https:\/\/ceoparts.com\/fr\/wp-json\/wp\/v2\/product_tag?post=15162"}],"curies":[{"name":"wp","href":"https:\/\/api.w.org\/{rel}","templated":true}]}}