{"id":15167,"date":"2025-02-20T09:15:39","date_gmt":"2025-02-20T06:15:39","guid":{"rendered":"https:\/\/ceoparts.com\/?post_type=product&#038;p=15167"},"modified":"2026-05-16T15:28:51","modified_gmt":"2026-05-16T12:28:51","slug":"still-tilt-sembol-653461","status":"publish","type":"product","link":"https:\/\/ceoparts.com\/fr\/urun\/still-tilt-sembol-653461\/","title":{"rendered":"Symbole d&#8217;inclinaison Still &#8211; 653461"},"content":{"rendered":"<p>Symbole d&#8217;inclinaison Still &#8211; 653461<\/p>","protected":false},"excerpt":{"rendered":"<p data-start=\"0\" data-end=\"303\"><br data-start=\"2301\" data-end=\"2304\" \/>Le <strong data-start=\"2307\" data-end=\"2324\">symbole Still<\/strong> utilis\u00e9 sur les chariots \u00e9l\u00e9vateurs est un indicateur durable et clair pr\u00e9sent sur les panneaux de contr\u00f4le et d\u2019affichage du chariot. Il garantit que les op\u00e9rateurs re\u00e7oivent rapidement et pr\u00e9cis\u00e9ment les informations. Fabriqu\u00e9 avec des mat\u00e9riaux de haute qualit\u00e9, il est durable et r\u00e9sistant aux conditions de travail difficiles.<\/p>\n<p data-start=\"2658\" data-end=\"2942\"><strong data-start=\"2658\" data-end=\"2680\">Caract\u00e9ristiques :<\/strong><br data-start=\"2680\" data-end=\"2683\" \/><strong data-start=\"2683\" data-end=\"2703\">Nom du produit :<\/strong> Symbole Still<br data-start=\"2717\" data-end=\"2720\" \/><strong data-start=\"2720\" data-end=\"2735\">R\u00e9f\u00e9rence :<\/strong> 653461<br data-start=\"2742\" data-end=\"2745\" \/><strong data-start=\"2745\" data-end=\"2759\">Mat\u00e9riau :<\/strong> Plastique durable<br data-start=\"2777\" data-end=\"2780\" \/><strong data-start=\"2780\" data-end=\"2804\">Zone d\u2019utilisation :<\/strong> Panneaux de contr\u00f4le et d\u2019affichage pour chariots \u00e9l\u00e9vateurs<br data-start=\"2865\" data-end=\"2868\" \/><strong data-start=\"2868\" data-end=\"2882\">Avantage :<\/strong> Visibilit\u00e9 claire, structure durable, longue dur\u00e9e de vie<\/p>\n<p data-start=\"2944\" data-end=\"3294\">\n","protected":false},"featured_media":15168,"template":"","meta":[],"product_brand":[],"product_cat":[241,454,524],"product_tag":[],"class_list":{"0":"post-15167","1":"product","2":"type-product","3":"status-publish","4":"has-post-thumbnail","6":"product_cat-still","7":"product_cat-switch-ve-buton","8":"product_cat-yedek-parca-still","10":"first","11":"instock","12":"taxable","13":"shipping-taxable","14":"purchasable","15":"product-type-simple"},"_links":{"self":[{"href":"https:\/\/ceoparts.com\/fr\/wp-json\/wp\/v2\/product\/15167","targetHints":{"allow":["GET"]}}],"collection":[{"href":"https:\/\/ceoparts.com\/fr\/wp-json\/wp\/v2\/product"}],"about":[{"href":"https:\/\/ceoparts.com\/fr\/wp-json\/wp\/v2\/types\/product"}],"wp:featuredmedia":[{"embeddable":true,"href":"https:\/\/ceoparts.com\/fr\/wp-json\/wp\/v2\/media\/15168"}],"wp:attachment":[{"href":"https:\/\/ceoparts.com\/fr\/wp-json\/wp\/v2\/media?parent=15167"}],"wp:term":[{"taxonomy":"product_brand","embeddable":true,"href":"https:\/\/ceoparts.com\/fr\/wp-json\/wp\/v2\/product_brand?post=15167"},{"taxonomy":"product_cat","embeddable":true,"href":"https:\/\/ceoparts.com\/fr\/wp-json\/wp\/v2\/product_cat?post=15167"},{"taxonomy":"product_tag","embeddable":true,"href":"https:\/\/ceoparts.com\/fr\/wp-json\/wp\/v2\/product_tag?post=15167"}],"curies":[{"name":"wp","href":"https:\/\/api.w.org\/{rel}","templated":true}]}}