{"id":15173,"date":"2025-02-20T09:21:29","date_gmt":"2025-02-20T06:21:29","guid":{"rendered":"https:\/\/ceoparts.com\/?post_type=product&#038;p=15173"},"modified":"2026-05-16T15:28:48","modified_gmt":"2026-05-16T12:28:48","slug":"still-sembol-653166","status":"publish","type":"product","link":"https:\/\/ceoparts.com\/fr\/urun\/still-sembol-653166\/","title":{"rendered":"Symbole Still &#8211; 653166"},"content":{"rendered":"<p>Symbole Still &#8211; 653166<\/p>","protected":false},"excerpt":{"rendered":"<p data-start=\"0\" data-end=\"325\"><br data-start=\"2353\" data-end=\"2356\" \/>Le <strong data-start=\"2359\" data-end=\"2376\">symbole Still<\/strong> utilis\u00e9 sur les chariots \u00e9l\u00e9vateurs est un indicateur durable et clair plac\u00e9 sur divers panneaux de contr\u00f4le et d\u2019affichage du chariot. Il garantit que les op\u00e9rateurs re\u00e7oivent les informations avec pr\u00e9cision et rapidit\u00e9. Fabriqu\u00e9 avec des mat\u00e9riaux de haute qualit\u00e9, il est durable et r\u00e9sistant aux conditions de travail difficiles.<\/p>\n<p data-start=\"2712\" data-end=\"2996\"><strong data-start=\"2712\" data-end=\"2734\">Caract\u00e9ristiques :<\/strong><br data-start=\"2734\" data-end=\"2737\" \/><strong data-start=\"2737\" data-end=\"2757\">Nom du produit :<\/strong> Symbole Still<br data-start=\"2771\" data-end=\"2774\" \/><strong data-start=\"2774\" data-end=\"2789\">R\u00e9f\u00e9rence :<\/strong> 653166<br data-start=\"2796\" data-end=\"2799\" \/><strong data-start=\"2799\" data-end=\"2813\">Mat\u00e9riau :<\/strong> Plastique durable<br data-start=\"2831\" data-end=\"2834\" \/><strong data-start=\"2834\" data-end=\"2858\">Zone d\u2019utilisation :<\/strong> Panneaux de contr\u00f4le et d\u2019affichage pour chariots \u00e9l\u00e9vateurs<br data-start=\"2919\" data-end=\"2922\" \/><strong data-start=\"2922\" data-end=\"2936\">Avantage :<\/strong> Visibilit\u00e9 claire, structure durable, longue dur\u00e9e de vie<\/p>\n<p data-start=\"2998\" data-end=\"3355\">\n","protected":false},"featured_media":15174,"template":"","meta":[],"product_brand":[],"product_cat":[241,454,524],"product_tag":[],"class_list":{"0":"post-15173","1":"product","2":"type-product","3":"status-publish","4":"has-post-thumbnail","6":"product_cat-still","7":"product_cat-switch-ve-buton","8":"product_cat-yedek-parca-still","10":"first","11":"instock","12":"taxable","13":"shipping-taxable","14":"purchasable","15":"product-type-simple"},"_links":{"self":[{"href":"https:\/\/ceoparts.com\/fr\/wp-json\/wp\/v2\/product\/15173","targetHints":{"allow":["GET"]}}],"collection":[{"href":"https:\/\/ceoparts.com\/fr\/wp-json\/wp\/v2\/product"}],"about":[{"href":"https:\/\/ceoparts.com\/fr\/wp-json\/wp\/v2\/types\/product"}],"wp:featuredmedia":[{"embeddable":true,"href":"https:\/\/ceoparts.com\/fr\/wp-json\/wp\/v2\/media\/15174"}],"wp:attachment":[{"href":"https:\/\/ceoparts.com\/fr\/wp-json\/wp\/v2\/media?parent=15173"}],"wp:term":[{"taxonomy":"product_brand","embeddable":true,"href":"https:\/\/ceoparts.com\/fr\/wp-json\/wp\/v2\/product_brand?post=15173"},{"taxonomy":"product_cat","embeddable":true,"href":"https:\/\/ceoparts.com\/fr\/wp-json\/wp\/v2\/product_cat?post=15173"},{"taxonomy":"product_tag","embeddable":true,"href":"https:\/\/ceoparts.com\/fr\/wp-json\/wp\/v2\/product_tag?post=15173"}],"curies":[{"name":"wp","href":"https:\/\/api.w.org\/{rel}","templated":true}]}}