{"id":15178,"date":"2025-02-20T09:27:56","date_gmt":"2025-02-20T06:27:56","guid":{"rendered":"https:\/\/ceoparts.com\/?post_type=product&#038;p=15178"},"modified":"2026-05-16T13:16:15","modified_gmt":"2026-05-16T10:16:15","slug":"still-kapak-643967","status":"publish","type":"product","link":"https:\/\/ceoparts.com\/fr\/urun\/still-kapak-643967\/","title":{"rendered":"Couvercle Still &#8211; 643967"},"content":{"rendered":"<p>Couvercle Still &#8211; 643967<\/p>","protected":false},"excerpt":{"rendered":"<p data-start=\"0\" data-end=\"303\"><br data-start=\"2239\" data-end=\"2242\" \/>Le <strong data-start=\"2245\" data-end=\"2264\">couvercle Still<\/strong> utilis\u00e9 sur les chariots \u00e9l\u00e9vateurs est un couvercle robuste et durable con\u00e7u pour prot\u00e9ger diverses parties du chariot et am\u00e9liorer ses performances en le prot\u00e9geant des facteurs externes. Fabriqu\u00e9 avec des mat\u00e9riaux de haute qualit\u00e9, il offre une longue dur\u00e9e de vie et une installation facile.<\/p>\n<p data-start=\"2563\" data-end=\"2850\"><strong data-start=\"2563\" data-end=\"2585\">Caract\u00e9ristiques :<\/strong><br data-start=\"2585\" data-end=\"2588\" \/><strong data-start=\"2588\" data-end=\"2608\">Nom du produit :<\/strong> Couvercle Still<br data-start=\"2624\" data-end=\"2627\" \/><strong data-start=\"2627\" data-end=\"2642\">R\u00e9f\u00e9rence :<\/strong> 643967<br data-start=\"2649\" data-end=\"2652\" \/><strong data-start=\"2652\" data-end=\"2666\">Mat\u00e9riau :<\/strong> Plastique ou m\u00e9tal durable<br data-start=\"2693\" data-end=\"2696\" \/><strong data-start=\"2696\" data-end=\"2720\">Zone d\u2019utilisation :<\/strong> Couvercles de protection pour chariots \u00e9l\u00e9vateurs<br data-start=\"2770\" data-end=\"2773\" \/><strong data-start=\"2773\" data-end=\"2787\">Avantage :<\/strong> Structure durable, offre une protection, installation facile<\/p>\n<p data-start=\"2852\" data-end=\"3158\">\n","protected":false},"featured_media":15182,"template":"","meta":[],"product_brand":[],"product_cat":[241,472,524],"product_tag":[],"class_list":{"0":"post-15178","1":"product","2":"type-product","3":"status-publish","4":"has-post-thumbnail","6":"product_cat-still","7":"product_cat-kaporta-aksami","8":"product_cat-yedek-parca-still","10":"first","11":"instock","12":"taxable","13":"shipping-taxable","14":"purchasable","15":"product-type-simple"},"_links":{"self":[{"href":"https:\/\/ceoparts.com\/fr\/wp-json\/wp\/v2\/product\/15178","targetHints":{"allow":["GET"]}}],"collection":[{"href":"https:\/\/ceoparts.com\/fr\/wp-json\/wp\/v2\/product"}],"about":[{"href":"https:\/\/ceoparts.com\/fr\/wp-json\/wp\/v2\/types\/product"}],"wp:featuredmedia":[{"embeddable":true,"href":"https:\/\/ceoparts.com\/fr\/wp-json\/wp\/v2\/media\/15182"}],"wp:attachment":[{"href":"https:\/\/ceoparts.com\/fr\/wp-json\/wp\/v2\/media?parent=15178"}],"wp:term":[{"taxonomy":"product_brand","embeddable":true,"href":"https:\/\/ceoparts.com\/fr\/wp-json\/wp\/v2\/product_brand?post=15178"},{"taxonomy":"product_cat","embeddable":true,"href":"https:\/\/ceoparts.com\/fr\/wp-json\/wp\/v2\/product_cat?post=15178"},{"taxonomy":"product_tag","embeddable":true,"href":"https:\/\/ceoparts.com\/fr\/wp-json\/wp\/v2\/product_tag?post=15178"}],"curies":[{"name":"wp","href":"https:\/\/api.w.org\/{rel}","templated":true}]}}