{"id":15185,"date":"2025-02-20T09:31:31","date_gmt":"2025-02-20T06:31:31","guid":{"rendered":"https:\/\/ceoparts.com\/?post_type=product&#038;p=15185"},"modified":"2026-05-16T13:22:09","modified_gmt":"2026-05-16T10:22:09","slug":"still-el-freni-sembolu-711565","status":"publish","type":"product","link":"https:\/\/ceoparts.com\/fr\/urun\/still-el-freni-sembolu-711565\/","title":{"rendered":"Symbole de frein \u00e0 main Still &#8211; 711565"},"content":{"rendered":"<p>Symbole de frein \u00e0 main Still &#8211; 711565<\/p>","protected":false},"excerpt":{"rendered":"<p data-start=\"0\" data-end=\"330\"><br data-start=\"2477\" data-end=\"2480\" \/>Le <strong data-start=\"2483\" data-end=\"2516\">symbole de frein \u00e0 main Still<\/strong> utilis\u00e9 sur les chariots \u00e9l\u00e9vateurs est un indicateur durable et clair con\u00e7u pour assurer une identification facile et pr\u00e9cise du frein \u00e0 main. Fabriqu\u00e9 avec des mat\u00e9riaux de haute qualit\u00e9, il est durable et r\u00e9sistant aux conditions de travail difficiles. Important pour la s\u00e9curit\u00e9 de l\u2019op\u00e9rateur et la facilit\u00e9 d\u2019utilisation.<\/p>\n<p data-start=\"2846\" data-end=\"3158\"><strong data-start=\"2846\" data-end=\"2868\">Caract\u00e9ristiques :<\/strong><br data-start=\"2868\" data-end=\"2871\" \/><strong data-start=\"2871\" data-end=\"2891\">Nom du produit :<\/strong> Symbole de frein \u00e0 main Still<br data-start=\"2921\" data-end=\"2924\" \/><strong data-start=\"2924\" data-end=\"2939\">R\u00e9f\u00e9rence :<\/strong> 711565<br data-start=\"2946\" data-end=\"2949\" \/><strong data-start=\"2949\" data-end=\"2963\">Mat\u00e9riau :<\/strong> Plastique durable<br data-start=\"2981\" data-end=\"2984\" \/><strong data-start=\"2984\" data-end=\"3008\">Zone d\u2019utilisation :<\/strong> Panneaux de contr\u00f4le et leviers de frein \u00e0 main pour chariots \u00e9l\u00e9vateurs<br data-start=\"3081\" data-end=\"3084\" \/><strong data-start=\"3084\" data-end=\"3098\">Avantage :<\/strong> Visibilit\u00e9 claire, structure durable, installation facile<\/p>\n<p data-start=\"3160\" data-end=\"3521\">\n","protected":false},"featured_media":15187,"template":"","meta":[],"product_brand":[],"product_cat":[241,454,524],"product_tag":[],"class_list":{"0":"post-15185","1":"product","2":"type-product","3":"status-publish","4":"has-post-thumbnail","6":"product_cat-still","7":"product_cat-switch-ve-buton","8":"product_cat-yedek-parca-still","10":"first","11":"instock","12":"taxable","13":"shipping-taxable","14":"purchasable","15":"product-type-simple"},"_links":{"self":[{"href":"https:\/\/ceoparts.com\/fr\/wp-json\/wp\/v2\/product\/15185","targetHints":{"allow":["GET"]}}],"collection":[{"href":"https:\/\/ceoparts.com\/fr\/wp-json\/wp\/v2\/product"}],"about":[{"href":"https:\/\/ceoparts.com\/fr\/wp-json\/wp\/v2\/types\/product"}],"wp:featuredmedia":[{"embeddable":true,"href":"https:\/\/ceoparts.com\/fr\/wp-json\/wp\/v2\/media\/15187"}],"wp:attachment":[{"href":"https:\/\/ceoparts.com\/fr\/wp-json\/wp\/v2\/media?parent=15185"}],"wp:term":[{"taxonomy":"product_brand","embeddable":true,"href":"https:\/\/ceoparts.com\/fr\/wp-json\/wp\/v2\/product_brand?post=15185"},{"taxonomy":"product_cat","embeddable":true,"href":"https:\/\/ceoparts.com\/fr\/wp-json\/wp\/v2\/product_cat?post=15185"},{"taxonomy":"product_tag","embeddable":true,"href":"https:\/\/ceoparts.com\/fr\/wp-json\/wp\/v2\/product_tag?post=15185"}],"curies":[{"name":"wp","href":"https:\/\/api.w.org\/{rel}","templated":true}]}}