{"id":15188,"date":"2025-02-20T09:36:22","date_gmt":"2025-02-20T06:36:22","guid":{"rendered":"https:\/\/ceoparts.com\/?post_type=product&#038;p=15188"},"modified":"2026-05-16T13:24:43","modified_gmt":"2026-05-16T10:24:43","slug":"still-parca-kolu-709748","status":"publish","type":"product","link":"https:\/\/ceoparts.com\/fr\/urun\/still-parca-kolu-709748\/","title":{"rendered":"Levier de pi\u00e8ce Still &#8211; 709748"},"content":{"rendered":"<p>Levier de pi\u00e8ce Still &#8211; 709748<\/p>","protected":false},"excerpt":{"rendered":"<p data-start=\"0\" data-end=\"348\"><br data-start=\"2510\" data-end=\"2513\" \/>La <strong data-start=\"2516\" data-end=\"2542\">poign\u00e9e de pi\u00e8ce Still<\/strong> utilis\u00e9e sur les chariots \u00e9l\u00e9vateurs est un composant robuste et ergonomique con\u00e7u pour divers syst\u00e8mes m\u00e9caniques et de contr\u00f4le du chariot. Son mat\u00e9riau solide garantit une longue dur\u00e9e de vie et offre un usage confortable \u00e0 l\u2019op\u00e9rateur. L\u2019installation facile acc\u00e9l\u00e8re les processus de maintenance et de remplacement.<\/p>\n<p data-start=\"2864\" data-end=\"3167\"><strong data-start=\"2864\" data-end=\"2886\">Caract\u00e9ristiques :<\/strong><br data-start=\"2886\" data-end=\"2889\" \/><strong data-start=\"2889\" data-end=\"2909\">Nom du produit :<\/strong> Poign\u00e9e de pi\u00e8ce Still<br data-start=\"2932\" data-end=\"2935\" \/><strong data-start=\"2935\" data-end=\"2950\">R\u00e9f\u00e9rence :<\/strong> 709748<br data-start=\"2957\" data-end=\"2960\" \/><strong data-start=\"2960\" data-end=\"2974\">Mat\u00e9riau :<\/strong> Plastique et m\u00e9tal durables<br data-start=\"3002\" data-end=\"3005\" \/><strong data-start=\"3005\" data-end=\"3029\">Zone d\u2019utilisation :<\/strong> Syst\u00e8mes m\u00e9caniques et de contr\u00f4le pour chariots \u00e9l\u00e9vateurs<br data-start=\"3089\" data-end=\"3092\" \/><strong data-start=\"3092\" data-end=\"3106\">Avantage :<\/strong> Structure robuste, design ergonomique, installation facile<\/p>\n<p data-start=\"3169\" data-end=\"3515\">\n","protected":false},"featured_media":15190,"template":"","meta":[],"product_brand":[],"product_cat":[241,472,524],"product_tag":[],"class_list":{"0":"post-15188","1":"product","2":"type-product","3":"status-publish","4":"has-post-thumbnail","6":"product_cat-still","7":"product_cat-kaporta-aksami","8":"product_cat-yedek-parca-still","10":"first","11":"instock","12":"taxable","13":"shipping-taxable","14":"purchasable","15":"product-type-simple"},"_links":{"self":[{"href":"https:\/\/ceoparts.com\/fr\/wp-json\/wp\/v2\/product\/15188","targetHints":{"allow":["GET"]}}],"collection":[{"href":"https:\/\/ceoparts.com\/fr\/wp-json\/wp\/v2\/product"}],"about":[{"href":"https:\/\/ceoparts.com\/fr\/wp-json\/wp\/v2\/types\/product"}],"wp:featuredmedia":[{"embeddable":true,"href":"https:\/\/ceoparts.com\/fr\/wp-json\/wp\/v2\/media\/15190"}],"wp:attachment":[{"href":"https:\/\/ceoparts.com\/fr\/wp-json\/wp\/v2\/media?parent=15188"}],"wp:term":[{"taxonomy":"product_brand","embeddable":true,"href":"https:\/\/ceoparts.com\/fr\/wp-json\/wp\/v2\/product_brand?post=15188"},{"taxonomy":"product_cat","embeddable":true,"href":"https:\/\/ceoparts.com\/fr\/wp-json\/wp\/v2\/product_cat?post=15188"},{"taxonomy":"product_tag","embeddable":true,"href":"https:\/\/ceoparts.com\/fr\/wp-json\/wp\/v2\/product_tag?post=15188"}],"curies":[{"name":"wp","href":"https:\/\/api.w.org\/{rel}","templated":true}]}}