{"id":15195,"date":"2025-02-20T09:48:02","date_gmt":"2025-02-20T06:48:02","guid":{"rendered":"https:\/\/ceoparts.com\/?post_type=product&#038;p=15195"},"modified":"2026-05-16T14:34:10","modified_gmt":"2026-05-16T11:34:10","slug":"still-el-freni-kolu-720121","status":"publish","type":"product","link":"https:\/\/ceoparts.com\/fr\/urun\/still-el-freni-kolu-720121\/","title":{"rendered":"Levier de frein \u00e0 main Still &#8211; 720121"},"content":{"rendered":"<p>Levier de frein \u00e0 main Still &#8211; 720121<\/p>","protected":false},"excerpt":{"rendered":"<p data-start=\"0\" data-end=\"339\"><br data-start=\"2387\" data-end=\"2390\" \/>Le <strong data-start=\"2393\" data-end=\"2425\">levier de frein \u00e0 main Still<\/strong> utilis\u00e9 sur les chariots \u00e9l\u00e9vateurs est un composant robuste con\u00e7u pour contr\u00f4ler de mani\u00e8re s\u00fbre et efficace le frein \u00e0 main du chariot. Fabriqu\u00e9 avec des mat\u00e9riaux de haute qualit\u00e9, son design ergonomique assure un usage confortable. R\u00e9sistant aux conditions de travail difficiles et durable.<\/p>\n<p data-start=\"2722\" data-end=\"3021\"><strong data-start=\"2722\" data-end=\"2744\">Caract\u00e9ristiques :<\/strong><br data-start=\"2744\" data-end=\"2747\" \/><strong data-start=\"2747\" data-end=\"2767\">Nom du produit :<\/strong> Levier de frein \u00e0 main Still<br data-start=\"2796\" data-end=\"2799\" \/><strong data-start=\"2799\" data-end=\"2814\">R\u00e9f\u00e9rence :<\/strong> 720121<br data-start=\"2821\" data-end=\"2824\" \/><strong data-start=\"2824\" data-end=\"2838\">Mat\u00e9riau :<\/strong> M\u00e9tal et plastique durables<br data-start=\"2866\" data-end=\"2869\" \/><strong data-start=\"2869\" data-end=\"2893\">Zone d\u2019utilisation :<\/strong> Syst\u00e8mes de frein \u00e0 main pour chariots \u00e9l\u00e9vateurs<br data-start=\"2943\" data-end=\"2946\" \/><strong data-start=\"2946\" data-end=\"2960\">Avantage :<\/strong> Structure robuste, design ergonomique, longue dur\u00e9e de vie<\/p>\n<p data-start=\"3023\" data-end=\"3369\">\n","protected":false},"featured_media":15197,"template":"","meta":[],"product_brand":[],"product_cat":[241,470,524],"product_tag":[],"class_list":{"0":"post-15195","1":"product","2":"type-product","3":"status-publish","4":"has-post-thumbnail","6":"product_cat-still","7":"product_cat-diger-yedek-parcalar","8":"product_cat-yedek-parca-still","10":"first","11":"instock","12":"taxable","13":"shipping-taxable","14":"purchasable","15":"product-type-simple"},"_links":{"self":[{"href":"https:\/\/ceoparts.com\/fr\/wp-json\/wp\/v2\/product\/15195","targetHints":{"allow":["GET"]}}],"collection":[{"href":"https:\/\/ceoparts.com\/fr\/wp-json\/wp\/v2\/product"}],"about":[{"href":"https:\/\/ceoparts.com\/fr\/wp-json\/wp\/v2\/types\/product"}],"wp:featuredmedia":[{"embeddable":true,"href":"https:\/\/ceoparts.com\/fr\/wp-json\/wp\/v2\/media\/15197"}],"wp:attachment":[{"href":"https:\/\/ceoparts.com\/fr\/wp-json\/wp\/v2\/media?parent=15195"}],"wp:term":[{"taxonomy":"product_brand","embeddable":true,"href":"https:\/\/ceoparts.com\/fr\/wp-json\/wp\/v2\/product_brand?post=15195"},{"taxonomy":"product_cat","embeddable":true,"href":"https:\/\/ceoparts.com\/fr\/wp-json\/wp\/v2\/product_cat?post=15195"},{"taxonomy":"product_tag","embeddable":true,"href":"https:\/\/ceoparts.com\/fr\/wp-json\/wp\/v2\/product_tag?post=15195"}],"curies":[{"name":"wp","href":"https:\/\/api.w.org\/{rel}","templated":true}]}}