{"id":15201,"date":"2025-02-20T09:54:34","date_gmt":"2025-02-20T06:54:34","guid":{"rendered":"https:\/\/ceoparts.com\/?post_type=product&#038;p=15201"},"modified":"2026-05-16T15:34:23","modified_gmt":"2026-05-16T12:34:23","slug":"bt-rre160-makara-yayi","status":"publish","type":"product","link":"https:\/\/ceoparts.com\/fr\/urun\/bt-rre160-makara-yayi\/","title":{"rendered":"Ressort de poulie BT RRE160"},"content":{"rendered":"<p>Ressort de poulie BT RRE160<\/p>","protected":false},"excerpt":{"rendered":"<p data-start=\"0\" data-end=\"378\"><br data-start=\"2606\" data-end=\"2609\" \/>Le <strong data-start=\"2612\" data-end=\"2645\">ressort de d\u00e9vidoir BT RRE160<\/strong> utilis\u00e9 sur les chariots \u00e9l\u00e9vateurs est con\u00e7u pour assurer le fonctionnement \u00e9quilibr\u00e9 et contr\u00f4l\u00e9 des d\u00e9vidoirs de flexible. Sa structure flexible et durable permet un fonctionnement fluide du syst\u00e8me et emp\u00eache l\u2019affaissement ou les mouvements irr\u00e9guliers du flexible. R\u00e9sistant aux conditions de travail difficiles et facile \u00e0 installer.<\/p>\n<p data-start=\"2988\" data-end=\"3316\"><strong data-start=\"2988\" data-end=\"3010\">Caract\u00e9ristiques :<\/strong><br data-start=\"3010\" data-end=\"3013\" \/><strong data-start=\"3013\" data-end=\"3033\">Nom du produit :<\/strong> Ressort de d\u00e9vidoir BT RRE160<br data-start=\"3063\" data-end=\"3066\" \/><strong data-start=\"3066\" data-end=\"3081\">R\u00e9f\u00e9rence :<\/strong> Non sp\u00e9cifi\u00e9e<br data-start=\"3095\" data-end=\"3098\" \/><strong data-start=\"3098\" data-end=\"3112\">Mat\u00e9riau :<\/strong> Ressort en acier de haute qualit\u00e9<br data-start=\"3146\" data-end=\"3149\" \/><strong data-start=\"3149\" data-end=\"3173\">Zone d\u2019utilisation :<\/strong> Syst\u00e8mes de d\u00e9vidoirs pour chariots \u00e9l\u00e9vateurs<br data-start=\"3220\" data-end=\"3223\" \/><strong data-start=\"3223\" data-end=\"3237\">Avantage :<\/strong> Fonctionnement \u00e9quilibr\u00e9, longue dur\u00e9e de vie, structure flexible et robuste<\/p>\n<p data-start=\"3318\" data-end=\"3700\">\n","protected":false},"featured_media":15203,"template":"","meta":[],"product_brand":[],"product_cat":[251,470,518],"product_tag":[],"class_list":{"0":"post-15201","1":"product","2":"type-product","3":"status-publish","4":"has-post-thumbnail","6":"product_cat-bt","7":"product_cat-diger-yedek-parcalar","8":"product_cat-yedek-parca-bt","10":"first","11":"instock","12":"taxable","13":"shipping-taxable","14":"purchasable","15":"product-type-simple"},"_links":{"self":[{"href":"https:\/\/ceoparts.com\/fr\/wp-json\/wp\/v2\/product\/15201","targetHints":{"allow":["GET"]}}],"collection":[{"href":"https:\/\/ceoparts.com\/fr\/wp-json\/wp\/v2\/product"}],"about":[{"href":"https:\/\/ceoparts.com\/fr\/wp-json\/wp\/v2\/types\/product"}],"wp:featuredmedia":[{"embeddable":true,"href":"https:\/\/ceoparts.com\/fr\/wp-json\/wp\/v2\/media\/15203"}],"wp:attachment":[{"href":"https:\/\/ceoparts.com\/fr\/wp-json\/wp\/v2\/media?parent=15201"}],"wp:term":[{"taxonomy":"product_brand","embeddable":true,"href":"https:\/\/ceoparts.com\/fr\/wp-json\/wp\/v2\/product_brand?post=15201"},{"taxonomy":"product_cat","embeddable":true,"href":"https:\/\/ceoparts.com\/fr\/wp-json\/wp\/v2\/product_cat?post=15201"},{"taxonomy":"product_tag","embeddable":true,"href":"https:\/\/ceoparts.com\/fr\/wp-json\/wp\/v2\/product_tag?post=15201"}],"curies":[{"name":"wp","href":"https:\/\/api.w.org\/{rel}","templated":true}]}}