{"id":15205,"date":"2025-02-20T09:58:55","date_gmt":"2025-02-20T06:58:55","guid":{"rendered":"https:\/\/ceoparts.com\/?post_type=product&#038;p=15205"},"modified":"2026-05-16T16:34:21","modified_gmt":"2026-05-16T13:34:21","slug":"bt-rre160-plate-253480","status":"publish","type":"product","link":"https:\/\/ceoparts.com\/fr\/urun\/bt-rre160-plate-253480\/","title":{"rendered":"Bt RRE160 Plate &#8211; 253480"},"content":{"rendered":"<p>Bt RRE160 Plate &#8211; 253480<\/p>\n","protected":false},"excerpt":{"rendered":"<p data-start=\"0\" data-end=\"325\"><br data-start=\"2352\" data-end=\"2355\" \/>La <strong data-start=\"2358\" data-end=\"2378\">plaque BT RRE160<\/strong> utilis\u00e9e sur les chariots \u00e9l\u00e9vateurs est une plaque m\u00e9tallique robuste con\u00e7ue pour fixer le d\u00e9vidoir et am\u00e9liorer sa durabilit\u00e9 dans les syst\u00e8mes de d\u00e9vidoirs de flexible. Fabriqu\u00e9e avec des mat\u00e9riaux de haute qualit\u00e9, elle offre une longue dur\u00e9e de vie et une performance sup\u00e9rieure dans des environnements de travail exigeants. Facile \u00e0 installer.<\/p>\n<p data-start=\"2730\" data-end=\"3010\"><strong data-start=\"2730\" data-end=\"2752\">Caract\u00e9ristiques :<\/strong><br data-start=\"2752\" data-end=\"2755\" \/><strong data-start=\"2755\" data-end=\"2775\">Nom du produit :<\/strong> Plaque BT RRE160<br data-start=\"2792\" data-end=\"2795\" \/><strong data-start=\"2795\" data-end=\"2810\">R\u00e9f\u00e9rence :<\/strong> 253480<br data-start=\"2817\" data-end=\"2820\" \/><strong data-start=\"2820\" data-end=\"2834\">Mat\u00e9riau :<\/strong> M\u00e9tal haute r\u00e9sistance<br data-start=\"2857\" data-end=\"2860\" \/><strong data-start=\"2860\" data-end=\"2884\">Zone d\u2019utilisation :<\/strong> Syst\u00e8mes de d\u00e9vidoirs pour chariots \u00e9l\u00e9vateurs<br data-start=\"2931\" data-end=\"2934\" \/><strong data-start=\"2934\" data-end=\"2948\">Avantage :<\/strong> Structure durable, installation facile, longue dur\u00e9e de vie<\/p>\n<p data-start=\"3012\" data-end=\"3348\">\n","protected":false},"featured_media":15208,"template":"","meta":[],"product_brand":[],"product_cat":[470,518,251],"product_tag":[],"class_list":{"0":"post-15205","1":"product","2":"type-product","3":"status-publish","4":"has-post-thumbnail","6":"product_cat-diger-yedek-parcalar","7":"product_cat-yedek-parca-bt","8":"product_cat-bt","10":"first","11":"instock","12":"taxable","13":"shipping-taxable","14":"purchasable","15":"product-type-simple"},"_links":{"self":[{"href":"https:\/\/ceoparts.com\/fr\/wp-json\/wp\/v2\/product\/15205","targetHints":{"allow":["GET"]}}],"collection":[{"href":"https:\/\/ceoparts.com\/fr\/wp-json\/wp\/v2\/product"}],"about":[{"href":"https:\/\/ceoparts.com\/fr\/wp-json\/wp\/v2\/types\/product"}],"wp:featuredmedia":[{"embeddable":true,"href":"https:\/\/ceoparts.com\/fr\/wp-json\/wp\/v2\/media\/15208"}],"wp:attachment":[{"href":"https:\/\/ceoparts.com\/fr\/wp-json\/wp\/v2\/media?parent=15205"}],"wp:term":[{"taxonomy":"product_brand","embeddable":true,"href":"https:\/\/ceoparts.com\/fr\/wp-json\/wp\/v2\/product_brand?post=15205"},{"taxonomy":"product_cat","embeddable":true,"href":"https:\/\/ceoparts.com\/fr\/wp-json\/wp\/v2\/product_cat?post=15205"},{"taxonomy":"product_tag","embeddable":true,"href":"https:\/\/ceoparts.com\/fr\/wp-json\/wp\/v2\/product_tag?post=15205"}],"curies":[{"name":"wp","href":"https:\/\/api.w.org\/{rel}","templated":true}]}}