{"id":15209,"date":"2025-02-20T10:12:20","date_gmt":"2025-02-20T07:12:20","guid":{"rendered":"https:\/\/ceoparts.com\/?post_type=product&#038;p=15209"},"modified":"2026-05-16T16:34:19","modified_gmt":"2026-05-16T13:34:19","slug":"still-linde-ped-50014338002","status":"publish","type":"product","link":"https:\/\/ceoparts.com\/fr\/urun\/still-linde-ped-50014338002\/","title":{"rendered":"Talon Still \/ Linde &#8211; 50014338002"},"content":{"rendered":"<p>Talon Still \/ Linde &#8211; 50014338002<\/p>","protected":false},"excerpt":{"rendered":"<p data-start=\"0\" data-end=\"358\"><br data-start=\"2453\" data-end=\"2456\" \/>La <strong data-start=\"2459\" data-end=\"2483\">p\u00e9dale Still \/ Linde<\/strong> utilis\u00e9e sur les chariots \u00e9l\u00e9vateurs est un composant robuste con\u00e7u pour assurer un fonctionnement confortable et s\u00fbr. Fabriqu\u00e9e avec des mat\u00e9riaux de haute qualit\u00e9, elle offre une longue dur\u00e9e de vie et r\u00e9siste aux conditions de travail difficiles. Son design ergonomique facilite le contr\u00f4le de conduite et am\u00e9liore la performance.<\/p>\n<p data-start=\"2819\" data-end=\"3113\"><strong data-start=\"2819\" data-end=\"2841\">Caract\u00e9ristiques :<\/strong><br data-start=\"2841\" data-end=\"2844\" \/><strong data-start=\"2844\" data-end=\"2864\">Nom du produit :<\/strong> P\u00e9dale Still \/ Linde<br data-start=\"2885\" data-end=\"2888\" \/><strong data-start=\"2888\" data-end=\"2903\">R\u00e9f\u00e9rence :<\/strong> 50014338002<br data-start=\"2915\" data-end=\"2918\" \/><strong data-start=\"2918\" data-end=\"2932\">Mat\u00e9riau :<\/strong> M\u00e9tal et caoutchouc durables<br data-start=\"2961\" data-end=\"2964\" \/><strong data-start=\"2964\" data-end=\"2988\">Zone d\u2019utilisation :<\/strong> P\u00e9dales pour op\u00e9rateurs de chariots \u00e9l\u00e9vateurs<br data-start=\"3035\" data-end=\"3038\" \/><strong data-start=\"3038\" data-end=\"3052\">Avantage :<\/strong> Longue dur\u00e9e de vie, design ergonomique, structure robuste<\/p>\n<p data-start=\"3115\" data-end=\"3498\">EXU-SF 20<br \/>\nEXD 20<br \/>\nEXV 14-16-20<\/p>\n","protected":false},"featured_media":15212,"template":"","meta":[],"product_brand":[],"product_cat":[246,472,523,524,241],"product_tag":[],"class_list":{"0":"post-15209","1":"product","2":"type-product","3":"status-publish","4":"has-post-thumbnail","6":"product_cat-linde","7":"product_cat-kaporta-aksami","8":"product_cat-yedek-parca-linde","9":"product_cat-yedek-parca-still","10":"product_cat-still","12":"first","13":"instock","14":"taxable","15":"shipping-taxable","16":"purchasable","17":"product-type-simple"},"_links":{"self":[{"href":"https:\/\/ceoparts.com\/fr\/wp-json\/wp\/v2\/product\/15209","targetHints":{"allow":["GET"]}}],"collection":[{"href":"https:\/\/ceoparts.com\/fr\/wp-json\/wp\/v2\/product"}],"about":[{"href":"https:\/\/ceoparts.com\/fr\/wp-json\/wp\/v2\/types\/product"}],"wp:featuredmedia":[{"embeddable":true,"href":"https:\/\/ceoparts.com\/fr\/wp-json\/wp\/v2\/media\/15212"}],"wp:attachment":[{"href":"https:\/\/ceoparts.com\/fr\/wp-json\/wp\/v2\/media?parent=15209"}],"wp:term":[{"taxonomy":"product_brand","embeddable":true,"href":"https:\/\/ceoparts.com\/fr\/wp-json\/wp\/v2\/product_brand?post=15209"},{"taxonomy":"product_cat","embeddable":true,"href":"https:\/\/ceoparts.com\/fr\/wp-json\/wp\/v2\/product_cat?post=15209"},{"taxonomy":"product_tag","embeddable":true,"href":"https:\/\/ceoparts.com\/fr\/wp-json\/wp\/v2\/product_tag?post=15209"}],"curies":[{"name":"wp","href":"https:\/\/api.w.org\/{rel}","templated":true}]}}