{"id":15214,"date":"2025-02-20T10:42:13","date_gmt":"2025-02-20T07:42:13","guid":{"rendered":"https:\/\/ceoparts.com\/?post_type=product&#038;p=15214"},"modified":"2026-05-16T15:35:32","modified_gmt":"2026-05-16T12:35:32","slug":"jungheinrich-aku-kilit-tutamagi-efg-51095569","status":"publish","type":"product","link":"https:\/\/ceoparts.com\/fr\/urun\/jungheinrich-aku-kilit-tutamagi-efg-51095569\/","title":{"rendered":"Poign\u00e9e de verrouillage de batterie Jungheinrich EFG &#8211; 51095569"},"content":{"rendered":"<p>Poign\u00e9e de verrouillage de batterie Jungheinrich EFG &#8211; 51095569<\/p>","protected":false},"excerpt":{"rendered":"<p data-start=\"0\" data-end=\"339\"><br data-start=\"2576\" data-end=\"2579\" \/>La <strong data-start=\"2582\" data-end=\"2638\">poign\u00e9e de verrouillage de batterie Jungheinrich EFG<\/strong> utilis\u00e9e sur les chariots \u00e9l\u00e9vateurs assure la fermeture s\u00fbre et solide du compartiment batterie. Sa structure ergonomique et r\u00e9sistante permet d\u2019ouvrir et de fermer facilement le capot de la batterie. R\u00e9sistante \u00e0 l\u2019usure et aux conditions de travail difficiles, elle garantit une utilisation durable.<\/p>\n<p data-start=\"2943\" data-end=\"3304\"><strong data-start=\"2943\" data-end=\"2965\">Caract\u00e9ristiques :<\/strong><br data-start=\"2965\" data-end=\"2968\" \/><strong data-start=\"2968\" data-end=\"2988\">Nom du produit :<\/strong> Poign\u00e9e de verrouillage de batterie Jungheinrich EFG<br data-start=\"3041\" data-end=\"3044\" \/><strong data-start=\"3044\" data-end=\"3059\">R\u00e9f\u00e9rence :<\/strong> 51095569<br data-start=\"3068\" data-end=\"3071\" \/><strong data-start=\"3071\" data-end=\"3085\">Mat\u00e9riau :<\/strong> Plastique et m\u00e9tal haute r\u00e9sistance<br data-start=\"3121\" data-end=\"3124\" \/><strong data-start=\"3124\" data-end=\"3148\">Zone d\u2019utilisation :<\/strong> Syst\u00e8mes de verrouillage des compartiments batterie de chariots \u00e9l\u00e9vateurs<br data-start=\"3223\" data-end=\"3226\" \/><strong data-start=\"3226\" data-end=\"3240\">Avantage :<\/strong> Utilisation s\u00e9curis\u00e9e, structure robuste, installation facile<\/p>\n<p data-start=\"3306\" data-end=\"3653\">\n","protected":false},"featured_media":15216,"template":"","meta":[],"product_brand":[],"product_cat":[236,443,522],"product_tag":[],"class_list":{"0":"post-15214","1":"product","2":"type-product","3":"status-publish","4":"has-post-thumbnail","6":"product_cat-jungheinrich","7":"product_cat-aku-parcalari","8":"product_cat-yedek-parca-jungheinrich","10":"first","11":"instock","12":"taxable","13":"shipping-taxable","14":"purchasable","15":"product-type-simple"},"_links":{"self":[{"href":"https:\/\/ceoparts.com\/fr\/wp-json\/wp\/v2\/product\/15214","targetHints":{"allow":["GET"]}}],"collection":[{"href":"https:\/\/ceoparts.com\/fr\/wp-json\/wp\/v2\/product"}],"about":[{"href":"https:\/\/ceoparts.com\/fr\/wp-json\/wp\/v2\/types\/product"}],"wp:featuredmedia":[{"embeddable":true,"href":"https:\/\/ceoparts.com\/fr\/wp-json\/wp\/v2\/media\/15216"}],"wp:attachment":[{"href":"https:\/\/ceoparts.com\/fr\/wp-json\/wp\/v2\/media?parent=15214"}],"wp:term":[{"taxonomy":"product_brand","embeddable":true,"href":"https:\/\/ceoparts.com\/fr\/wp-json\/wp\/v2\/product_brand?post=15214"},{"taxonomy":"product_cat","embeddable":true,"href":"https:\/\/ceoparts.com\/fr\/wp-json\/wp\/v2\/product_cat?post=15214"},{"taxonomy":"product_tag","embeddable":true,"href":"https:\/\/ceoparts.com\/fr\/wp-json\/wp\/v2\/product_tag?post=15214"}],"curies":[{"name":"wp","href":"https:\/\/api.w.org\/{rel}","templated":true}]}}