{"id":15220,"date":"2025-02-20T11:11:52","date_gmt":"2025-02-20T08:11:52","guid":{"rendered":"https:\/\/ceoparts.com\/?post_type=product&#038;p=15220"},"modified":"2026-05-16T15:28:45","modified_gmt":"2026-05-16T12:28:45","slug":"l16-kol-kart-yuvasi-orta-plastik-3095471935","status":"publish","type":"product","link":"https:\/\/ceoparts.com\/fr\/urun\/l16-kol-kart-yuvasi-orta-plastik-3095471935\/","title":{"rendered":"Logement du bras L16 \/ Plastique du milieu &#8211; 3095471935"},"content":{"rendered":"<p>Logement du bras L16 \/ Plastique du milieu &#8211; 3095471935<\/p>","protected":false},"excerpt":{"rendered":"<p data-start=\"0\" data-end=\"364\"><br data-start=\"2500\" data-end=\"2503\" \/>Le <strong data-start=\"2506\" data-end=\"2569\">support de carte levier L16 \/ pi\u00e8ce plastique interm\u00e9diaire<\/strong> utilis\u00e9 sur les chariots \u00e9l\u00e9vateurs est con\u00e7u pour maintenir et prot\u00e9ger les cartes dans les syst\u00e8mes de leviers de commande. Fabriqu\u00e9 en plastique r\u00e9sistant, il est anti-choc et anti-usure. Son installation facile offre un avantage pratique pour la maintenance et le remplacement.<\/p>\n<p data-start=\"2853\" data-end=\"3206\"><strong data-start=\"2853\" data-end=\"2875\">Caract\u00e9ristiques :<\/strong><br data-start=\"2875\" data-end=\"2878\" \/><strong data-start=\"2878\" data-end=\"2898\">Nom du produit :<\/strong> Support de carte levier L16 \/ pi\u00e8ce plastique interm\u00e9diaire<br data-start=\"2958\" data-end=\"2961\" \/><strong data-start=\"2961\" data-end=\"2976\">R\u00e9f\u00e9rence :<\/strong> 3095471935<br data-start=\"2987\" data-end=\"2990\" \/><strong data-start=\"2990\" data-end=\"3004\">Mat\u00e9riau :<\/strong> Plastique haute r\u00e9sistance<br data-start=\"3031\" data-end=\"3034\" \/><strong data-start=\"3034\" data-end=\"3058\">Zone d\u2019utilisation :<\/strong> Emplacements de cartes des leviers de commande de chariots \u00e9l\u00e9vateurs<br data-start=\"3128\" data-end=\"3131\" \/><strong data-start=\"3131\" data-end=\"3145\">Avantage :<\/strong> Structure solide, installation facile, longue dur\u00e9e de vie<\/p>\n<p data-start=\"3208\" data-end=\"3538\">\n","protected":false},"featured_media":15222,"template":"","meta":[],"product_brand":[],"product_cat":[470],"product_tag":[],"class_list":{"0":"post-15220","1":"product","2":"type-product","3":"status-publish","4":"has-post-thumbnail","6":"product_cat-diger-yedek-parcalar","8":"first","9":"instock","10":"taxable","11":"shipping-taxable","12":"purchasable","13":"product-type-simple"},"_links":{"self":[{"href":"https:\/\/ceoparts.com\/fr\/wp-json\/wp\/v2\/product\/15220","targetHints":{"allow":["GET"]}}],"collection":[{"href":"https:\/\/ceoparts.com\/fr\/wp-json\/wp\/v2\/product"}],"about":[{"href":"https:\/\/ceoparts.com\/fr\/wp-json\/wp\/v2\/types\/product"}],"wp:featuredmedia":[{"embeddable":true,"href":"https:\/\/ceoparts.com\/fr\/wp-json\/wp\/v2\/media\/15222"}],"wp:attachment":[{"href":"https:\/\/ceoparts.com\/fr\/wp-json\/wp\/v2\/media?parent=15220"}],"wp:term":[{"taxonomy":"product_brand","embeddable":true,"href":"https:\/\/ceoparts.com\/fr\/wp-json\/wp\/v2\/product_brand?post=15220"},{"taxonomy":"product_cat","embeddable":true,"href":"https:\/\/ceoparts.com\/fr\/wp-json\/wp\/v2\/product_cat?post=15220"},{"taxonomy":"product_tag","embeddable":true,"href":"https:\/\/ceoparts.com\/fr\/wp-json\/wp\/v2\/product_tag?post=15220"}],"curies":[{"name":"wp","href":"https:\/\/api.w.org\/{rel}","templated":true}]}}