{"id":15231,"date":"2025-02-20T11:26:17","date_gmt":"2025-02-20T08:26:17","guid":{"rendered":"https:\/\/ceoparts.com\/?post_type=product&#038;p=15231"},"modified":"2026-05-16T18:36:45","modified_gmt":"2026-05-16T15:36:45","slug":"bt-lpe200-kapak-7530299","status":"publish","type":"product","link":"https:\/\/ceoparts.com\/fr\/urun\/bt-lpe200-kapak-7530299\/","title":{"rendered":"Couvercle BT LPE200 &#8211; 7530299"},"content":{"rendered":"<p>Couvercle BT LPE200 &#8211; 7530299<\/p>","protected":false},"excerpt":{"rendered":"<p data-start=\"0\" data-end=\"346\"><br data-start=\"2527\" data-end=\"2530\" \/>Le <strong data-start=\"2533\" data-end=\"2552\">capot BT LPE200<\/strong> utilis\u00e9 sur les chariots \u00e9l\u00e9vateurs prot\u00e8ge les composants internes contre la poussi\u00e8re, la salet\u00e9 et les \u00e9l\u00e9ments ext\u00e9rieurs, garantissant ainsi une dur\u00e9e de vie prolong\u00e9e et un fonctionnement s\u00fbr. Sa mati\u00e8re r\u00e9sistante offre une haute protection contre les chocs et les conditions difficiles. Facile \u00e0 installer et contribue \u00e0 la performance du chariot.<\/p>\n<p data-start=\"2910\" data-end=\"3234\"><strong data-start=\"2910\" data-end=\"2932\">Caract\u00e9ristiques :<\/strong><br data-start=\"2932\" data-end=\"2935\" \/><strong data-start=\"2935\" data-end=\"2955\">Nom du produit :<\/strong> Capot BT LPE200<br data-start=\"2971\" data-end=\"2974\" \/><strong data-start=\"2974\" data-end=\"2989\">R\u00e9f\u00e9rence :<\/strong> 7530299<br data-start=\"2997\" data-end=\"3000\" \/><strong data-start=\"3000\" data-end=\"3014\">Mat\u00e9riau :<\/strong> Plastique et m\u00e9tal r\u00e9sistant<br data-start=\"3043\" data-end=\"3046\" \/><strong data-start=\"3046\" data-end=\"3070\">Zone d\u2019utilisation :<\/strong> Syst\u00e8mes de protection ext\u00e9rieure et carters de chariots \u00e9l\u00e9vateurs<br data-start=\"3138\" data-end=\"3141\" \/><strong data-start=\"3141\" data-end=\"3155\">Avantage :<\/strong> Haute r\u00e9sistance aux chocs, protection environnementale, installation facile<\/p>\n<p data-start=\"3236\" data-end=\"3602\">\n","protected":false},"featured_media":15233,"template":"","meta":[],"product_brand":[],"product_cat":[251,472,518],"product_tag":[],"class_list":{"0":"post-15231","1":"product","2":"type-product","3":"status-publish","4":"has-post-thumbnail","6":"product_cat-bt","7":"product_cat-kaporta-aksami","8":"product_cat-yedek-parca-bt","10":"first","11":"instock","12":"taxable","13":"shipping-taxable","14":"purchasable","15":"product-type-simple"},"_links":{"self":[{"href":"https:\/\/ceoparts.com\/fr\/wp-json\/wp\/v2\/product\/15231","targetHints":{"allow":["GET"]}}],"collection":[{"href":"https:\/\/ceoparts.com\/fr\/wp-json\/wp\/v2\/product"}],"about":[{"href":"https:\/\/ceoparts.com\/fr\/wp-json\/wp\/v2\/types\/product"}],"wp:featuredmedia":[{"embeddable":true,"href":"https:\/\/ceoparts.com\/fr\/wp-json\/wp\/v2\/media\/15233"}],"wp:attachment":[{"href":"https:\/\/ceoparts.com\/fr\/wp-json\/wp\/v2\/media?parent=15231"}],"wp:term":[{"taxonomy":"product_brand","embeddable":true,"href":"https:\/\/ceoparts.com\/fr\/wp-json\/wp\/v2\/product_brand?post=15231"},{"taxonomy":"product_cat","embeddable":true,"href":"https:\/\/ceoparts.com\/fr\/wp-json\/wp\/v2\/product_cat?post=15231"},{"taxonomy":"product_tag","embeddable":true,"href":"https:\/\/ceoparts.com\/fr\/wp-json\/wp\/v2\/product_tag?post=15231"}],"curies":[{"name":"wp","href":"https:\/\/api.w.org\/{rel}","templated":true}]}}