{"id":15240,"date":"2025-02-20T11:30:04","date_gmt":"2025-02-20T08:30:04","guid":{"rendered":"https:\/\/ceoparts.com\/?post_type=product&#038;p=15240"},"modified":"2026-05-16T20:15:44","modified_gmt":"2026-05-16T17:15:44","slug":"linde-kaucuk-takoz-0009654107","status":"publish","type":"product","link":"https:\/\/ceoparts.com\/fr\/urun\/linde-kaucuk-takoz-0009654107\/","title":{"rendered":"Bloc en caoutchouc Linde &#8211; 0009654107"},"content":{"rendered":"<p>Bloc en caoutchouc Linde &#8211; 0009654107<\/p>\n<p>Linde 0009654140<\/p>\n<p>Seria: 386-25 Typ: E14-20 Ex &#8211; Zone 1, 2 (2G, 3G)<br \/>\nSeria: 386-00 Typ: E12\/14\/15\/16\/18\/20 &#8211; 02<br \/>\nSeria: 386 Typ: E12\/14\/15\/16\/18\/20<br \/>\nSeria: 391-01 Typ: H14\/16\/18\/20<\/p>","protected":false},"excerpt":{"rendered":"<p data-start=\"68\" data-end=\"384\"><br data-start=\"2587\" data-end=\"2590\" \/>Le <strong data-start=\"2593\" data-end=\"2623\">tampon en caoutchouc Linde<\/strong>, utilis\u00e9 dans les applications de chariots \u00e9l\u00e9vateurs, prot\u00e8ge le ch\u00e2ssis et les composants de l\u2019appareil contre les chocs et vibrations gr\u00e2ce \u00e0 sa fonction d\u2019absorption des chocs. Sa structure souple et r\u00e9sistante assure une longue dur\u00e9e de vie. R\u00e9sistant aux d\u00e9formations dans des environnements difficiles, il am\u00e9liore les performances du chariot \u00e9l\u00e9vateur.<\/p>\n<p data-start=\"2986\" data-end=\"3316\"><strong data-start=\"2986\" data-end=\"3008\">Caract\u00e9ristiques :<\/strong><br data-start=\"3008\" data-end=\"3011\" \/><strong data-start=\"3011\" data-end=\"3031\">Nom du produit :<\/strong> Tampon en caoutchouc Linde<br data-start=\"3058\" data-end=\"3061\" \/><strong data-start=\"3061\" data-end=\"3076\">R\u00e9f\u00e9rence :<\/strong> 0009654107<br data-start=\"3087\" data-end=\"3090\" \/><strong data-start=\"3090\" data-end=\"3104\">Mat\u00e9riau :<\/strong> Caoutchouc de haute qualit\u00e9<br data-start=\"3132\" data-end=\"3135\" \/><strong data-start=\"3135\" data-end=\"3159\">Zone d\u2019utilisation :<\/strong> Syst\u00e8mes de protection du ch\u00e2ssis et des \u00e9quipements de chariots \u00e9l\u00e9vateurs<br data-start=\"3235\" data-end=\"3238\" \/><strong data-start=\"3238\" data-end=\"3252\">Avantage :<\/strong> Structure amortissante, longue dur\u00e9e de vie, haute r\u00e9sistance<\/p>\n<p data-start=\"3318\" data-end=\"3710\">\n","protected":false},"featured_media":15242,"template":"","meta":[],"product_brand":[],"product_cat":[246,470,523],"product_tag":[],"class_list":{"0":"post-15240","1":"product","2":"type-product","3":"status-publish","4":"has-post-thumbnail","6":"product_cat-linde","7":"product_cat-diger-yedek-parcalar","8":"product_cat-yedek-parca-linde","10":"first","11":"instock","12":"taxable","13":"shipping-taxable","14":"purchasable","15":"product-type-simple"},"_links":{"self":[{"href":"https:\/\/ceoparts.com\/fr\/wp-json\/wp\/v2\/product\/15240","targetHints":{"allow":["GET"]}}],"collection":[{"href":"https:\/\/ceoparts.com\/fr\/wp-json\/wp\/v2\/product"}],"about":[{"href":"https:\/\/ceoparts.com\/fr\/wp-json\/wp\/v2\/types\/product"}],"wp:featuredmedia":[{"embeddable":true,"href":"https:\/\/ceoparts.com\/fr\/wp-json\/wp\/v2\/media\/15242"}],"wp:attachment":[{"href":"https:\/\/ceoparts.com\/fr\/wp-json\/wp\/v2\/media?parent=15240"}],"wp:term":[{"taxonomy":"product_brand","embeddable":true,"href":"https:\/\/ceoparts.com\/fr\/wp-json\/wp\/v2\/product_brand?post=15240"},{"taxonomy":"product_cat","embeddable":true,"href":"https:\/\/ceoparts.com\/fr\/wp-json\/wp\/v2\/product_cat?post=15240"},{"taxonomy":"product_tag","embeddable":true,"href":"https:\/\/ceoparts.com\/fr\/wp-json\/wp\/v2\/product_tag?post=15240"}],"curies":[{"name":"wp","href":"https:\/\/api.w.org\/{rel}","templated":true}]}}