{"id":15265,"date":"2025-02-20T13:22:51","date_gmt":"2025-02-20T10:22:51","guid":{"rendered":"https:\/\/ceoparts.com\/?post_type=product&#038;p=15265"},"modified":"2026-05-16T18:58:27","modified_gmt":"2026-05-16T15:58:27","slug":"forklift-universal-gomme-kapi-kilidi-sag-0029302400","status":"publish","type":"product","link":"https:\/\/ceoparts.com\/fr\/urun\/forklift-universal-gomme-kapi-kilidi-sag-0029302400\/","title":{"rendered":"Serrure de porte encastr\u00e9e universelle pour chariot \u00e9l\u00e9vateur droite &#8211; 0029302400"},"content":{"rendered":"<p>Serrure de porte encastr\u00e9e universelle pour chariot \u00e9l\u00e9vateur droite &#8211; 0029302400<\/p>","protected":false},"excerpt":{"rendered":"<p data-start=\"190\" data-end=\"623\"><br data-start=\"2822\" data-end=\"2825\" \/><strong data-start=\"2825\" data-end=\"2914\">Serrure de porte encastr\u00e9e universelle pour chariot \u00e9l\u00e9vateur c\u00f4t\u00e9 droit \u2013 0029302400<\/strong> est un m\u00e9canisme de verrouillage durable utilis\u00e9 sur les chariots \u00e9l\u00e9vateurs et v\u00e9hicules d&#8217;entrep\u00f4t pour <strong data-start=\"3021\" data-end=\"3119\">verrouiller la cabine en toute s\u00e9curit\u00e9 et emp\u00eacher les portes de s&#8217;ouvrir pendant la conduite<\/strong>. Convient pour une installation \u00e0 droite. Sa <strong data-start=\"3165\" data-end=\"3213\">construction r\u00e9sistante aux chocs et durable<\/strong> le rend id\u00e9al pour un usage intensif. Installation facile et utilisation ergonomique.<\/p>\n<p data-start=\"3301\" data-end=\"3566\"><strong data-start=\"3301\" data-end=\"3323\">Caract\u00e9ristiques :<\/strong><br data-start=\"3323\" data-end=\"3326\" \/>Nom du produit : Serrure de porte encastr\u00e9e universelle pour chariot \u00e9l\u00e9vateur c\u00f4t\u00e9 droit<br data-start=\"3415\" data-end=\"3418\" \/>R\u00e9f\u00e9rence : 0029302400<br data-start=\"3440\" data-end=\"3443\" \/>Mat\u00e9riau : Corps en m\u00e9tal<br data-start=\"3468\" data-end=\"3471\" \/>Utilisation : Portes de cabine de chariot \u00e9l\u00e9vateur<br data-start=\"3522\" data-end=\"3525\" \/>Avantage : Haute durabilit\u00e9 et s\u00e9curit\u00e9<\/p>\n<p data-start=\"3568\" data-end=\"4015\">\n","protected":false},"featured_media":15266,"template":"","meta":[],"product_brand":[],"product_cat":[470],"product_tag":[],"class_list":{"0":"post-15265","1":"product","2":"type-product","3":"status-publish","4":"has-post-thumbnail","6":"product_cat-diger-yedek-parcalar","8":"first","9":"instock","10":"taxable","11":"shipping-taxable","12":"purchasable","13":"product-type-simple"},"_links":{"self":[{"href":"https:\/\/ceoparts.com\/fr\/wp-json\/wp\/v2\/product\/15265","targetHints":{"allow":["GET"]}}],"collection":[{"href":"https:\/\/ceoparts.com\/fr\/wp-json\/wp\/v2\/product"}],"about":[{"href":"https:\/\/ceoparts.com\/fr\/wp-json\/wp\/v2\/types\/product"}],"wp:featuredmedia":[{"embeddable":true,"href":"https:\/\/ceoparts.com\/fr\/wp-json\/wp\/v2\/media\/15266"}],"wp:attachment":[{"href":"https:\/\/ceoparts.com\/fr\/wp-json\/wp\/v2\/media?parent=15265"}],"wp:term":[{"taxonomy":"product_brand","embeddable":true,"href":"https:\/\/ceoparts.com\/fr\/wp-json\/wp\/v2\/product_brand?post=15265"},{"taxonomy":"product_cat","embeddable":true,"href":"https:\/\/ceoparts.com\/fr\/wp-json\/wp\/v2\/product_cat?post=15265"},{"taxonomy":"product_tag","embeddable":true,"href":"https:\/\/ceoparts.com\/fr\/wp-json\/wp\/v2\/product_tag?post=15265"}],"curies":[{"name":"wp","href":"https:\/\/api.w.org\/{rel}","templated":true}]}}