{"id":15269,"date":"2025-02-20T13:44:49","date_gmt":"2025-02-20T10:44:49","guid":{"rendered":"https:\/\/ceoparts.com\/?post_type=product&#038;p=15269"},"modified":"2026-05-16T20:15:40","modified_gmt":"2026-05-16T17:15:40","slug":"jungheinrich-kumanda-dugme-paneli-51385595","status":"publish","type":"product","link":"https:\/\/ceoparts.com\/fr\/urun\/jungheinrich-kumanda-dugme-paneli-51385595\/","title":{"rendered":"Panneau de boutons de commande Jungheinrich &#8211; 51385595"},"content":{"rendered":"<p>Panneau de boutons de commande Jungheinrich &#8211; 51385595<\/p>","protected":false},"excerpt":{"rendered":"<p data-start=\"107\" data-end=\"558\"><br data-start=\"2983\" data-end=\"2986\" \/>Le <strong data-start=\"2989\" data-end=\"3035\">panneau de commande \u00e0 boutons Jungheinrich<\/strong> est une unit\u00e9 de commande sp\u00e9cialis\u00e9e pour les chariots \u00e9l\u00e9vateurs et \u00e9quipements d&#8217;entrep\u00f4t, offrant un <strong data-start=\"3141\" data-end=\"3240\">contr\u00f4le s\u00fbr et simple des mouvements de levage, d&#8217;inclinaison et des fonctions suppl\u00e9mentaires<\/strong>. Il permet \u00e0 l\u2019op\u00e9rateur d\u2019acc\u00e9der rapidement aux fonctions essentielles et, gr\u00e2ce \u00e0 sa <strong data-start=\"3329\" data-end=\"3398\">r\u00e9sistance aux chocs, aux vibrations et \u00e0 l\u2019utilisation intensive<\/strong>, garantit une longue dur\u00e9e de vie. Son design ergonomique am\u00e9liore la s\u00e9curit\u00e9 et l\u2019efficacit\u00e9 des op\u00e9rations.<\/p>\n<p data-start=\"3511\" data-end=\"3800\"><strong data-start=\"3511\" data-end=\"3533\">Caract\u00e9ristiques :<\/strong><br data-start=\"3533\" data-end=\"3536\" \/><strong data-start=\"3536\" data-end=\"3556\">Nom du produit :<\/strong> Panneau de commande \u00e0 boutons Jungheinrich<br data-start=\"3599\" data-end=\"3602\" \/><strong data-start=\"3602\" data-end=\"3617\">R\u00e9f\u00e9rence :<\/strong> 51385595<br data-start=\"3626\" data-end=\"3629\" \/><strong data-start=\"3629\" data-end=\"3643\">Mat\u00e9riau :<\/strong> Plastique durable et composants \u00e9lectroniques<br data-start=\"3689\" data-end=\"3692\" \/><strong data-start=\"3692\" data-end=\"3709\">Utilisation :<\/strong> Syst\u00e8mes de commande de chariots \u00e9l\u00e9vateurs<br data-start=\"3753\" data-end=\"3756\" \/><strong data-start=\"3756\" data-end=\"3770\">Avantage :<\/strong> Ergonomique, robuste et s\u00fbr<\/p>\n<p data-start=\"3802\" data-end=\"4315\">\n","protected":false},"featured_media":15271,"template":"","meta":[],"product_brand":[],"product_cat":[522,236,251,470,518],"product_tag":[],"class_list":{"0":"post-15269","1":"product","2":"type-product","3":"status-publish","4":"has-post-thumbnail","6":"product_cat-yedek-parca-jungheinrich","7":"product_cat-jungheinrich","8":"product_cat-bt","9":"product_cat-diger-yedek-parcalar","10":"product_cat-yedek-parca-bt","12":"first","13":"instock","14":"taxable","15":"shipping-taxable","16":"purchasable","17":"product-type-simple"},"_links":{"self":[{"href":"https:\/\/ceoparts.com\/fr\/wp-json\/wp\/v2\/product\/15269","targetHints":{"allow":["GET"]}}],"collection":[{"href":"https:\/\/ceoparts.com\/fr\/wp-json\/wp\/v2\/product"}],"about":[{"href":"https:\/\/ceoparts.com\/fr\/wp-json\/wp\/v2\/types\/product"}],"wp:featuredmedia":[{"embeddable":true,"href":"https:\/\/ceoparts.com\/fr\/wp-json\/wp\/v2\/media\/15271"}],"wp:attachment":[{"href":"https:\/\/ceoparts.com\/fr\/wp-json\/wp\/v2\/media?parent=15269"}],"wp:term":[{"taxonomy":"product_brand","embeddable":true,"href":"https:\/\/ceoparts.com\/fr\/wp-json\/wp\/v2\/product_brand?post=15269"},{"taxonomy":"product_cat","embeddable":true,"href":"https:\/\/ceoparts.com\/fr\/wp-json\/wp\/v2\/product_cat?post=15269"},{"taxonomy":"product_tag","embeddable":true,"href":"https:\/\/ceoparts.com\/fr\/wp-json\/wp\/v2\/product_tag?post=15269"}],"curies":[{"name":"wp","href":"https:\/\/api.w.org\/{rel}","templated":true}]}}