{"id":15278,"date":"2025-02-20T14:08:11","date_gmt":"2025-02-20T11:08:11","guid":{"rendered":"https:\/\/ceoparts.com\/?post_type=product&#038;p=15278"},"modified":"2026-05-16T21:25:56","modified_gmt":"2026-05-16T18:25:56","slug":"jungheinrich-amortisor-250n-51727503","status":"publish","type":"product","link":"https:\/\/ceoparts.com\/fr\/urun\/jungheinrich-amortisor-250n-51727503\/","title":{"rendered":"Amortisseur Jungheinrich 250N &#8211; 51727503"},"content":{"rendered":"<p>Amortisseur Jungheinrich 250N &#8211; 51727503<\/p>\n<p><strong data-start=\"2127\" data-end=\"2142\">Application<\/strong>: Ressort \u00e0 gaz<br data-start=\"2157\" data-end=\"2160\" \/><strong data-start=\"2160\" data-end=\"2203\">Type de ressort \u00e0 gaz\/amortisseur \u00e0 gaz<\/strong>: Type pouss\u00e9<br data-start=\"2216\" data-end=\"2219\" \/><strong data-start=\"2219\" data-end=\"2263\">Diam\u00e8tre de la tige d&#8217;aspiration D1 (mm)<\/strong>: 10<br data-start=\"2267\" data-end=\"2270\" \/><strong data-start=\"2270\" data-end=\"2293\">Force en Newton (N)<\/strong>: 250.0<br data-start=\"2300\" data-end=\"2303\" \/><strong data-start=\"2303\" data-end=\"2333\">Distance du centre C1 (mm)<\/strong>: 270<br data-start=\"2338\" data-end=\"2341\" \/><strong data-start=\"2341\" data-end=\"2385\">Longueur de la tige d&#8217;aspiration L1 (mm)<\/strong>: 65<br data-start=\"2389\" data-end=\"2392\" \/><strong data-start=\"2392\" data-end=\"2439\">Type de montage, tige d&#8217;aspiration lat\u00e9rale<\/strong>: Type L<br data-start=\"2447\" data-end=\"2450\" \/><strong data-start=\"2450\" data-end=\"2486\">Partie de connexion filet\u00e9e TA1a<\/strong>: M10<br data-start=\"2491\" data-end=\"2494\" \/><strong data-start=\"2494\" data-end=\"2522\">Joint \u00e0 bille disponible<\/strong>: NON<br data-start=\"2527\" data-end=\"2530\" \/><strong data-start=\"2530\" data-end=\"2554\">Prise (a) disponible<\/strong>: NON<br data-start=\"2559\" data-end=\"2562\" \/><strong data-start=\"2562\" data-end=\"2596\">Type de montage, c\u00f4t\u00e9 cylindre<\/strong>: Type D<br data-start=\"2604\" data-end=\"2607\" \/><strong data-start=\"2607\" data-end=\"2650\">Largeur de la pi\u00e8ce de montage W1b (mm)<\/strong>: 19<br data-start=\"2654\" data-end=\"2657\" \/><strong data-start=\"2657\" data-end=\"2701\">Diam\u00e8tre de l&#8217;anneau de montage D3b (mm)<\/strong>: 8<br data-start=\"2704\" data-end=\"2707\" \/><strong data-start=\"2707\" data-end=\"2742\">Distance de connexion L4 b (mm)<\/strong>: 17<br data-start=\"2746\" data-end=\"2749\" \/><strong data-start=\"2749\" data-end=\"2792\">\u00c9paisseur de l&#8217;\u0153il de connexion Tb (mm)<\/strong>: 12<br data-start=\"2796\" data-end=\"2799\" \/><strong data-start=\"2799\" data-end=\"2827\">Joint \u00e0 bille disponible<\/strong>: NON<br data-start=\"2832\" data-end=\"2835\" \/><strong data-start=\"2835\" data-end=\"2859\">Prise (b) disponible<\/strong>: NON<\/p>","protected":false},"excerpt":{"rendered":"<p data-start=\"99\" data-end=\"481\"><br data-start=\"2554\" data-end=\"2557\" \/>L\u2019<strong data-start=\"2559\" data-end=\"2592\">amortisseur Jungheinrich 250N<\/strong> est utilis\u00e9 dans les chariots \u00e9l\u00e9vateurs et \u00e9quipements industriels pour garantir <strong data-start=\"2675\" data-end=\"2771\">l\u2019ouverture et la fermeture contr\u00f4l\u00e9es et \u00e9quilibr\u00e9es des capots, panneaux et pi\u00e8ces mobiles<\/strong>. Avec une force de 250N, il prot\u00e8ge les pi\u00e8ces m\u00e9caniques et am\u00e9liore la <strong data-start=\"2845\" data-end=\"2871\">s\u00e9curit\u00e9 d\u2019utilisation<\/strong>. Sa structure solide et sa longue dur\u00e9e de vie assurent des performances fiables.<\/p>\n<p data-start=\"2955\" data-end=\"3210\"><strong data-start=\"2955\" data-end=\"2977\">Caract\u00e9ristiques :<\/strong><br data-start=\"2977\" data-end=\"2980\" \/><strong data-start=\"2980\" data-end=\"3000\">Nom du produit :<\/strong> Amortisseur Jungheinrich 250N<br data-start=\"3030\" data-end=\"3033\" \/><strong data-start=\"3033\" data-end=\"3048\">R\u00e9f\u00e9rence :<\/strong> 51727503<br data-start=\"3057\" data-end=\"3060\" \/><strong data-start=\"3060\" data-end=\"3071\">Force :<\/strong> 250N<br data-start=\"3076\" data-end=\"3079\" \/><strong data-start=\"3079\" data-end=\"3096\">Utilisation :<\/strong> Capots, supports de panneaux et pi\u00e8ces mobiles de chariot \u00e9l\u00e9vateur<br data-start=\"3164\" data-end=\"3167\" \/><strong data-start=\"3167\" data-end=\"3181\">Avantage :<\/strong> Robuste, fiable et durable<\/p>\n<p data-start=\"3212\" data-end=\"3602\">\n","protected":false},"featured_media":15280,"template":"","meta":[],"product_brand":[],"product_cat":[236,246,497,522,523],"product_tag":[],"class_list":{"0":"post-15278","1":"product","2":"type-product","3":"status-publish","4":"has-post-thumbnail","6":"product_cat-jungheinrich","7":"product_cat-linde","8":"product_cat-amortisor-grubu","9":"product_cat-yedek-parca-jungheinrich","10":"product_cat-yedek-parca-linde","12":"first","13":"instock","14":"taxable","15":"shipping-taxable","16":"purchasable","17":"product-type-simple"},"_links":{"self":[{"href":"https:\/\/ceoparts.com\/fr\/wp-json\/wp\/v2\/product\/15278","targetHints":{"allow":["GET"]}}],"collection":[{"href":"https:\/\/ceoparts.com\/fr\/wp-json\/wp\/v2\/product"}],"about":[{"href":"https:\/\/ceoparts.com\/fr\/wp-json\/wp\/v2\/types\/product"}],"wp:featuredmedia":[{"embeddable":true,"href":"https:\/\/ceoparts.com\/fr\/wp-json\/wp\/v2\/media\/15280"}],"wp:attachment":[{"href":"https:\/\/ceoparts.com\/fr\/wp-json\/wp\/v2\/media?parent=15278"}],"wp:term":[{"taxonomy":"product_brand","embeddable":true,"href":"https:\/\/ceoparts.com\/fr\/wp-json\/wp\/v2\/product_brand?post=15278"},{"taxonomy":"product_cat","embeddable":true,"href":"https:\/\/ceoparts.com\/fr\/wp-json\/wp\/v2\/product_cat?post=15278"},{"taxonomy":"product_tag","embeddable":true,"href":"https:\/\/ceoparts.com\/fr\/wp-json\/wp\/v2\/product_tag?post=15278"}],"curies":[{"name":"wp","href":"https:\/\/api.w.org\/{rel}","templated":true}]}}