{"id":15286,"date":"2025-02-20T14:33:38","date_gmt":"2025-02-20T11:33:38","guid":{"rendered":"https:\/\/ceoparts.com\/?post_type=product&#038;p=15286"},"modified":"2026-05-16T21:25:25","modified_gmt":"2026-05-16T18:25:25","slug":"linde-destek-baglanti-parcasi-3875270302","status":"publish","type":"product","link":"https:\/\/ceoparts.com\/fr\/urun\/linde-destek-baglanti-parcasi-3875270302\/","title":{"rendered":"Pi\u00e8ce de connexion de support Linde &#8211; 3875270302"},"content":{"rendered":"<p>Pi\u00e8ce de connexion de support Linde &#8211; 3875270302<\/p>","protected":false},"excerpt":{"rendered":"<p data-start=\"206\" data-end=\"634\"><br data-start=\"2929\" data-end=\"2932\" \/>La <strong data-start=\"2935\" data-end=\"2974\">pi\u00e8ce de connexion de support Linde<\/strong> est un composant solide et de haute qualit\u00e9 utilis\u00e9 aux <strong data-start=\"3031\" data-end=\"3077\">points de connexion hydrauliques s\u00e9curis\u00e9s<\/strong> des chariots \u00e9l\u00e9vateurs et machines industrielles. Elle garantit la stabilit\u00e9 du syst\u00e8me en fixant solidement les tuyaux et conduites de mani\u00e8re \u00e9tanche. Tr\u00e8s r\u00e9sistante \u00e0 la pression et aux conditions de travail difficiles. <strong data-start=\"3303\" data-end=\"3384\">Un \u00e9l\u00e9ment essentiel pour la performance et la s\u00e9curit\u00e9 du chariot \u00e9l\u00e9vateur.<\/strong><\/p>\n<p data-start=\"3386\" data-end=\"3662\"><strong data-start=\"3386\" data-end=\"3408\">Caract\u00e9ristiques :<\/strong><br data-start=\"3408\" data-end=\"3411\" \/><strong data-start=\"3411\" data-end=\"3431\">Nom du produit :<\/strong> Pi\u00e8ce de connexion de support Linde<br data-start=\"3467\" data-end=\"3470\" \/><strong data-start=\"3470\" data-end=\"3485\">R\u00e9f\u00e9rence :<\/strong> 3875270302<br data-start=\"3496\" data-end=\"3499\" \/><strong data-start=\"3499\" data-end=\"3513\">Mat\u00e9riau :<\/strong> Alliage m\u00e9tallique haute r\u00e9sistance<br data-start=\"3549\" data-end=\"3552\" \/><strong data-start=\"3552\" data-end=\"3569\">Utilisation :<\/strong> Syst\u00e8mes hydrauliques de chariots et machines<br data-start=\"3615\" data-end=\"3618\" \/><strong data-start=\"3618\" data-end=\"3632\">Avantage :<\/strong> Robuste, \u00e9tanche et durable<\/p>\n<p data-start=\"3664\" data-end=\"4106\">\n","protected":false},"featured_media":15288,"template":"","meta":[],"product_brand":[],"product_cat":[246,470,523],"product_tag":[],"class_list":{"0":"post-15286","1":"product","2":"type-product","3":"status-publish","4":"has-post-thumbnail","6":"product_cat-linde","7":"product_cat-diger-yedek-parcalar","8":"product_cat-yedek-parca-linde","10":"first","11":"instock","12":"taxable","13":"shipping-taxable","14":"purchasable","15":"product-type-simple"},"_links":{"self":[{"href":"https:\/\/ceoparts.com\/fr\/wp-json\/wp\/v2\/product\/15286","targetHints":{"allow":["GET"]}}],"collection":[{"href":"https:\/\/ceoparts.com\/fr\/wp-json\/wp\/v2\/product"}],"about":[{"href":"https:\/\/ceoparts.com\/fr\/wp-json\/wp\/v2\/types\/product"}],"wp:featuredmedia":[{"embeddable":true,"href":"https:\/\/ceoparts.com\/fr\/wp-json\/wp\/v2\/media\/15288"}],"wp:attachment":[{"href":"https:\/\/ceoparts.com\/fr\/wp-json\/wp\/v2\/media?parent=15286"}],"wp:term":[{"taxonomy":"product_brand","embeddable":true,"href":"https:\/\/ceoparts.com\/fr\/wp-json\/wp\/v2\/product_brand?post=15286"},{"taxonomy":"product_cat","embeddable":true,"href":"https:\/\/ceoparts.com\/fr\/wp-json\/wp\/v2\/product_cat?post=15286"},{"taxonomy":"product_tag","embeddable":true,"href":"https:\/\/ceoparts.com\/fr\/wp-json\/wp\/v2\/product_tag?post=15286"}],"curies":[{"name":"wp","href":"https:\/\/api.w.org\/{rel}","templated":true}]}}