{"id":15308,"date":"2025-02-20T15:16:06","date_gmt":"2025-02-20T12:16:06","guid":{"rendered":"https:\/\/ceoparts.com\/?post_type=product&#038;p=15308"},"modified":"2026-05-16T18:58:25","modified_gmt":"2026-05-16T15:58:25","slug":"still-linde-l16-exvsf-mekanizma-baglanti-ayagi-11734511900","status":"publish","type":"product","link":"https:\/\/ceoparts.com\/fr\/urun\/still-linde-l16-exvsf-mekanizma-baglanti-ayagi-11734511900\/","title":{"rendered":"Still \/ Linde L16\/EXVSF Pied de connexion du m\u00e9canisme &#8211; 11734511900"},"content":{"rendered":"<p>Still \/ Linde L16\/EXVSF Pied de connexion du m\u00e9canisme &#8211; 11734511900<\/p>","protected":false},"excerpt":{"rendered":"<p data-start=\"64\" data-end=\"496\"><br data-start=\"2816\" data-end=\"2819\" \/>Le <strong data-start=\"2822\" data-end=\"2880\">pied de connexion du m\u00e9canisme Still \/ Linde L16\/EXVSF<\/strong> est un composant de connexion crucial dans les syst\u00e8mes m\u00e9caniques des chariots \u00e9l\u00e9vateurs et machines industrielles. Cette pi\u00e8ce tr\u00e8s r\u00e9sistante assemble solidement les composants mobiles de la machine et minimise les vibrations, garantissant performance et fiabilit\u00e9 pendant l\u2019op\u00e9ration. Con\u00e7u avec des techniques de fabrication pr\u00e9cises, il offre une installation facile et une longue dur\u00e9e de vie.<\/p>\n<p data-start=\"3284\" data-end=\"3576\"><strong data-start=\"3284\" data-end=\"3306\">Caract\u00e9ristiques :<\/strong><br data-start=\"3306\" data-end=\"3309\" \/><strong data-start=\"3309\" data-end=\"3328\">Compatibilit\u00e9 :<\/strong> mod\u00e8les Still et Linde L16\/EXVSF<br data-start=\"3361\" data-end=\"3364\" \/><strong data-start=\"3364\" data-end=\"3378\">Fonction :<\/strong> pied de connexion du m\u00e9canisme<br data-start=\"3409\" data-end=\"3412\" \/><strong data-start=\"3412\" data-end=\"3428\">Durabilit\u00e9 :<\/strong> haute r\u00e9sistance et r\u00e9duction des vibrations<br data-start=\"3473\" data-end=\"3476\" \/><strong data-start=\"3476\" data-end=\"3494\">Installation :<\/strong> installation facile<br data-start=\"3514\" data-end=\"3517\" \/><strong data-start=\"3517\" data-end=\"3534\">Application :<\/strong> chariots \u00e9l\u00e9vateurs et machines lourdes<\/p>\n<p data-start=\"3578\" data-end=\"4030\">\n","protected":false},"featured_media":15310,"template":"","meta":[],"product_brand":[],"product_cat":[524,241,246,470,523],"product_tag":[],"class_list":{"0":"post-15308","1":"product","2":"type-product","3":"status-publish","4":"has-post-thumbnail","6":"product_cat-yedek-parca-still","7":"product_cat-still","8":"product_cat-linde","9":"product_cat-diger-yedek-parcalar","10":"product_cat-yedek-parca-linde","12":"first","13":"instock","14":"taxable","15":"shipping-taxable","16":"purchasable","17":"product-type-simple"},"_links":{"self":[{"href":"https:\/\/ceoparts.com\/fr\/wp-json\/wp\/v2\/product\/15308","targetHints":{"allow":["GET"]}}],"collection":[{"href":"https:\/\/ceoparts.com\/fr\/wp-json\/wp\/v2\/product"}],"about":[{"href":"https:\/\/ceoparts.com\/fr\/wp-json\/wp\/v2\/types\/product"}],"wp:featuredmedia":[{"embeddable":true,"href":"https:\/\/ceoparts.com\/fr\/wp-json\/wp\/v2\/media\/15310"}],"wp:attachment":[{"href":"https:\/\/ceoparts.com\/fr\/wp-json\/wp\/v2\/media?parent=15308"}],"wp:term":[{"taxonomy":"product_brand","embeddable":true,"href":"https:\/\/ceoparts.com\/fr\/wp-json\/wp\/v2\/product_brand?post=15308"},{"taxonomy":"product_cat","embeddable":true,"href":"https:\/\/ceoparts.com\/fr\/wp-json\/wp\/v2\/product_cat?post=15308"},{"taxonomy":"product_tag","embeddable":true,"href":"https:\/\/ceoparts.com\/fr\/wp-json\/wp\/v2\/product_tag?post=15308"}],"curies":[{"name":"wp","href":"https:\/\/api.w.org\/{rel}","templated":true}]}}