{"id":15313,"date":"2025-02-20T15:28:51","date_gmt":"2025-02-20T12:28:51","guid":{"rendered":"https:\/\/ceoparts.com\/?post_type=product&#038;p=15313"},"modified":"2026-05-16T17:47:18","modified_gmt":"2026-05-16T14:47:18","slug":"linde-fan-48v-7918911710","status":"publish","type":"product","link":"https:\/\/ceoparts.com\/fr\/urun\/linde-fan-48v-7918911710\/","title":{"rendered":"Ventilateur Linde 48V &#8211; 7918911710"},"content":{"rendered":"<p>Ventilateur Linde 48V &#8211; 7918911710<\/p>\n<p><\/p>","protected":false},"excerpt":{"rendered":"<p data-start=\"28\" data-end=\"473\"><br data-start=\"2986\" data-end=\"2989\" \/>Le <strong data-start=\"2992\" data-end=\"3017\">ventilateur Linde 48V<\/strong> est un ventilateur de refroidissement performant et durable utilis\u00e9 sur les chariots \u00e9l\u00e9vateurs et machines industrielles. Fonctionnant \u00e0 48 volts, il emp\u00eache la surchauffe des moteurs et composants \u00e9lectroniques, assurant un fonctionnement durable et efficace de la machine. Son fonctionnement silencieux am\u00e9liore le confort de l\u2019op\u00e9rateur, tandis que sa construction robuste offre une r\u00e9sistance aux conditions de travail difficiles. Facile \u00e0 installer, il acc\u00e9l\u00e8re les processus de maintenance.<\/p>\n<p data-start=\"3517\" data-end=\"3852\"><strong data-start=\"3517\" data-end=\"3539\">Caract\u00e9ristiques :<\/strong><br data-start=\"3539\" data-end=\"3542\" \/><strong data-start=\"3542\" data-end=\"3573\">Tension de fonctionnement :<\/strong> 48V<br data-start=\"3577\" data-end=\"3580\" \/><strong data-start=\"3580\" data-end=\"3597\">Application :<\/strong> Syst\u00e8me de refroidissement pour chariots \u00e9l\u00e9vateurs et machines industrielles<br data-start=\"3675\" data-end=\"3678\" \/><strong data-start=\"3678\" data-end=\"3694\">Durabilit\u00e9 :<\/strong> Haute durabilit\u00e9, adapt\u00e9e aux environnements difficiles<br data-start=\"3750\" data-end=\"3753\" \/><strong data-start=\"3753\" data-end=\"3770\">Performance :<\/strong> Refroidissement silencieux et efficace<br data-start=\"3809\" data-end=\"3812\" \/><strong data-start=\"3812\" data-end=\"3830\">Installation :<\/strong> Installation facile<\/p>\n<p data-start=\"3854\" data-end=\"4365\">\n<p>386 E12\/14\/15\/16\/18\/20<\/p>\n","protected":false},"featured_media":15315,"template":"","meta":[],"product_brand":[],"product_cat":[246,470,523],"product_tag":[],"class_list":{"0":"post-15313","1":"product","2":"type-product","3":"status-publish","4":"has-post-thumbnail","6":"product_cat-linde","7":"product_cat-diger-yedek-parcalar","8":"product_cat-yedek-parca-linde","10":"first","11":"instock","12":"taxable","13":"shipping-taxable","14":"purchasable","15":"product-type-simple"},"_links":{"self":[{"href":"https:\/\/ceoparts.com\/fr\/wp-json\/wp\/v2\/product\/15313","targetHints":{"allow":["GET"]}}],"collection":[{"href":"https:\/\/ceoparts.com\/fr\/wp-json\/wp\/v2\/product"}],"about":[{"href":"https:\/\/ceoparts.com\/fr\/wp-json\/wp\/v2\/types\/product"}],"wp:featuredmedia":[{"embeddable":true,"href":"https:\/\/ceoparts.com\/fr\/wp-json\/wp\/v2\/media\/15315"}],"wp:attachment":[{"href":"https:\/\/ceoparts.com\/fr\/wp-json\/wp\/v2\/media?parent=15313"}],"wp:term":[{"taxonomy":"product_brand","embeddable":true,"href":"https:\/\/ceoparts.com\/fr\/wp-json\/wp\/v2\/product_brand?post=15313"},{"taxonomy":"product_cat","embeddable":true,"href":"https:\/\/ceoparts.com\/fr\/wp-json\/wp\/v2\/product_cat?post=15313"},{"taxonomy":"product_tag","embeddable":true,"href":"https:\/\/ceoparts.com\/fr\/wp-json\/wp\/v2\/product_tag?post=15313"}],"curies":[{"name":"wp","href":"https:\/\/api.w.org\/{rel}","templated":true}]}}