{"id":15317,"date":"2025-02-20T15:39:40","date_gmt":"2025-02-20T12:39:40","guid":{"rendered":"https:\/\/ceoparts.com\/?post_type=product&#038;p=15317"},"modified":"2026-05-16T18:58:01","modified_gmt":"2026-05-16T15:58:01","slug":"jungheinrich-joystick-parcasi-51385524-51354632","status":"publish","type":"product","link":"https:\/\/ceoparts.com\/fr\/urun\/jungheinrich-joystick-parcasi-51385524-51354632\/","title":{"rendered":"Pi\u00e8ce de joystick Jungheinrich &#8211; 51385524, 51354632"},"content":{"rendered":"<p>Pi\u00e8ce de joystick Jungheinrich &#8211; 51385524, 51354632<\/p>","protected":false},"excerpt":{"rendered":"<p data-start=\"52\" data-end=\"500\"><br data-start=\"3001\" data-end=\"3004\" \/>La <strong data-start=\"3007\" data-end=\"3041\">pi\u00e8ce de joystick Jungheinrich<\/strong> est un composant essentiel pour un contr\u00f4le pr\u00e9cis des chariots \u00e9l\u00e9vateurs et machines industrielles. Son design ergonomique am\u00e9liore le confort de l\u2019op\u00e9rateur, tandis que ses mat\u00e9riaux durables garantissent une longue dur\u00e9e de vie. Ces pi\u00e8ces de joystick sont con\u00e7ues pour g\u00e9rer avec pr\u00e9cision et s\u00e9curit\u00e9 les mouvements et fonctions du chariot \u00e9l\u00e9vateur. Facile \u00e0 installer et enti\u00e8rement compatible, elles soutiennent la performance optimale des machines Jungheinrich.<\/p>\n<p data-start=\"3515\" data-end=\"3837\"><strong data-start=\"3515\" data-end=\"3537\">Caract\u00e9ristiques :<\/strong><br data-start=\"3537\" data-end=\"3540\" \/><strong data-start=\"3540\" data-end=\"3559\">Compatibilit\u00e9 :<\/strong> Chariots \u00e9l\u00e9vateurs et machines industrielles Jungheinrich<br data-start=\"3618\" data-end=\"3621\" \/><strong data-start=\"3621\" data-end=\"3635\">Mat\u00e9riau :<\/strong> Plastique et m\u00e9tal de haute qualit\u00e9 et durable<br data-start=\"3682\" data-end=\"3685\" \/><strong data-start=\"3685\" data-end=\"3699\">Fonction :<\/strong> Contr\u00f4le pr\u00e9cis des mouvements et fonctions<br data-start=\"3743\" data-end=\"3746\" \/><strong data-start=\"3746\" data-end=\"3761\">Ergonomie :<\/strong> Confort de l\u2019op\u00e9rateur<br data-start=\"3784\" data-end=\"3787\" \/><strong data-start=\"3787\" data-end=\"3805\">Installation :<\/strong> Installation facile et rapide<\/p>\n<p data-start=\"3839\" data-end=\"4341\">\n","protected":false},"featured_media":15319,"template":"","meta":[],"product_brand":[],"product_cat":[236,470,522],"product_tag":[],"class_list":{"0":"post-15317","1":"product","2":"type-product","3":"status-publish","4":"has-post-thumbnail","6":"product_cat-jungheinrich","7":"product_cat-diger-yedek-parcalar","8":"product_cat-yedek-parca-jungheinrich","10":"first","11":"instock","12":"taxable","13":"shipping-taxable","14":"purchasable","15":"product-type-simple"},"_links":{"self":[{"href":"https:\/\/ceoparts.com\/fr\/wp-json\/wp\/v2\/product\/15317","targetHints":{"allow":["GET"]}}],"collection":[{"href":"https:\/\/ceoparts.com\/fr\/wp-json\/wp\/v2\/product"}],"about":[{"href":"https:\/\/ceoparts.com\/fr\/wp-json\/wp\/v2\/types\/product"}],"wp:featuredmedia":[{"embeddable":true,"href":"https:\/\/ceoparts.com\/fr\/wp-json\/wp\/v2\/media\/15319"}],"wp:attachment":[{"href":"https:\/\/ceoparts.com\/fr\/wp-json\/wp\/v2\/media?parent=15317"}],"wp:term":[{"taxonomy":"product_brand","embeddable":true,"href":"https:\/\/ceoparts.com\/fr\/wp-json\/wp\/v2\/product_brand?post=15317"},{"taxonomy":"product_cat","embeddable":true,"href":"https:\/\/ceoparts.com\/fr\/wp-json\/wp\/v2\/product_cat?post=15317"},{"taxonomy":"product_tag","embeddable":true,"href":"https:\/\/ceoparts.com\/fr\/wp-json\/wp\/v2\/product_tag?post=15317"}],"curies":[{"name":"wp","href":"https:\/\/api.w.org\/{rel}","templated":true}]}}