{"id":15321,"date":"2025-02-20T15:45:58","date_gmt":"2025-02-20T12:45:58","guid":{"rendered":"https:\/\/ceoparts.com\/?post_type=product&#038;p=15321"},"modified":"2026-05-16T18:59:36","modified_gmt":"2026-05-16T15:59:36","slug":"calisma-lambasi-h3-ampullu-kare","status":"publish","type":"product","link":"https:\/\/ceoparts.com\/fr\/urun\/calisma-lambasi-h3-ampullu-kare\/","title":{"rendered":"Lampe de travail avec ampoule H3 carr\u00e9e 80*80 mm"},"content":{"rendered":"<p>Lampe de travail avec ampoule H3 carr\u00e9e 80*80 mm<\/p>","protected":false},"excerpt":{"rendered":"<p data-start=\"42\" data-end=\"460\"><br data-start=\"2881\" data-end=\"2884\" \/>La <strong data-start=\"2887\" data-end=\"2936\">lampe de travail carr\u00e9e \u00e0 ampoule H3 80\u00d780 mm<\/strong> est un produit d&#8217;\u00e9clairage durable et performant con\u00e7u pour assurer un environnement de travail s\u00e9curis\u00e9 sur les chariots \u00e9l\u00e9vateurs et les machines industrielles. Sa forme carr\u00e9e et son design compact permettent une installation facile dans les espaces restreints. Dot\u00e9e de la technologie d&#8217;ampoule H3, elle offre une haute luminosit\u00e9 et une longue dur\u00e9e de vie. Sa conception r\u00e9sistante \u00e0 l&#8217;eau et aux chocs garantit des performances optimales m\u00eame dans des conditions de travail difficiles.<\/p>\n<p data-start=\"3432\" data-end=\"3706\"><strong data-start=\"3432\" data-end=\"3454\">Caract\u00e9ristiques :<\/strong><br data-start=\"3454\" data-end=\"3457\" \/><strong data-start=\"3457\" data-end=\"3473\">Dimensions :<\/strong> 80\u00d780 mm<br data-start=\"3482\" data-end=\"3485\" \/><strong data-start=\"3485\" data-end=\"3505\">Type d&#8217;ampoule :<\/strong> H3<br data-start=\"3508\" data-end=\"3511\" \/><strong data-start=\"3511\" data-end=\"3522\">Forme :<\/strong> Carr\u00e9e<br data-start=\"3529\" data-end=\"3532\" \/><strong data-start=\"3532\" data-end=\"3548\">Durabilit\u00e9 :<\/strong> R\u00e9sistante \u00e0 l&#8217;eau et aux chocs<br data-start=\"3580\" data-end=\"3583\" \/><strong data-start=\"3583\" data-end=\"3600\">Application :<\/strong> Chariots \u00e9l\u00e9vateurs et machines industrielles<br data-start=\"3646\" data-end=\"3649\" \/><strong data-start=\"3649\" data-end=\"3666\">Performance :<\/strong> Haute luminosit\u00e9, longue dur\u00e9e de vie<\/p>\n<p data-start=\"3708\" data-end=\"4242\">\n","protected":false},"featured_media":15328,"template":"","meta":[],"product_brand":[],"product_cat":[463],"product_tag":[],"class_list":{"0":"post-15321","1":"product","2":"type-product","3":"status-publish","4":"has-post-thumbnail","6":"product_cat-aydinlatma-grubu","8":"first","9":"instock","10":"taxable","11":"shipping-taxable","12":"purchasable","13":"product-type-simple"},"_links":{"self":[{"href":"https:\/\/ceoparts.com\/fr\/wp-json\/wp\/v2\/product\/15321","targetHints":{"allow":["GET"]}}],"collection":[{"href":"https:\/\/ceoparts.com\/fr\/wp-json\/wp\/v2\/product"}],"about":[{"href":"https:\/\/ceoparts.com\/fr\/wp-json\/wp\/v2\/types\/product"}],"wp:featuredmedia":[{"embeddable":true,"href":"https:\/\/ceoparts.com\/fr\/wp-json\/wp\/v2\/media\/15328"}],"wp:attachment":[{"href":"https:\/\/ceoparts.com\/fr\/wp-json\/wp\/v2\/media?parent=15321"}],"wp:term":[{"taxonomy":"product_brand","embeddable":true,"href":"https:\/\/ceoparts.com\/fr\/wp-json\/wp\/v2\/product_brand?post=15321"},{"taxonomy":"product_cat","embeddable":true,"href":"https:\/\/ceoparts.com\/fr\/wp-json\/wp\/v2\/product_cat?post=15321"},{"taxonomy":"product_tag","embeddable":true,"href":"https:\/\/ceoparts.com\/fr\/wp-json\/wp\/v2\/product_tag?post=15321"}],"curies":[{"name":"wp","href":"https:\/\/api.w.org\/{rel}","templated":true}]}}