{"id":15333,"date":"2025-02-20T16:03:49","date_gmt":"2025-02-20T13:03:49","guid":{"rendered":"https:\/\/ceoparts.com\/?post_type=product&#038;p=15333"},"modified":"2026-05-16T21:02:45","modified_gmt":"2026-05-16T18:02:45","slug":"kontaktor-sw88-48v","status":"publish","type":"product","link":"https:\/\/ceoparts.com\/fr\/urun\/kontaktor-sw88-48v\/","title":{"rendered":"Contacteur SW88 &#8211; 48V"},"content":{"rendered":"<p>Contacteur SW88 &#8211; 48V<\/p>","protected":false},"excerpt":{"rendered":"<p data-start=\"26\" data-end=\"365\"><br data-start=\"2483\" data-end=\"2486\" \/>Le <strong data-start=\"2489\" data-end=\"2514\">contacteur SW88 \u2013 48V<\/strong> est un contacteur \u00e9lectrique de haute qualit\u00e9 utilis\u00e9 dans les machines industrielles et les chariots \u00e9l\u00e9vateurs. Fonctionnant sous une tension de 48V, ce contacteur garantit un fonctionnement s\u00fbr et ininterrompu des circuits \u00e9lectriques gr\u00e2ce \u00e0 sa <strong data-start=\"2764\" data-end=\"2807\">grande capacit\u00e9 de transport de courant<\/strong>. Son design compact et sa construction robuste offrent une longue dur\u00e9e de vie.<\/p>\n<p data-start=\"2889\" data-end=\"3187\"><strong data-start=\"2889\" data-end=\"2911\">Caract\u00e9ristiques :<\/strong><br data-start=\"2911\" data-end=\"2914\" \/><strong data-start=\"2914\" data-end=\"2927\">Tension :<\/strong> 48V<br data-start=\"2931\" data-end=\"2934\" \/><strong data-start=\"2934\" data-end=\"2951\">Application :<\/strong> Machines industrielles et chariots \u00e9l\u00e9vateurs<br data-start=\"2997\" data-end=\"3000\" \/><strong data-start=\"3000\" data-end=\"3014\">Fonction :<\/strong> Contr\u00f4le de la commutation des circuits \u00e9lectriques<br data-start=\"3066\" data-end=\"3069\" \/><strong data-start=\"3069\" data-end=\"3085\">Durabilit\u00e9 :<\/strong> Construction robuste et durable<br data-start=\"3117\" data-end=\"3120\" \/><strong data-start=\"3120\" data-end=\"3145\">Capacit\u00e9 de courant :<\/strong> Grande capacit\u00e9 de transport de courant<\/p>\n<p data-start=\"3189\" data-end=\"3585\">\n","protected":false},"featured_media":15335,"template":"","meta":[],"product_brand":[],"product_cat":[462],"product_tag":[],"class_list":{"0":"post-15333","1":"product","2":"type-product","3":"status-publish","4":"has-post-thumbnail","6":"product_cat-kontaktorler","8":"first","9":"instock","10":"taxable","11":"shipping-taxable","12":"purchasable","13":"product-type-simple"},"_links":{"self":[{"href":"https:\/\/ceoparts.com\/fr\/wp-json\/wp\/v2\/product\/15333","targetHints":{"allow":["GET"]}}],"collection":[{"href":"https:\/\/ceoparts.com\/fr\/wp-json\/wp\/v2\/product"}],"about":[{"href":"https:\/\/ceoparts.com\/fr\/wp-json\/wp\/v2\/types\/product"}],"wp:featuredmedia":[{"embeddable":true,"href":"https:\/\/ceoparts.com\/fr\/wp-json\/wp\/v2\/media\/15335"}],"wp:attachment":[{"href":"https:\/\/ceoparts.com\/fr\/wp-json\/wp\/v2\/media?parent=15333"}],"wp:term":[{"taxonomy":"product_brand","embeddable":true,"href":"https:\/\/ceoparts.com\/fr\/wp-json\/wp\/v2\/product_brand?post=15333"},{"taxonomy":"product_cat","embeddable":true,"href":"https:\/\/ceoparts.com\/fr\/wp-json\/wp\/v2\/product_cat?post=15333"},{"taxonomy":"product_tag","embeddable":true,"href":"https:\/\/ceoparts.com\/fr\/wp-json\/wp\/v2\/product_tag?post=15333"}],"curies":[{"name":"wp","href":"https:\/\/api.w.org\/{rel}","templated":true}]}}