{"id":15341,"date":"2025-02-20T16:09:51","date_gmt":"2025-02-20T13:09:51","guid":{"rendered":"https:\/\/ceoparts.com\/?post_type=product&#038;p=15341"},"modified":"2026-05-16T21:16:03","modified_gmt":"2026-05-16T18:16:03","slug":"jungheinrich-microswitch-50053117","status":"publish","type":"product","link":"https:\/\/ceoparts.com\/fr\/urun\/jungheinrich-microswitch-50053117\/","title":{"rendered":"Microrupteur Jungheinrich &#8211; 50053117"},"content":{"rendered":"<p>Microrupteur Jungheinrich &#8211; 50053117<\/p>","protected":false},"excerpt":{"rendered":"<p data-start=\"41\" data-end=\"427\"><br data-start=\"2809\" data-end=\"2812\" \/>Le <strong data-start=\"2815\" data-end=\"2844\">microrupteur Jungheinrich<\/strong> est un interrupteur tr\u00e8s sensible et fiable utilis\u00e9 dans les <strong data-start=\"2906\" data-end=\"2965\">syst\u00e8mes de contr\u00f4le \u00e9lectrique des chariots \u00e9l\u00e9vateurs<\/strong>. Il d\u00e9tecte rapidement les commandes de l\u2019op\u00e9rateur, assurant le <strong data-start=\"3031\" data-end=\"3078\">bon fonctionnement des circuits de contr\u00f4le<\/strong>. Fabriqu\u00e9 avec des <strong data-start=\"3098\" data-end=\"3120\">mat\u00e9riaux durables<\/strong>, ce microrupteur offre une longue dur\u00e9e de vie et est enti\u00e8rement compatible avec les mod\u00e8les Jungheinrich.<\/p>\n<p data-start=\"3230\" data-end=\"3557\"><strong data-start=\"3230\" data-end=\"3252\">Caract\u00e9ristiques :<\/strong><br data-start=\"3252\" data-end=\"3255\" \/><strong data-start=\"3255\" data-end=\"3272\">Application :<\/strong> Syst\u00e8mes de contr\u00f4le \u00e9lectrique pour chariots \u00e9l\u00e9vateurs<br data-start=\"3329\" data-end=\"3332\" \/><strong data-start=\"3332\" data-end=\"3346\">Mat\u00e9riau :<\/strong> Composant \u00e9lectronique de haute qualit\u00e9<br data-start=\"3386\" data-end=\"3389\" \/><strong data-start=\"3389\" data-end=\"3403\">Fonction :<\/strong> Commutation pr\u00e9cise et transmission de signal<br data-start=\"3449\" data-end=\"3452\" \/><strong data-start=\"3452\" data-end=\"3471\">Compatibilit\u00e9 :<\/strong> Mod\u00e8les Jungheinrich<br data-start=\"3492\" data-end=\"3495\" \/><strong data-start=\"3495\" data-end=\"3511\">Durabilit\u00e9 :<\/strong> Construction robuste et longue dur\u00e9e de vie<\/p>\n<p data-start=\"3559\" data-end=\"3982\">\n","protected":false},"featured_media":15344,"template":"","meta":[],"product_brand":[],"product_cat":[236,469,522],"product_tag":[],"class_list":{"0":"post-15341","1":"product","2":"type-product","3":"status-publish","4":"has-post-thumbnail","6":"product_cat-jungheinrich","7":"product_cat-elektrik-ve-sistem-parcalari","8":"product_cat-yedek-parca-jungheinrich","10":"first","11":"instock","12":"taxable","13":"shipping-taxable","14":"purchasable","15":"product-type-simple"},"_links":{"self":[{"href":"https:\/\/ceoparts.com\/fr\/wp-json\/wp\/v2\/product\/15341","targetHints":{"allow":["GET"]}}],"collection":[{"href":"https:\/\/ceoparts.com\/fr\/wp-json\/wp\/v2\/product"}],"about":[{"href":"https:\/\/ceoparts.com\/fr\/wp-json\/wp\/v2\/types\/product"}],"wp:featuredmedia":[{"embeddable":true,"href":"https:\/\/ceoparts.com\/fr\/wp-json\/wp\/v2\/media\/15344"}],"wp:attachment":[{"href":"https:\/\/ceoparts.com\/fr\/wp-json\/wp\/v2\/media?parent=15341"}],"wp:term":[{"taxonomy":"product_brand","embeddable":true,"href":"https:\/\/ceoparts.com\/fr\/wp-json\/wp\/v2\/product_brand?post=15341"},{"taxonomy":"product_cat","embeddable":true,"href":"https:\/\/ceoparts.com\/fr\/wp-json\/wp\/v2\/product_cat?post=15341"},{"taxonomy":"product_tag","embeddable":true,"href":"https:\/\/ceoparts.com\/fr\/wp-json\/wp\/v2\/product_tag?post=15341"}],"curies":[{"name":"wp","href":"https:\/\/api.w.org\/{rel}","templated":true}]}}