{"id":15346,"date":"2025-02-20T17:14:14","date_gmt":"2025-02-20T14:14:14","guid":{"rendered":"https:\/\/ceoparts.com\/?post_type=product&#038;p=15346"},"modified":"2026-05-16T22:12:03","modified_gmt":"2026-05-16T19:12:03","slug":"hyster-yale-hiz-sensoru-5800450591541231","status":"publish","type":"product","link":"https:\/\/ceoparts.com\/fr\/urun\/hyster-yale-hiz-sensoru-5800450591541231\/","title":{"rendered":"Capteur de vitesse Hyster \/ Yale &#8211; 580045059, 1541231"},"content":{"rendered":"<p>Capteur de vitesse Hyster \/ Yale &#8211; 580045059, 1541231<\/p>","protected":false},"excerpt":{"rendered":"<p data-start=\"200\" data-end=\"627\"><br data-start=\"3261\" data-end=\"3264\" \/><strong data-start=\"3264\" data-end=\"3300\">Capteur de vitesse Hyster \/ Yale<\/strong> est un composant \u00e9lectronique essentiel con\u00e7u pour la <strong data-start=\"3355\" data-end=\"3409\">mesure pr\u00e9cise et fiable de la vitesse du v\u00e9hicule<\/strong> et sa transmission au syst\u00e8me de contr\u00f4le du chariot \u00e9l\u00e9vateur. Il permet une <strong data-start=\"3488\" data-end=\"3510\">conduite s\u00e9curis\u00e9e<\/strong>, une <strong data-start=\"3516\" data-end=\"3544\">analyse des performances<\/strong> et une <strong data-start=\"3552\" data-end=\"3589\">gestion automatique de la vitesse<\/strong>. Fabriqu\u00e9 avec des <strong data-start=\"3609\" data-end=\"3651\">mat\u00e9riaux durables et de haute qualit\u00e9<\/strong>, il offre des performances durables m\u00eame en environnement difficile. Totalement compatible avec les mod\u00e8les de chariots Hyster et Yale.<\/p>\n<p data-start=\"3789\" data-end=\"4107\"><strong data-start=\"3789\" data-end=\"3811\">Caract\u00e9ristiques :<\/strong><br data-start=\"3811\" data-end=\"3814\" \/><strong data-start=\"3814\" data-end=\"3831\">Application :<\/strong> Syst\u00e8mes de mesure de vitesse pour chariots \u00e9l\u00e9vateurs<br data-start=\"3886\" data-end=\"3889\" \/><strong data-start=\"3889\" data-end=\"3903\">Mat\u00e9riau :<\/strong> Composants \u00e9lectroniques de haute qualit\u00e9<br data-start=\"3945\" data-end=\"3948\" \/><strong data-start=\"3948\" data-end=\"3967\">Compatibilit\u00e9 :<\/strong> Chariots Hyster &amp; Yale<br data-start=\"3990\" data-end=\"3993\" \/><strong data-start=\"3993\" data-end=\"4007\">Fonction :<\/strong> Mesure de la vitesse et transmission des donn\u00e9es<br data-start=\"4056\" data-end=\"4059\" \/><strong data-start=\"4059\" data-end=\"4075\">Durabilit\u00e9 :<\/strong> Performance stable et durable<\/p>\n<p data-start=\"4109\" data-end=\"4616\">\n","protected":false},"featured_media":15348,"template":"","meta":[],"product_brand":[],"product_cat":[256,469,520],"product_tag":[],"class_list":{"0":"post-15346","1":"product","2":"type-product","3":"status-publish","4":"has-post-thumbnail","6":"product_cat-hyster","7":"product_cat-elektrik-ve-sistem-parcalari","8":"product_cat-yedek-parca-hyster","10":"first","11":"instock","12":"taxable","13":"shipping-taxable","14":"purchasable","15":"product-type-simple"},"_links":{"self":[{"href":"https:\/\/ceoparts.com\/fr\/wp-json\/wp\/v2\/product\/15346","targetHints":{"allow":["GET"]}}],"collection":[{"href":"https:\/\/ceoparts.com\/fr\/wp-json\/wp\/v2\/product"}],"about":[{"href":"https:\/\/ceoparts.com\/fr\/wp-json\/wp\/v2\/types\/product"}],"wp:featuredmedia":[{"embeddable":true,"href":"https:\/\/ceoparts.com\/fr\/wp-json\/wp\/v2\/media\/15348"}],"wp:attachment":[{"href":"https:\/\/ceoparts.com\/fr\/wp-json\/wp\/v2\/media?parent=15346"}],"wp:term":[{"taxonomy":"product_brand","embeddable":true,"href":"https:\/\/ceoparts.com\/fr\/wp-json\/wp\/v2\/product_brand?post=15346"},{"taxonomy":"product_cat","embeddable":true,"href":"https:\/\/ceoparts.com\/fr\/wp-json\/wp\/v2\/product_cat?post=15346"},{"taxonomy":"product_tag","embeddable":true,"href":"https:\/\/ceoparts.com\/fr\/wp-json\/wp\/v2\/product_tag?post=15346"}],"curies":[{"name":"wp","href":"https:\/\/api.w.org\/{rel}","templated":true}]}}