{"id":15359,"date":"2025-02-21T08:57:33","date_gmt":"2025-02-21T05:57:33","guid":{"rendered":"https:\/\/ceoparts.com\/?post_type=product&#038;p=15359"},"modified":"2026-05-16T14:33:57","modified_gmt":"2026-05-16T11:33:57","slug":"linde-t20sp-denge-teker-mekanizma-tamir-takimi","status":"publish","type":"product","link":"https:\/\/ceoparts.com\/fr\/urun\/linde-t20sp-denge-teker-mekanizma-tamir-takimi\/","title":{"rendered":"Kit de r\u00e9paration du m\u00e9canisme de direction Linde T20Sp"},"content":{"rendered":"<p>Kit de r\u00e9paration du m\u00e9canisme de direction Linde T20Sp<\/p>","protected":false},"excerpt":{"rendered":"<p data-start=\"136\" data-end=\"574\"><br data-start=\"3008\" data-end=\"3011\" \/>Le kit de r\u00e9paration du m\u00e9canisme de roue stabilisatrice Linde T20Sp est un ensemble de maintenance sp\u00e9cialis\u00e9 permettant d\u2019assurer le <strong data-start=\"3146\" data-end=\"3183\">fonctionnement stable et s\u00e9curis\u00e9<\/strong> des syst\u00e8mes de roues stabilisatrices des chariots \u00e9l\u00e9vateurs. Le remplacement des pi\u00e8ces us\u00e9es ou d\u00e9form\u00e9es am\u00e9liore la <strong data-start=\"3305\" data-end=\"3332\">s\u00e9curit\u00e9 op\u00e9rationnelle<\/strong> et <strong data-start=\"3336\" data-end=\"3364\">l\u2019\u00e9quilibre de stabilit\u00e9<\/strong>. Gr\u00e2ce \u00e0 ses <strong data-start=\"3378\" data-end=\"3408\">mat\u00e9riaux de haute qualit\u00e9<\/strong>, il offre une longue dur\u00e9e de vie et <strong data-start=\"3446\" data-end=\"3474\">des performances \u00e9lev\u00e9es<\/strong>. Enti\u00e8rement compatible avec les mod\u00e8les Linde T20Sp.<\/p>\n<p data-start=\"3530\" data-end=\"3866\"><strong data-start=\"3530\" data-end=\"3552\">Caract\u00e9ristiques :<\/strong><br data-start=\"3552\" data-end=\"3555\" \/><strong data-start=\"3555\" data-end=\"3572\">Application :<\/strong> Syst\u00e8mes de roues stabilisatrices de chariots \u00e9l\u00e9vateurs<br data-start=\"3629\" data-end=\"3632\" \/><strong data-start=\"3632\" data-end=\"3645\">Contenu :<\/strong> Pi\u00e8ces de rechange et composants de r\u00e9paration<br data-start=\"3692\" data-end=\"3695\" \/><strong data-start=\"3695\" data-end=\"3714\">Compatibilit\u00e9 :<\/strong> Mod\u00e8les Linde T20Sp<br data-start=\"3734\" data-end=\"3737\" \/><strong data-start=\"3737\" data-end=\"3751\">Fonction :<\/strong> R\u00e9paration et am\u00e9lioration des performances<br data-start=\"3795\" data-end=\"3798\" \/><strong data-start=\"3798\" data-end=\"3814\">Durabilit\u00e9 :<\/strong> Mat\u00e9riaux de haute qualit\u00e9 et longue dur\u00e9e de vie<\/p>\n<p data-start=\"3868\" data-end=\"4352\">\n","protected":false},"featured_media":15360,"template":"","meta":[],"product_brand":[],"product_cat":[246,470,523],"product_tag":[],"class_list":{"0":"post-15359","1":"product","2":"type-product","3":"status-publish","4":"has-post-thumbnail","6":"product_cat-linde","7":"product_cat-diger-yedek-parcalar","8":"product_cat-yedek-parca-linde","10":"first","11":"instock","12":"taxable","13":"shipping-taxable","14":"purchasable","15":"product-type-simple"},"_links":{"self":[{"href":"https:\/\/ceoparts.com\/fr\/wp-json\/wp\/v2\/product\/15359","targetHints":{"allow":["GET"]}}],"collection":[{"href":"https:\/\/ceoparts.com\/fr\/wp-json\/wp\/v2\/product"}],"about":[{"href":"https:\/\/ceoparts.com\/fr\/wp-json\/wp\/v2\/types\/product"}],"wp:featuredmedia":[{"embeddable":true,"href":"https:\/\/ceoparts.com\/fr\/wp-json\/wp\/v2\/media\/15360"}],"wp:attachment":[{"href":"https:\/\/ceoparts.com\/fr\/wp-json\/wp\/v2\/media?parent=15359"}],"wp:term":[{"taxonomy":"product_brand","embeddable":true,"href":"https:\/\/ceoparts.com\/fr\/wp-json\/wp\/v2\/product_brand?post=15359"},{"taxonomy":"product_cat","embeddable":true,"href":"https:\/\/ceoparts.com\/fr\/wp-json\/wp\/v2\/product_cat?post=15359"},{"taxonomy":"product_tag","embeddable":true,"href":"https:\/\/ceoparts.com\/fr\/wp-json\/wp\/v2\/product_tag?post=15359"}],"curies":[{"name":"wp","href":"https:\/\/api.w.org\/{rel}","templated":true}]}}