{"id":15374,"date":"2025-02-21T10:08:25","date_gmt":"2025-02-21T07:08:25","guid":{"rendered":"https:\/\/ceoparts.com\/?post_type=product&#038;p=15374"},"modified":"2026-05-16T18:10:37","modified_gmt":"2026-05-16T15:10:37","slug":"lindehystertoyota-topuz-4965196","status":"publish","type":"product","link":"https:\/\/ceoparts.com\/fr\/urun\/lindehystertoyota-topuz-4965196\/","title":{"rendered":"Bouton Linde\/Hyster\/Toyota &#8211; 4965196"},"content":{"rendered":"<p>Bouton Linde\/Hyster\/Toyota &#8211; 4965196<\/p>","protected":false},"excerpt":{"rendered":"<p data-start=\"125\" data-end=\"488\"><br data-start=\"2401\" data-end=\"2404\" \/><strong data-start=\"2404\" data-end=\"2436\">Bouton Linde, Hyster, Toyota<\/strong> est une pi\u00e8ce de rechange de haute qualit\u00e9 utilis\u00e9e sur les leviers de commande de chariots \u00e9l\u00e9vateurs. Son <strong data-start=\"2545\" data-end=\"2567\">design ergonomique<\/strong> offre une bonne prise en main et am\u00e9liore le confort d&#8217;utilisation. Fabriqu\u00e9 en <strong data-start=\"2648\" data-end=\"2680\">mat\u00e9riau r\u00e9sistant \u00e0 l&#8217;usure<\/strong>, il garantit une longue dur\u00e9e de vie. Installation facile et compatible avec plusieurs mod\u00e8les.<\/p>\n<p data-start=\"2778\" data-end=\"3011\"><strong data-start=\"2778\" data-end=\"2799\">Caract\u00e9ristiques:<\/strong><br data-start=\"2799\" data-end=\"2802\" \/><strong data-start=\"2802\" data-end=\"2815\">Mat\u00e9riau:<\/strong> Plastique et m\u00e9tal durables<br data-start=\"2843\" data-end=\"2846\" \/><strong data-start=\"2846\" data-end=\"2862\">Utilisation:<\/strong> Levier de commande de chariot \u00e9l\u00e9vateur<br data-start=\"2902\" data-end=\"2905\" \/><strong data-start=\"2905\" data-end=\"2923\">Compatibilit\u00e9:<\/strong> Mod\u00e8les Linde, Hyster et Toyota<br data-start=\"2955\" data-end=\"2958\" \/><strong data-start=\"2958\" data-end=\"2973\">Durabilit\u00e9:<\/strong> R\u00e9sistant \u00e0 l&#8217;usure et longue dur\u00e9e<\/p>\n<p data-start=\"3013\" data-end=\"3376\">\n","protected":false},"featured_media":15376,"template":"","meta":[],"product_brand":[],"product_cat":[523,530,246,256,470,520,521],"product_tag":[],"class_list":{"0":"post-15374","1":"product","2":"type-product","3":"status-publish","4":"has-post-thumbnail","6":"product_cat-yedek-parca-linde","7":"product_cat-yedek-parca-toyota","8":"product_cat-linde","9":"product_cat-hyster","10":"product_cat-diger-yedek-parcalar","11":"product_cat-yedek-parca-hyster","12":"product_cat-toyota","14":"first","15":"instock","16":"taxable","17":"shipping-taxable","18":"purchasable","19":"product-type-simple"},"_links":{"self":[{"href":"https:\/\/ceoparts.com\/fr\/wp-json\/wp\/v2\/product\/15374","targetHints":{"allow":["GET"]}}],"collection":[{"href":"https:\/\/ceoparts.com\/fr\/wp-json\/wp\/v2\/product"}],"about":[{"href":"https:\/\/ceoparts.com\/fr\/wp-json\/wp\/v2\/types\/product"}],"wp:featuredmedia":[{"embeddable":true,"href":"https:\/\/ceoparts.com\/fr\/wp-json\/wp\/v2\/media\/15376"}],"wp:attachment":[{"href":"https:\/\/ceoparts.com\/fr\/wp-json\/wp\/v2\/media?parent=15374"}],"wp:term":[{"taxonomy":"product_brand","embeddable":true,"href":"https:\/\/ceoparts.com\/fr\/wp-json\/wp\/v2\/product_brand?post=15374"},{"taxonomy":"product_cat","embeddable":true,"href":"https:\/\/ceoparts.com\/fr\/wp-json\/wp\/v2\/product_cat?post=15374"},{"taxonomy":"product_tag","embeddable":true,"href":"https:\/\/ceoparts.com\/fr\/wp-json\/wp\/v2\/product_tag?post=15374"}],"curies":[{"name":"wp","href":"https:\/\/api.w.org\/{rel}","templated":true}]}}