{"id":15378,"date":"2025-02-21T10:13:49","date_gmt":"2025-02-21T07:13:49","guid":{"rendered":"https:\/\/ceoparts.com\/?post_type=product&#038;p=15378"},"modified":"2026-05-16T13:00:55","modified_gmt":"2026-05-16T10:00:55","slug":"linde-karin-butonu-ic-plastigi-3005430307","status":"publish","type":"product","link":"https:\/\/ceoparts.com\/fr\/urun\/linde-karin-butonu-ic-plastigi-3005430307\/","title":{"rendered":"Plastique int\u00e9rieur du bouton de ventre Linde &#8211; 3005430307"},"content":{"rendered":"<p>Plastique int\u00e9rieur du bouton de ventre Linde &#8211; 3005430307<\/p>","protected":false},"excerpt":{"rendered":"<p data-start=\"253\" data-end=\"500\">\n<strong data-start=\"2005\" data-end=\"2054\">Plastique int\u00e9rieur du bouton de ventre Linde<\/strong> utilis\u00e9 dans le m\u00e9canisme interne du bouton sur les chariots \u00e9l\u00e9vateurs. Fabriqu\u00e9 en plastique durable, il offre une longue dur\u00e9e de vie et une grande r\u00e9sistance. Son montage facile r\u00e9duit les temps de maintenance.<\/p>\n<p data-start=\"2271\" data-end=\"2463\"><strong data-start=\"2271\" data-end=\"2292\">Caract\u00e9ristiques:<\/strong><br data-start=\"2292\" data-end=\"2295\" \/><strong data-start=\"2295\" data-end=\"2308\">Mat\u00e9riau:<\/strong> Plastique durable<br data-start=\"2326\" data-end=\"2329\" \/><strong data-start=\"2329\" data-end=\"2345\">Utilisation:<\/strong> M\u00e9canisme interne du bouton de ventre de chariot \u00e9l\u00e9vateur<br data-start=\"2404\" data-end=\"2407\" \/><strong data-start=\"2407\" data-end=\"2422\">Durabilit\u00e9:<\/strong> Grande solidit\u00e9 et longue dur\u00e9e de vie<\/p>\n<p data-start=\"2465\" data-end=\"2732\">\n","protected":false},"featured_media":15379,"template":"","meta":[],"product_brand":[],"product_cat":[246,470,523],"product_tag":[],"class_list":{"0":"post-15378","1":"product","2":"type-product","3":"status-publish","4":"has-post-thumbnail","6":"product_cat-linde","7":"product_cat-diger-yedek-parcalar","8":"product_cat-yedek-parca-linde","10":"first","11":"instock","12":"taxable","13":"shipping-taxable","14":"purchasable","15":"product-type-simple"},"_links":{"self":[{"href":"https:\/\/ceoparts.com\/fr\/wp-json\/wp\/v2\/product\/15378","targetHints":{"allow":["GET"]}}],"collection":[{"href":"https:\/\/ceoparts.com\/fr\/wp-json\/wp\/v2\/product"}],"about":[{"href":"https:\/\/ceoparts.com\/fr\/wp-json\/wp\/v2\/types\/product"}],"wp:featuredmedia":[{"embeddable":true,"href":"https:\/\/ceoparts.com\/fr\/wp-json\/wp\/v2\/media\/15379"}],"wp:attachment":[{"href":"https:\/\/ceoparts.com\/fr\/wp-json\/wp\/v2\/media?parent=15378"}],"wp:term":[{"taxonomy":"product_brand","embeddable":true,"href":"https:\/\/ceoparts.com\/fr\/wp-json\/wp\/v2\/product_brand?post=15378"},{"taxonomy":"product_cat","embeddable":true,"href":"https:\/\/ceoparts.com\/fr\/wp-json\/wp\/v2\/product_cat?post=15378"},{"taxonomy":"product_tag","embeddable":true,"href":"https:\/\/ceoparts.com\/fr\/wp-json\/wp\/v2\/product_tag?post=15378"}],"curies":[{"name":"wp","href":"https:\/\/api.w.org\/{rel}","templated":true}]}}