{"id":15383,"date":"2025-02-21T10:22:18","date_gmt":"2025-02-21T07:22:18","guid":{"rendered":"https:\/\/ceoparts.com\/?post_type=product&#038;p=15383"},"modified":"2026-05-16T17:30:03","modified_gmt":"2026-05-16T14:30:03","slug":"linde-korna-butonu-3005471900","status":"publish","type":"product","link":"https:\/\/ceoparts.com\/fr\/urun\/linde-korna-butonu-3005471900\/","title":{"rendered":"Bouton de klaxon Linde &#8211; 3005471900"},"content":{"rendered":"<p>Bouton de klaxon Linde &#8211; 3005471900<\/p>","protected":false},"excerpt":{"rendered":"<p data-start=\"0\" data-end=\"403\"><br data-start=\"2692\" data-end=\"2695\" \/>Le bouton de klaxon Linde \u2013 3005471900 est un composant durable et facile \u00e0 utiliser, con\u00e7u pour am\u00e9liorer la s\u00e9curit\u00e9 de l\u2019op\u00e9rateur et faciliter la communication sur les chariots \u00e9l\u00e9vateurs. Ce bouton de klaxon s\u2019int\u00e8gre au syst\u00e8me \u00e9lectrique du chariot pour offrir des performances \u00e9lev\u00e9es et fonctionne de mani\u00e8re fiable m\u00eame dans des conditions de travail difficiles. Il aide l\u2019op\u00e9rateur \u00e0 r\u00e9agir rapidement et soutient la s\u00e9curit\u00e9 au travail.<\/p>\n<p data-start=\"3145\" data-end=\"3440\"><strong data-start=\"3145\" data-end=\"3167\">Caract\u00e9ristiques :<\/strong><br data-start=\"3167\" data-end=\"3170\" \/><strong data-start=\"3170\" data-end=\"3182\">Mod\u00e8le :<\/strong> Bouton de klaxon<br data-start=\"3199\" data-end=\"3202\" \/><strong data-start=\"3202\" data-end=\"3223\">Num\u00e9ro de pi\u00e8ce :<\/strong> 3005471900<br data-start=\"3234\" data-end=\"3237\" \/><strong data-start=\"3237\" data-end=\"3251\">Mat\u00e9riau :<\/strong> Composants durables en plastique et m\u00e9tal<br data-start=\"3293\" data-end=\"3296\" \/><strong data-start=\"3296\" data-end=\"3315\">Compatibilit\u00e9 :<\/strong> Enti\u00e8rement compatible avec les mod\u00e8les de chariots \u00e9l\u00e9vateurs Linde<br data-start=\"3384\" data-end=\"3387\" \/><strong data-start=\"3387\" data-end=\"3401\">Fonction :<\/strong> Signal de klaxon puissant et r\u00e9actif<\/p>\n<p data-start=\"3442\" data-end=\"3898\">\n","protected":false},"featured_media":15384,"template":"","meta":[],"product_brand":[],"product_cat":[523,246,454],"product_tag":[],"class_list":{"0":"post-15383","1":"product","2":"type-product","3":"status-publish","4":"has-post-thumbnail","6":"product_cat-yedek-parca-linde","7":"product_cat-linde","8":"product_cat-switch-ve-buton","10":"first","11":"instock","12":"taxable","13":"shipping-taxable","14":"purchasable","15":"product-type-simple"},"_links":{"self":[{"href":"https:\/\/ceoparts.com\/fr\/wp-json\/wp\/v2\/product\/15383","targetHints":{"allow":["GET"]}}],"collection":[{"href":"https:\/\/ceoparts.com\/fr\/wp-json\/wp\/v2\/product"}],"about":[{"href":"https:\/\/ceoparts.com\/fr\/wp-json\/wp\/v2\/types\/product"}],"wp:featuredmedia":[{"embeddable":true,"href":"https:\/\/ceoparts.com\/fr\/wp-json\/wp\/v2\/media\/15384"}],"wp:attachment":[{"href":"https:\/\/ceoparts.com\/fr\/wp-json\/wp\/v2\/media?parent=15383"}],"wp:term":[{"taxonomy":"product_brand","embeddable":true,"href":"https:\/\/ceoparts.com\/fr\/wp-json\/wp\/v2\/product_brand?post=15383"},{"taxonomy":"product_cat","embeddable":true,"href":"https:\/\/ceoparts.com\/fr\/wp-json\/wp\/v2\/product_cat?post=15383"},{"taxonomy":"product_tag","embeddable":true,"href":"https:\/\/ceoparts.com\/fr\/wp-json\/wp\/v2\/product_tag?post=15383"}],"curies":[{"name":"wp","href":"https:\/\/api.w.org\/{rel}","templated":true}]}}