{"id":15388,"date":"2025-02-21T10:27:48","date_gmt":"2025-02-21T07:27:48","guid":{"rendered":"https:\/\/ceoparts.com\/?post_type=product&#038;p=15388"},"modified":"2026-05-16T18:41:08","modified_gmt":"2026-05-16T15:41:08","slug":"still-exu16-egv16-kol-50025470102","status":"publish","type":"product","link":"https:\/\/ceoparts.com\/fr\/urun\/still-exu16-egv16-kol-50025470102\/","title":{"rendered":"Still Exu16 &#8211; Egv16 Kol &#8211; 50025470102"},"content":{"rendered":"<p>Still Exu16 &#8211; Egv16 Kol &#8211; 50025470102<\/p>\n","protected":false},"excerpt":{"rendered":"<p data-start=\"0\" data-end=\"418\"><br data-start=\"2763\" data-end=\"2766\" \/>Le bras Still Exu16 \u2013 Egv16 \u2013 50025470102 est un bras de liaison de haute qualit\u00e9 con\u00e7u pour offrir un contr\u00f4le pr\u00e9cis et des performances efficaces sur les chariots \u00e9l\u00e9vateurs. Fabriqu\u00e9 \u00e0 partir de mat\u00e9riaux durables, ce bras fonctionne en harmonie avec les m\u00e9canismes de mouvement du chariot, contribuant \u00e0 une utilisation s\u00fbre et confortable pour l\u2019op\u00e9rateur. Sa construction durable et sa robustesse garantissent d\u2019excellentes performances m\u00eame dans des conditions de travail difficiles.<\/p>\n<p data-start=\"3259\" data-end=\"3544\"><strong data-start=\"3259\" data-end=\"3281\">Caract\u00e9ristiques :<\/strong><br data-start=\"3281\" data-end=\"3284\" \/><strong data-start=\"3284\" data-end=\"3296\">Mod\u00e8le :<\/strong> Exu16 \u2013 Egv16<br data-start=\"3310\" data-end=\"3313\" \/><strong data-start=\"3313\" data-end=\"3332\">Type de pi\u00e8ce :<\/strong> Bras de liaison<br data-start=\"3348\" data-end=\"3351\" \/><strong data-start=\"3351\" data-end=\"3365\">Mat\u00e9riau :<\/strong> Alliage m\u00e9tallique durable<br data-start=\"3392\" data-end=\"3395\" \/><strong data-start=\"3395\" data-end=\"3414\">Compatibilit\u00e9 :<\/strong> Enti\u00e8rement compatible avec les mod\u00e8les de chariots \u00e9l\u00e9vateurs Still<br data-start=\"3483\" data-end=\"3486\" \/><strong data-start=\"3486\" data-end=\"3502\">Durabilit\u00e9 :<\/strong> Longue dur\u00e9e de vie et haute r\u00e9sistance<\/p>\n<p data-start=\"3546\" data-end=\"4045\">\n","protected":false},"featured_media":15390,"template":"","meta":[],"product_brand":[],"product_cat":[241,470,524],"product_tag":[],"class_list":{"0":"post-15388","1":"product","2":"type-product","3":"status-publish","4":"has-post-thumbnail","6":"product_cat-still","7":"product_cat-diger-yedek-parcalar","8":"product_cat-yedek-parca-still","10":"first","11":"instock","12":"taxable","13":"shipping-taxable","14":"purchasable","15":"product-type-simple"},"_links":{"self":[{"href":"https:\/\/ceoparts.com\/fr\/wp-json\/wp\/v2\/product\/15388","targetHints":{"allow":["GET"]}}],"collection":[{"href":"https:\/\/ceoparts.com\/fr\/wp-json\/wp\/v2\/product"}],"about":[{"href":"https:\/\/ceoparts.com\/fr\/wp-json\/wp\/v2\/types\/product"}],"wp:featuredmedia":[{"embeddable":true,"href":"https:\/\/ceoparts.com\/fr\/wp-json\/wp\/v2\/media\/15390"}],"wp:attachment":[{"href":"https:\/\/ceoparts.com\/fr\/wp-json\/wp\/v2\/media?parent=15388"}],"wp:term":[{"taxonomy":"product_brand","embeddable":true,"href":"https:\/\/ceoparts.com\/fr\/wp-json\/wp\/v2\/product_brand?post=15388"},{"taxonomy":"product_cat","embeddable":true,"href":"https:\/\/ceoparts.com\/fr\/wp-json\/wp\/v2\/product_cat?post=15388"},{"taxonomy":"product_tag","embeddable":true,"href":"https:\/\/ceoparts.com\/fr\/wp-json\/wp\/v2\/product_tag?post=15388"}],"curies":[{"name":"wp","href":"https:\/\/api.w.org\/{rel}","templated":true}]}}