{"id":15395,"date":"2025-02-21T10:39:08","date_gmt":"2025-02-21T07:39:08","guid":{"rendered":"https:\/\/ceoparts.com\/?post_type=product&#038;p=15395"},"modified":"2026-05-16T17:35:10","modified_gmt":"2026-05-16T14:35:10","slug":"linde-l-serisi-indirme-kaldir-ic-gobek-3005430308","status":"publish","type":"product","link":"https:\/\/ceoparts.com\/fr\/urun\/linde-l-serisi-indirme-kaldir-ic-gobek-3005430308\/","title":{"rendered":"Moyeu int\u00e9rieur de lev\u00e9e et abaissement Linde S\u00e9rie L &#8211; 3005430308"},"content":{"rendered":"<p>Moyeu int\u00e9rieur de lev\u00e9e et abaissement Linde S\u00e9rie L &#8211; 3005430308<\/p>","protected":false},"excerpt":{"rendered":"<p data-start=\"0\" data-end=\"427\"><br data-start=\"3028\" data-end=\"3031\" \/>Le moyeu int\u00e9rieur de levage et de descente s\u00e9rie L Linde \u2013 3005430308 est un composant hydraulique de haute qualit\u00e9 qui joue un r\u00f4le essentiel dans les op\u00e9rations de levage et de descente des chariots \u00e9l\u00e9vateurs. Ce moyeu int\u00e9rieur offre une <strong data-start=\"3274\" data-end=\"3295\">grande durabilit\u00e9<\/strong> et une <strong data-start=\"3303\" data-end=\"3326\">longue dur\u00e9e de vie<\/strong>, am\u00e9liorant ainsi l\u2019efficacit\u00e9 op\u00e9rationnelle du chariot \u00e9l\u00e9vateur. Con\u00e7u avec un savoir-faire pr\u00e9cis et un ajustement parfait, il garantit un mouvement fluide dans le syst\u00e8me hydraulique du chariot et contribue \u00e0 une manipulation s\u00e9curis\u00e9e des charges.<\/p>\n<p data-start=\"3582\" data-end=\"3922\"><strong data-start=\"3582\" data-end=\"3604\">Caract\u00e9ristiques :<\/strong><br data-start=\"3604\" data-end=\"3607\" \/><strong data-start=\"3607\" data-end=\"3619\">Mod\u00e8le :<\/strong> S\u00e9rie L<br data-start=\"3627\" data-end=\"3630\" \/><strong data-start=\"3630\" data-end=\"3644\">Fonction :<\/strong> Moyeu int\u00e9rieur pour op\u00e9rations de levage et de descente<br data-start=\"3701\" data-end=\"3704\" \/><strong data-start=\"3704\" data-end=\"3718\">Mat\u00e9riau :<\/strong> Alliage m\u00e9tallique durable<br data-start=\"3745\" data-end=\"3748\" \/><strong data-start=\"3748\" data-end=\"3764\">Durabilit\u00e9 :<\/strong> Haute r\u00e9sistance \u00e0 l\u2019usure et longue dur\u00e9e de vie<br data-start=\"3814\" data-end=\"3817\" \/><strong data-start=\"3817\" data-end=\"3836\">Compatibilit\u00e9 :<\/strong> Enti\u00e8rement compatible avec les syst\u00e8mes hydrauliques des chariots \u00e9l\u00e9vateurs Linde<\/p>\n<p data-start=\"3924\" data-end=\"4462\">\n","protected":false},"featured_media":15398,"template":"","meta":[],"product_brand":[],"product_cat":[246,454,523],"product_tag":[],"class_list":{"0":"post-15395","1":"product","2":"type-product","3":"status-publish","4":"has-post-thumbnail","6":"product_cat-linde","7":"product_cat-switch-ve-buton","8":"product_cat-yedek-parca-linde","10":"first","11":"instock","12":"taxable","13":"shipping-taxable","14":"purchasable","15":"product-type-simple"},"_links":{"self":[{"href":"https:\/\/ceoparts.com\/fr\/wp-json\/wp\/v2\/product\/15395","targetHints":{"allow":["GET"]}}],"collection":[{"href":"https:\/\/ceoparts.com\/fr\/wp-json\/wp\/v2\/product"}],"about":[{"href":"https:\/\/ceoparts.com\/fr\/wp-json\/wp\/v2\/types\/product"}],"wp:featuredmedia":[{"embeddable":true,"href":"https:\/\/ceoparts.com\/fr\/wp-json\/wp\/v2\/media\/15398"}],"wp:attachment":[{"href":"https:\/\/ceoparts.com\/fr\/wp-json\/wp\/v2\/media?parent=15395"}],"wp:term":[{"taxonomy":"product_brand","embeddable":true,"href":"https:\/\/ceoparts.com\/fr\/wp-json\/wp\/v2\/product_brand?post=15395"},{"taxonomy":"product_cat","embeddable":true,"href":"https:\/\/ceoparts.com\/fr\/wp-json\/wp\/v2\/product_cat?post=15395"},{"taxonomy":"product_tag","embeddable":true,"href":"https:\/\/ceoparts.com\/fr\/wp-json\/wp\/v2\/product_tag?post=15395"}],"curies":[{"name":"wp","href":"https:\/\/api.w.org\/{rel}","templated":true}]}}