{"id":15399,"date":"2025-02-21T10:54:41","date_gmt":"2025-02-21T07:54:41","guid":{"rendered":"https:\/\/ceoparts.com\/?post_type=product&#038;p=15399"},"modified":"2026-05-16T15:01:17","modified_gmt":"2026-05-16T12:01:17","slug":"linde-tutamak-sol-0039310819","status":"publish","type":"product","link":"https:\/\/ceoparts.com\/fr\/urun\/linde-tutamak-sol-0039310819\/","title":{"rendered":"Poign\u00e9e gauche Linde &#8211; 0039310819"},"content":{"rendered":"<p>Poign\u00e9e gauche Linde &#8211; 0039310819<\/p>","protected":false},"excerpt":{"rendered":"<p data-start=\"0\" data-end=\"404\"><br data-start=\"2661\" data-end=\"2664\" \/>La poign\u00e9e gauche Linde \u2013 0039310819 est une pi\u00e8ce robuste et durable con\u00e7ue pour am\u00e9liorer le confort de l\u2019op\u00e9rateur de chariot \u00e9l\u00e9vateur et offrir une manipulation contr\u00f4l\u00e9e. Fabriqu\u00e9e \u00e0 partir de mat\u00e9riaux de haute qualit\u00e9, elle offre une longue dur\u00e9e de vie et une r\u00e9sistance \u00e0 l\u2019usure. Cette poign\u00e9e est situ\u00e9e sur le c\u00f4t\u00e9 gauche du chariot \u00e9l\u00e9vateur et pr\u00e9sente un design ergonomique facilitant la prise en main par l\u2019op\u00e9rateur, garantissant une utilisation s\u00fbre et confortable.<\/p>\n<p data-start=\"3150\" data-end=\"3418\"><strong data-start=\"3150\" data-end=\"3172\">Caract\u00e9ristiques :<\/strong><br data-start=\"3172\" data-end=\"3175\" \/><strong data-start=\"3175\" data-end=\"3189\">Position :<\/strong> C\u00f4t\u00e9 gauche<br data-start=\"3201\" data-end=\"3204\" \/><strong data-start=\"3204\" data-end=\"3218\">Mat\u00e9riau :<\/strong> Plastique durable et de haute qualit\u00e9<br data-start=\"3256\" data-end=\"3259\" \/><strong data-start=\"3259\" data-end=\"3276\">Application :<\/strong> Poign\u00e9e op\u00e9rateur<br data-start=\"3294\" data-end=\"3297\" \/><strong data-start=\"3297\" data-end=\"3312\">Ergonomie :<\/strong> Offre une prise confortable et s\u00e9curis\u00e9e<br data-start=\"3353\" data-end=\"3356\" \/><strong data-start=\"3356\" data-end=\"3372\">Durabilit\u00e9 :<\/strong> Longue dur\u00e9e de vie et r\u00e9sistante \u00e0 l\u2019usure<\/p>\n<p data-start=\"3420\" data-end=\"3898\">\n","protected":false},"featured_media":15401,"template":"","meta":[],"product_brand":[],"product_cat":[246,470,523],"product_tag":[],"class_list":{"0":"post-15399","1":"product","2":"type-product","3":"status-publish","4":"has-post-thumbnail","6":"product_cat-linde","7":"product_cat-diger-yedek-parcalar","8":"product_cat-yedek-parca-linde","10":"first","11":"instock","12":"taxable","13":"shipping-taxable","14":"purchasable","15":"product-type-simple"},"_links":{"self":[{"href":"https:\/\/ceoparts.com\/fr\/wp-json\/wp\/v2\/product\/15399","targetHints":{"allow":["GET"]}}],"collection":[{"href":"https:\/\/ceoparts.com\/fr\/wp-json\/wp\/v2\/product"}],"about":[{"href":"https:\/\/ceoparts.com\/fr\/wp-json\/wp\/v2\/types\/product"}],"wp:featuredmedia":[{"embeddable":true,"href":"https:\/\/ceoparts.com\/fr\/wp-json\/wp\/v2\/media\/15401"}],"wp:attachment":[{"href":"https:\/\/ceoparts.com\/fr\/wp-json\/wp\/v2\/media?parent=15399"}],"wp:term":[{"taxonomy":"product_brand","embeddable":true,"href":"https:\/\/ceoparts.com\/fr\/wp-json\/wp\/v2\/product_brand?post=15399"},{"taxonomy":"product_cat","embeddable":true,"href":"https:\/\/ceoparts.com\/fr\/wp-json\/wp\/v2\/product_cat?post=15399"},{"taxonomy":"product_tag","embeddable":true,"href":"https:\/\/ceoparts.com\/fr\/wp-json\/wp\/v2\/product_tag?post=15399"}],"curies":[{"name":"wp","href":"https:\/\/api.w.org\/{rel}","templated":true}]}}