{"id":15412,"date":"2025-02-21T11:55:22","date_gmt":"2025-02-21T08:55:22","guid":{"rendered":"https:\/\/ceoparts.com\/?post_type=product&#038;p=15412"},"modified":"2026-05-16T18:10:34","modified_gmt":"2026-05-16T15:10:34","slug":"linde-tutamak-sag-0039310820","status":"publish","type":"product","link":"https:\/\/ceoparts.com\/fr\/urun\/linde-tutamak-sag-0039310820\/","title":{"rendered":"Poign\u00e9e droite Linde &#8211; 0039310820"},"content":{"rendered":"<p>Poign\u00e9e droite Linde &#8211; 0039310820<\/p>","protected":false},"excerpt":{"rendered":"<p data-start=\"0\" data-end=\"387\"><br data-start=\"2589\" data-end=\"2592\" \/>La poign\u00e9e droite Linde \u2013 0039310820 est une pi\u00e8ce robuste et durable con\u00e7ue pour am\u00e9liorer le confort de l\u2019op\u00e9rateur de chariot \u00e9l\u00e9vateur et offrir une manipulation contr\u00f4l\u00e9e. Fabriqu\u00e9e \u00e0 partir de mat\u00e9riaux de haute qualit\u00e9, elle offre une longue dur\u00e9e de vie. Cette poign\u00e9e est situ\u00e9e sur le c\u00f4t\u00e9 droit du chariot \u00e9l\u00e9vateur et pr\u00e9sente un design ergonomique facilitant la prise en main par l\u2019op\u00e9rateur, contribuant \u00e0 une utilisation s\u00e9curis\u00e9e.<\/p>\n<p data-start=\"3040\" data-end=\"3307\"><strong data-start=\"3040\" data-end=\"3062\">Caract\u00e9ristiques :<\/strong><br data-start=\"3062\" data-end=\"3065\" \/><strong data-start=\"3065\" data-end=\"3079\">Position :<\/strong> C\u00f4t\u00e9 droit<br data-start=\"3090\" data-end=\"3093\" \/><strong data-start=\"3093\" data-end=\"3107\">Mat\u00e9riau :<\/strong> Plastique durable et de haute qualit\u00e9<br data-start=\"3145\" data-end=\"3148\" \/><strong data-start=\"3148\" data-end=\"3165\">Application :<\/strong> Poign\u00e9e op\u00e9rateur<br data-start=\"3183\" data-end=\"3186\" \/><strong data-start=\"3186\" data-end=\"3201\">Ergonomie :<\/strong> Offre une prise confortable et s\u00e9curis\u00e9e<br data-start=\"3242\" data-end=\"3245\" \/><strong data-start=\"3245\" data-end=\"3261\">Durabilit\u00e9 :<\/strong> Longue dur\u00e9e de vie et r\u00e9sistante \u00e0 l\u2019usure<\/p>\n<p data-start=\"3309\" data-end=\"3749\">\n","protected":false},"featured_media":15407,"template":"","meta":[],"product_brand":[],"product_cat":[246,470,523],"product_tag":[],"class_list":{"0":"post-15412","1":"product","2":"type-product","3":"status-publish","4":"has-post-thumbnail","6":"product_cat-linde","7":"product_cat-diger-yedek-parcalar","8":"product_cat-yedek-parca-linde","10":"first","11":"instock","12":"taxable","13":"shipping-taxable","14":"purchasable","15":"product-type-simple"},"_links":{"self":[{"href":"https:\/\/ceoparts.com\/fr\/wp-json\/wp\/v2\/product\/15412","targetHints":{"allow":["GET"]}}],"collection":[{"href":"https:\/\/ceoparts.com\/fr\/wp-json\/wp\/v2\/product"}],"about":[{"href":"https:\/\/ceoparts.com\/fr\/wp-json\/wp\/v2\/types\/product"}],"wp:featuredmedia":[{"embeddable":true,"href":"https:\/\/ceoparts.com\/fr\/wp-json\/wp\/v2\/media\/15407"}],"wp:attachment":[{"href":"https:\/\/ceoparts.com\/fr\/wp-json\/wp\/v2\/media?parent=15412"}],"wp:term":[{"taxonomy":"product_brand","embeddable":true,"href":"https:\/\/ceoparts.com\/fr\/wp-json\/wp\/v2\/product_brand?post=15412"},{"taxonomy":"product_cat","embeddable":true,"href":"https:\/\/ceoparts.com\/fr\/wp-json\/wp\/v2\/product_cat?post=15412"},{"taxonomy":"product_tag","embeddable":true,"href":"https:\/\/ceoparts.com\/fr\/wp-json\/wp\/v2\/product_tag?post=15412"}],"curies":[{"name":"wp","href":"https:\/\/api.w.org\/{rel}","templated":true}]}}