{"id":15417,"date":"2025-02-21T13:01:44","date_gmt":"2025-02-21T10:01:44","guid":{"rendered":"https:\/\/ceoparts.com\/?post_type=product&#038;p=15417"},"modified":"2026-05-16T09:34:13","modified_gmt":"2026-05-16T06:34:13","slug":"cin-transpalet-kumanda-kolu-kelebegi-takim-kirmizi-90000021769000002175502311020011","status":"publish","type":"product","link":"https:\/\/ceoparts.com\/fr\/urun\/cin-transpalet-kumanda-kolu-kelebegi-takim-kirmizi-90000021769000002175502311020011\/","title":{"rendered":"Kit papillon de levier de commande transpalette Chine Rouge &#8211; 9000002176, 9000002175, 502311020011"},"content":{"rendered":"<p>Kit papillon de levier de commande transpalette Chine Rouge &#8211; 9000002176, 9000002175, 502311020011<\/p>","protected":false},"excerpt":{"rendered":"<p data-start=\"0\" data-end=\"372\"><br data-start=\"2455\" data-end=\"2458\" \/>Le kit poign\u00e9e papillon de commande transpalette Chine rouge \u2013 9000002176, 9000002175, 502311020011 est con\u00e7u pour un contr\u00f4le pr\u00e9cis et s\u00fbr des transpalettes. Fabriqu\u00e9 avec des mat\u00e9riaux durables, il offre une longue dur\u00e9e de vie. Sa couleur rouge permet une bonne visibilit\u00e9 et une intervention rapide. Il am\u00e9liore l\u2019efficacit\u00e9 du travail tout en soutenant le confort de l\u2019op\u00e9rateur.<\/p>\n<p data-start=\"2845\" data-end=\"3113\"><strong data-start=\"2845\" data-end=\"2867\">Caract\u00e9ristiques :<\/strong><br data-start=\"2867\" data-end=\"2870\" \/><strong data-start=\"2870\" data-end=\"2883\">Couleur :<\/strong> Rouge<br data-start=\"2889\" data-end=\"2892\" \/><strong data-start=\"2892\" data-end=\"2906\">Mat\u00e9riau :<\/strong> Composants en plastique et m\u00e9tal durables<br data-start=\"2948\" data-end=\"2951\" \/><strong data-start=\"2951\" data-end=\"2970\">Compatibilit\u00e9 :<\/strong> Divers mod\u00e8les de transpalettes chinois<br data-start=\"3010\" data-end=\"3013\" \/><strong data-start=\"3013\" data-end=\"3030\">Application :<\/strong> Contr\u00f4le pr\u00e9cis et manipulation s\u00e9curis\u00e9e<br data-start=\"3072\" data-end=\"3075\" \/><strong data-start=\"3075\" data-end=\"3091\">Durabilit\u00e9 :<\/strong> Longue dur\u00e9e de vie<\/p>\n<p data-start=\"3115\" data-end=\"3515\">\n","protected":false},"featured_media":15418,"template":"","meta":[],"product_brand":[],"product_cat":[454],"product_tag":[],"class_list":{"0":"post-15417","1":"product","2":"type-product","3":"status-publish","4":"has-post-thumbnail","6":"product_cat-switch-ve-buton","8":"first","9":"instock","10":"taxable","11":"shipping-taxable","12":"purchasable","13":"product-type-simple"},"_links":{"self":[{"href":"https:\/\/ceoparts.com\/fr\/wp-json\/wp\/v2\/product\/15417","targetHints":{"allow":["GET"]}}],"collection":[{"href":"https:\/\/ceoparts.com\/fr\/wp-json\/wp\/v2\/product"}],"about":[{"href":"https:\/\/ceoparts.com\/fr\/wp-json\/wp\/v2\/types\/product"}],"wp:featuredmedia":[{"embeddable":true,"href":"https:\/\/ceoparts.com\/fr\/wp-json\/wp\/v2\/media\/15418"}],"wp:attachment":[{"href":"https:\/\/ceoparts.com\/fr\/wp-json\/wp\/v2\/media?parent=15417"}],"wp:term":[{"taxonomy":"product_brand","embeddable":true,"href":"https:\/\/ceoparts.com\/fr\/wp-json\/wp\/v2\/product_brand?post=15417"},{"taxonomy":"product_cat","embeddable":true,"href":"https:\/\/ceoparts.com\/fr\/wp-json\/wp\/v2\/product_cat?post=15417"},{"taxonomy":"product_tag","embeddable":true,"href":"https:\/\/ceoparts.com\/fr\/wp-json\/wp\/v2\/product_tag?post=15417"}],"curies":[{"name":"wp","href":"https:\/\/api.w.org\/{rel}","templated":true}]}}