{"id":15475,"date":"2025-02-26T17:33:03","date_gmt":"2025-02-26T14:33:03","guid":{"rendered":"https:\/\/ceoparts.com\/?post_type=product&#038;p=15475"},"modified":"2026-05-16T13:29:15","modified_gmt":"2026-05-16T10:29:15","slug":"210x75-135-yuruyus-tekeri-11152200000b","status":"publish","type":"product","link":"https:\/\/ceoparts.com\/fr\/urun\/210x75-135-yuruyus-tekeri-11152200000b\/","title":{"rendered":"210&#215;75-135 Roue de marche &#8211; 11152200000B"},"content":{"rendered":"<p>210&#215;75-135 Roue de marche &#8211; 11152200000B<\/p>\n<p>210 x 75 x 82 x 135 Helikopter 1115-220000-0B 1115-220000-0B<\/p>\n<p>Heli CBD15J-LI<\/p>\n<p>Heli CBD18J-L2<\/p>\n<p>Heli CBD20J-L2<\/p>","protected":false},"excerpt":{"rendered":"<p data-start=\"0\" data-end=\"322\"><br data-start=\"2079\" data-end=\"2082\" \/>Cette roue motrice de taille 210\u00d775-135 offre des performances sup\u00e9rieures et une grande durabilit\u00e9 pour les chariots \u00e9l\u00e9vateurs et les machines lourdes. Fabriqu\u00e9e en Vulkollan, elle r\u00e9duit les vibrations pour am\u00e9liorer le confort de l\u2019op\u00e9rateur. Sa conception durable supporte une haute capacit\u00e9 de charge, assurant un fonctionnement ininterrompu.<\/p>\n<p data-start=\"2432\" data-end=\"2654\"><strong data-start=\"2432\" data-end=\"2454\">Caract\u00e9ristiques :<\/strong><br data-start=\"2454\" data-end=\"2457\" \/><strong data-start=\"2457\" data-end=\"2469\">Taille :<\/strong> 210\u00d775-135<br data-start=\"2480\" data-end=\"2483\" \/><strong data-start=\"2483\" data-end=\"2497\">Mat\u00e9riau :<\/strong> Vulkollan<br data-start=\"2507\" data-end=\"2510\" \/><strong data-start=\"2510\" data-end=\"2527\">Application :<\/strong> Chariots \u00e9l\u00e9vateurs et machines lourdes<br data-start=\"2567\" data-end=\"2570\" \/><strong data-start=\"2570\" data-end=\"2586\">Durabilit\u00e9 :<\/strong> Durable et r\u00e9sistante \u00e0 l\u2019usure<br data-start=\"2618\" data-end=\"2621\" \/><strong data-start=\"2621\" data-end=\"2645\">Capacit\u00e9 de charge :<\/strong> \u00c9lev\u00e9e<\/p>\n<p data-start=\"2656\" data-end=\"2972\">\n","protected":false},"featured_media":15477,"template":"","meta":[],"product_brand":[],"product_cat":[193],"product_tag":[],"class_list":{"0":"post-15475","1":"product","2":"type-product","3":"status-publish","4":"has-post-thumbnail","6":"product_cat-yuruyus-tekeri","8":"first","9":"instock","10":"taxable","11":"shipping-taxable","12":"purchasable","13":"product-type-simple"},"_links":{"self":[{"href":"https:\/\/ceoparts.com\/fr\/wp-json\/wp\/v2\/product\/15475","targetHints":{"allow":["GET"]}}],"collection":[{"href":"https:\/\/ceoparts.com\/fr\/wp-json\/wp\/v2\/product"}],"about":[{"href":"https:\/\/ceoparts.com\/fr\/wp-json\/wp\/v2\/types\/product"}],"wp:featuredmedia":[{"embeddable":true,"href":"https:\/\/ceoparts.com\/fr\/wp-json\/wp\/v2\/media\/15477"}],"wp:attachment":[{"href":"https:\/\/ceoparts.com\/fr\/wp-json\/wp\/v2\/media?parent=15475"}],"wp:term":[{"taxonomy":"product_brand","embeddable":true,"href":"https:\/\/ceoparts.com\/fr\/wp-json\/wp\/v2\/product_brand?post=15475"},{"taxonomy":"product_cat","embeddable":true,"href":"https:\/\/ceoparts.com\/fr\/wp-json\/wp\/v2\/product_cat?post=15475"},{"taxonomy":"product_tag","embeddable":true,"href":"https:\/\/ceoparts.com\/fr\/wp-json\/wp\/v2\/product_tag?post=15475"}],"curies":[{"name":"wp","href":"https:\/\/api.w.org\/{rel}","templated":true}]}}