{"id":15480,"date":"2025-02-26T17:38:37","date_gmt":"2025-02-26T14:38:37","guid":{"rendered":"https:\/\/ceoparts.com\/?post_type=product&#038;p=15480"},"modified":"2026-05-16T14:07:24","modified_gmt":"2026-05-16T11:07:24","slug":"213x70-142-still-ech-yuruyus-tekeri-0009934064","status":"publish","type":"product","link":"https:\/\/ceoparts.com\/fr\/urun\/213x70-142-still-ech-yuruyus-tekeri-0009934064\/","title":{"rendered":"213&#215;70-142 Still ECH Roue de marche &#8211; 0009934064"},"content":{"rendered":"<p>213&#215;70-142 Still ECH Roue de marche &#8211; 0009934064<\/p>\n<p>213&#215;70-142<\/p>\n<p>Linde 0009934064<\/p>\n<p>EP Forklift ZL1021000000<\/p>\n<p>Linde MT15 serii 1133-03<\/p>\n<p>EP EPT20-15ET2<\/p>\n<p>EP F4<\/p>","protected":false},"excerpt":{"rendered":"<article class=\"text-token-text-primary w-full\" dir=\"auto\" data-testid=\"conversation-turn-449\" data-scroll-anchor=\"true\">\n<div class=\"text-base my-auto mx-auto py-5 [--thread-content-margin:--spacing(4)] @[37rem]:[--thread-content-margin:--spacing(6)] @[72rem]:[--thread-content-margin:--spacing(16)] px-(--thread-content-margin)\">\n<div class=\"[--thread-content-max-width:32rem] @[34rem]:[--thread-content-max-width:40rem] @[64rem]:[--thread-content-max-width:48rem] mx-auto flex max-w-(--thread-content-max-width) flex-1 text-base gap-4 md:gap-5 lg:gap-6 group\/turn-messages focus-visible:outline-hidden\" tabindex=\"-1\">\n<div class=\"group\/conversation-turn relative flex w-full min-w-0 flex-col agent-turn\">\n<div class=\"relative flex-col gap-1 md:gap-3\">\n<div class=\"flex max-w-full flex-col grow\">\n<div class=\"min-h-8 text-message relative flex w-full flex-col items-end gap-2 text-start break-words whitespace-normal [.text-message+&amp;]:mt-5\" dir=\"auto\" data-message-author-role=\"assistant\" data-message-id=\"30f82520-adbb-454d-9ea2-92ffc6a4e4f7\" data-message-model-slug=\"gpt-4-1-mini\">\n<div class=\"flex w-full flex-col gap-1 empty:hidden first:pt-[3px]\">\n<div class=\"markdown prose dark:prose-invert w-full break-words light\">\n<p data-start=\"0\" data-end=\"403\"><br data-start=\"2494\" data-end=\"2497\" \/>La roue motrice Still ECH 213\u00d770-142 \u2013 0009934064 est sp\u00e9cialement con\u00e7ue pour les chariots \u00e9l\u00e9vateurs Still ECH, offrant fiabilit\u00e9 gr\u00e2ce \u00e0 sa haute durabilit\u00e9 et ses performances sup\u00e9rieures. Fabriqu\u00e9e en Vulkollan, cette roue motrice r\u00e9duit les vibrations pour am\u00e9liorer le confort de l\u2019op\u00e9rateur et supporte une capacit\u00e9 de charge \u00e9lev\u00e9e. Sa structure durable garantit un fonctionnement ininterrompu du chariot \u00e9l\u00e9vateur.<\/p>\n<p data-start=\"2923\" data-end=\"3160\"><strong data-start=\"2923\" data-end=\"2945\">Caract\u00e9ristiques :<\/strong><br data-start=\"2945\" data-end=\"2948\" \/><strong data-start=\"2948\" data-end=\"2960\">Mod\u00e8le :<\/strong> 213\u00d770-142<br data-start=\"2971\" data-end=\"2974\" \/><strong data-start=\"2974\" data-end=\"2988\">Mat\u00e9riau :<\/strong> Vulkollan<br data-start=\"2998\" data-end=\"3001\" \/><strong data-start=\"3001\" data-end=\"3018\">Application :<\/strong> Chariots \u00e9l\u00e9vateurs Still ECH<br data-start=\"3048\" data-end=\"3051\" \/><strong data-start=\"3051\" data-end=\"3067\">Durabilit\u00e9 :<\/strong> Haute durabilit\u00e9, longue dur\u00e9e de vie<br data-start=\"3105\" data-end=\"3108\" \/><strong data-start=\"3108\" data-end=\"3132\">Capacit\u00e9 de charge :<\/strong> Capacit\u00e9 de charge \u00e9lev\u00e9e<\/p>\n<p data-start=\"3162\" data-end=\"3616\">\n<\/div>\n<\/div>\n<\/div>\n<\/div>\n<\/div>\n<\/div>\n<\/div>\n<\/div>\n<\/article>\n","protected":false},"featured_media":15482,"template":"","meta":[],"product_brand":[],"product_cat":[241,244,246,249,193],"product_tag":[],"class_list":{"0":"post-15480","1":"product","2":"type-product","3":"status-publish","4":"has-post-thumbnail","6":"product_cat-still","7":"product_cat-yuruyus-tekeri-still","8":"product_cat-linde","9":"product_cat-yuruyus-tekeri-linde","10":"product_cat-yuruyus-tekeri","12":"first","13":"instock","14":"taxable","15":"shipping-taxable","16":"purchasable","17":"product-type-simple"},"_links":{"self":[{"href":"https:\/\/ceoparts.com\/fr\/wp-json\/wp\/v2\/product\/15480","targetHints":{"allow":["GET"]}}],"collection":[{"href":"https:\/\/ceoparts.com\/fr\/wp-json\/wp\/v2\/product"}],"about":[{"href":"https:\/\/ceoparts.com\/fr\/wp-json\/wp\/v2\/types\/product"}],"wp:featuredmedia":[{"embeddable":true,"href":"https:\/\/ceoparts.com\/fr\/wp-json\/wp\/v2\/media\/15482"}],"wp:attachment":[{"href":"https:\/\/ceoparts.com\/fr\/wp-json\/wp\/v2\/media?parent=15480"}],"wp:term":[{"taxonomy":"product_brand","embeddable":true,"href":"https:\/\/ceoparts.com\/fr\/wp-json\/wp\/v2\/product_brand?post=15480"},{"taxonomy":"product_cat","embeddable":true,"href":"https:\/\/ceoparts.com\/fr\/wp-json\/wp\/v2\/product_cat?post=15480"},{"taxonomy":"product_tag","embeddable":true,"href":"https:\/\/ceoparts.com\/fr\/wp-json\/wp\/v2\/product_tag?post=15480"}],"curies":[{"name":"wp","href":"https:\/\/api.w.org\/{rel}","templated":true}]}}