{"id":15587,"date":"2025-03-01T10:29:19","date_gmt":"2025-03-01T07:29:19","guid":{"rendered":"https:\/\/ceoparts.com\/?post_type=product&#038;p=15587"},"modified":"2026-05-16T14:32:47","modified_gmt":"2026-05-16T11:32:47","slug":"24x759x30-asansor-rulmani-0009249535","status":"publish","type":"product","link":"https:\/\/ceoparts.com\/fr\/urun\/24x759x30-asansor-rulmani-0009249535\/","title":{"rendered":"Roulement d&#8217;ascenseur 24&#215;75,9&#215;30 &#8211; 0009249535"},"content":{"rendered":"<p>Roulement d&#8217;ascenseur 24&#215;75,9&#215;30 &#8211; 0009249535<\/p>\n<p><span style=\"font-family: tim;\">75,9&#215;30 x24 Linde 0009249535<\/span><\/p>\n<p>&nbsp;<\/p>\n<table dir=\"ltr\" border=\"0\" width=\"286\" cellspacing=\"0\" cellpadding=\"2\">\n<tbody>\n<tr>\n<td height=\"19\">\n<p align=\"left\"><span style=\"font-family: tim;\">linde-350-H12-16-18-20-03-2007<\/span><\/p>\n<\/td>\n<\/tr>\n<tr>\n<td height=\"19\">\n<p align=\"left\"><span style=\"font-family: tim;\">linde-350-H12-16-18-20-03-2011<\/span><\/p>\n<\/td>\n<\/tr>\n<tr>\n<td height=\"19\">\n<p align=\"left\"><span style=\"font-family: tim;\">linde-346-E18-E20-E20P-2011<\/span><\/p>\n<\/td>\n<\/tr>\n<tr>\n<td height=\"19\">\n<p align=\"left\"><span style=\"font-family: tim;\">linde-386-E12-E14-E15-E16-E18-E20-2011<\/span><\/p>\n<\/td>\n<\/tr>\n<tr>\n<td height=\"19\">\n<p align=\"left\"><span style=\"font-family: tim;\">linde-115C-R10C-R12C-R14C-2010<\/span><\/p>\n<\/td>\n<\/tr>\n<tr>\n<td height=\"19\">\n<p align=\"left\"><span style=\"font-family: tim;\">linde-335-02-E14-E16-E18-E20-02-2007<\/span><\/p>\n<\/td>\n<\/tr>\n<tr>\n<td height=\"19\">\n<p align=\"left\"><span style=\"font-family: tim;\">Linde-E16-E20-02<\/span><\/p>\n<\/td>\n<\/tr>\n<tr>\n<td height=\"19\">\n<p align=\"left\"><span style=\"font-family: tim;\">linde-391-01-H14-H16-H18-H20-201<\/span><\/p>\n<\/td>\n<\/tr>\n<\/tbody>\n<\/table>","protected":false},"excerpt":{"rendered":"<p data-start=\"0\" data-end=\"422\"><br data-start=\"2821\" data-end=\"2824\" \/>Le roulement de levage Linde 24&#215;75,9&#215;30 \u2013 0009249535 est un roulement critique utilis\u00e9 dans les syst\u00e8mes de levage des chariots \u00e9l\u00e9vateurs et des machines lourdes. Ce roulement assure un fonctionnement fluide et silencieux du m\u00e9canisme de levage, dispose d&#8217;une grande capacit\u00e9 de charge et r\u00e9duit les frottements m\u00e9caniques pour pr\u00e9venir l&#8217;usure. Sa qualit\u00e9 de mat\u00e9riau durable offre une performance fiable et am\u00e9liore l&#8217;efficacit\u00e9 des op\u00e9rations de chariots \u00e9l\u00e9vateurs.<\/p>\n<p data-start=\"3296\" data-end=\"3606\"><strong data-start=\"3296\" data-end=\"3318\">Caract\u00e9ristiques :<\/strong><br data-start=\"3318\" data-end=\"3321\" \/><strong data-start=\"3321\" data-end=\"3339\">Code produit :<\/strong> 0009249535<br data-start=\"3350\" data-end=\"3353\" \/><strong data-start=\"3353\" data-end=\"3369\">Dimensions :<\/strong> 24&#215;75,9&#215;30 mm<br data-start=\"3383\" data-end=\"3386\" \/><strong data-start=\"3386\" data-end=\"3403\">Application :<\/strong> Syst\u00e8mes de levage des chariots \u00e9l\u00e9vateurs et machines lourdes<br data-start=\"3466\" data-end=\"3469\" \/><strong data-start=\"3469\" data-end=\"3485\">Durabilit\u00e9 :<\/strong> Mat\u00e9riau haute durabilit\u00e9<br data-start=\"3511\" data-end=\"3514\" \/><strong data-start=\"3514\" data-end=\"3528\">Fonction :<\/strong> Fonctionnement fluide, fonctionnement silencieux, r\u00e9duction des frottements<\/p>\n<p data-start=\"3608\" data-end=\"4088\">\n","protected":false},"featured_media":15589,"template":"","meta":[],"product_brand":[],"product_cat":[246,457,523],"product_tag":[],"class_list":{"0":"post-15587","1":"product","2":"type-product","3":"status-publish","4":"has-post-thumbnail","6":"product_cat-linde","7":"product_cat-asansor-rulmanlari","8":"product_cat-yedek-parca-linde","10":"first","11":"instock","12":"taxable","13":"shipping-taxable","14":"purchasable","15":"product-type-simple"},"_links":{"self":[{"href":"https:\/\/ceoparts.com\/fr\/wp-json\/wp\/v2\/product\/15587","targetHints":{"allow":["GET"]}}],"collection":[{"href":"https:\/\/ceoparts.com\/fr\/wp-json\/wp\/v2\/product"}],"about":[{"href":"https:\/\/ceoparts.com\/fr\/wp-json\/wp\/v2\/types\/product"}],"wp:featuredmedia":[{"embeddable":true,"href":"https:\/\/ceoparts.com\/fr\/wp-json\/wp\/v2\/media\/15589"}],"wp:attachment":[{"href":"https:\/\/ceoparts.com\/fr\/wp-json\/wp\/v2\/media?parent=15587"}],"wp:term":[{"taxonomy":"product_brand","embeddable":true,"href":"https:\/\/ceoparts.com\/fr\/wp-json\/wp\/v2\/product_brand?post=15587"},{"taxonomy":"product_cat","embeddable":true,"href":"https:\/\/ceoparts.com\/fr\/wp-json\/wp\/v2\/product_cat?post=15587"},{"taxonomy":"product_tag","embeddable":true,"href":"https:\/\/ceoparts.com\/fr\/wp-json\/wp\/v2\/product_tag?post=15587"}],"curies":[{"name":"wp","href":"https:\/\/api.w.org\/{rel}","templated":true}]}}