{"id":15592,"date":"2025-03-01T10:42:32","date_gmt":"2025-03-01T07:42:32","guid":{"rendered":"https:\/\/ceoparts.com\/?post_type=product&#038;p=15592"},"modified":"2026-05-16T10:58:15","modified_gmt":"2026-05-16T07:58:15","slug":"linde-asansor-kaydirma-pim-1814461004","status":"publish","type":"product","link":"https:\/\/ceoparts.com\/fr\/urun\/linde-asansor-kaydirma-pim-1814461004\/","title":{"rendered":"Goupille de glissement d&#8217;ascenseur Linde \u00d820- 1814461004"},"content":{"rendered":"<p>Goupille de glissement d&#8217;ascenseur Linde \u00d820- 1814461004<\/p>","protected":false},"excerpt":{"rendered":"<p data-start=\"0\" data-end=\"430\"><br data-start=\"2851\" data-end=\"2854\" \/>La goupille coulissante de levage Linde \u00d820 \u2013 1814461004 est un composant durable utilis\u00e9 dans les m\u00e9canismes de levage des chariots \u00e9l\u00e9vateurs et des machines lourdes. Cette goupille coulissante assure un fonctionnement fluide et stable du syst\u00e8me de levage, r\u00e9duit les vibrations et pr\u00e9vient l\u2019usure m\u00e9canique. Fabriqu\u00e9e en mat\u00e9riau de haute qualit\u00e9, elle offre des performances durables. C\u2019est une pi\u00e8ce de rechange id\u00e9ale pour am\u00e9liorer la s\u00e9curit\u00e9 et l\u2019efficacit\u00e9 des op\u00e9rations de chariots \u00e9l\u00e9vateurs.<\/p>\n<p data-start=\"3363\" data-end=\"3661\"><strong data-start=\"3363\" data-end=\"3385\">Caract\u00e9ristiques :<\/strong><br data-start=\"3385\" data-end=\"3388\" \/><strong data-start=\"3388\" data-end=\"3406\">Code produit :<\/strong> 1814461004<br data-start=\"3417\" data-end=\"3420\" \/><strong data-start=\"3420\" data-end=\"3434\">Diam\u00e8tre :<\/strong> \u00d820 mm<br data-start=\"3441\" data-end=\"3444\" \/><strong data-start=\"3444\" data-end=\"3461\">Application :<\/strong> M\u00e9canismes de levage des chariots \u00e9l\u00e9vateurs et machines lourdes<br data-start=\"3526\" data-end=\"3529\" \/><strong data-start=\"3529\" data-end=\"3545\">Durabilit\u00e9 :<\/strong> Mat\u00e9riau haute durabilit\u00e9<br data-start=\"3571\" data-end=\"3574\" \/><strong data-start=\"3574\" data-end=\"3588\">Fonction :<\/strong> Fonctionnement stable, r\u00e9duction des vibrations, pr\u00e9vention de l\u2019usure<\/p>\n<p data-start=\"3663\" data-end=\"4161\">\n<p>70mm \u00a0\u00d820<\/p>\n<p>Linde<br \/>\n386 E12\/14\/15\/16\/18\/20<br \/>\n391-01 H14\/16\/18\/20<\/p>\n","protected":false},"featured_media":15593,"template":"","meta":[],"product_brand":[],"product_cat":[246,467,523],"product_tag":[],"class_list":{"0":"post-15592","1":"product","2":"type-product","3":"status-publish","4":"has-post-thumbnail","6":"product_cat-linde","7":"product_cat-mil-grubu","8":"product_cat-yedek-parca-linde","10":"first","11":"instock","12":"taxable","13":"shipping-taxable","14":"purchasable","15":"product-type-simple"},"_links":{"self":[{"href":"https:\/\/ceoparts.com\/fr\/wp-json\/wp\/v2\/product\/15592","targetHints":{"allow":["GET"]}}],"collection":[{"href":"https:\/\/ceoparts.com\/fr\/wp-json\/wp\/v2\/product"}],"about":[{"href":"https:\/\/ceoparts.com\/fr\/wp-json\/wp\/v2\/types\/product"}],"wp:featuredmedia":[{"embeddable":true,"href":"https:\/\/ceoparts.com\/fr\/wp-json\/wp\/v2\/media\/15593"}],"wp:attachment":[{"href":"https:\/\/ceoparts.com\/fr\/wp-json\/wp\/v2\/media?parent=15592"}],"wp:term":[{"taxonomy":"product_brand","embeddable":true,"href":"https:\/\/ceoparts.com\/fr\/wp-json\/wp\/v2\/product_brand?post=15592"},{"taxonomy":"product_cat","embeddable":true,"href":"https:\/\/ceoparts.com\/fr\/wp-json\/wp\/v2\/product_cat?post=15592"},{"taxonomy":"product_tag","embeddable":true,"href":"https:\/\/ceoparts.com\/fr\/wp-json\/wp\/v2\/product_tag?post=15592"}],"curies":[{"name":"wp","href":"https:\/\/api.w.org\/{rel}","templated":true}]}}