{"id":15599,"date":"2025-03-01T11:18:52","date_gmt":"2025-03-01T08:18:52","guid":{"rendered":"https:\/\/ceoparts.com\/?post_type=product&#038;p=15599"},"modified":"2026-05-16T17:05:37","modified_gmt":"2026-05-16T14:05:37","slug":"linde-hava-filtresi-0009839000","status":"publish","type":"product","link":"https:\/\/ceoparts.com\/fr\/urun\/linde-hava-filtresi-0009839000\/","title":{"rendered":"Filtre \u00e0 air Linde &#8211; 0009839000"},"content":{"rendered":"<p>Filtre \u00e0 air Linde &#8211; 0009839000<\/p>\n<p>Linde 0009839000<\/p>\n<p>&nbsp;<\/p>\n<table border=\"0\" frame=\"void\" rules=\"none\" cellspacing=\"0\">\n<colgroup>\n<col width=\"86\" \/>\n<col width=\"86\" \/><\/colgroup>\n<tbody>\n<tr>\n<td align=\"left\" width=\"86\" height=\"17\">391-01<\/td>\n<td align=\"left\" width=\"86\">H14\/16\/18\/20<\/td>\n<\/tr>\n<tr>\n<td align=\"left\" height=\"17\">391-01<\/td>\n<td align=\"left\">H14\/16\/18\/20<\/td>\n<\/tr>\n<tr>\n<td align=\"left\" height=\"17\">391-01<\/td>\n<td align=\"left\">H14\/16\/18\/20<\/td>\n<\/tr>\n<tr>\n<td align=\"left\" height=\"17\">392-01<\/td>\n<td align=\"left\">H20\/25<\/td>\n<\/tr>\n<tr>\n<td align=\"left\" height=\"17\">392-01<\/td>\n<td align=\"left\">H20\/25<\/td>\n<\/tr>\n<tr>\n<td align=\"left\" height=\"17\">392-01<\/td>\n<td align=\"left\">H20\/25<\/td>\n<\/tr>\n<tr>\n<td align=\"left\" height=\"17\">393-01<\/td>\n<td align=\"left\">H25\/30\/35<\/td>\n<\/tr>\n<tr>\n<td align=\"left\" height=\"17\">393-01<\/td>\n<td align=\"left\">H25\/30\/35<\/td>\n<\/tr>\n<tr>\n<td align=\"left\" height=\"17\">393-01<\/td>\n<td align=\"left\">H25\/30\/35<\/td>\n<\/tr>\n<\/tbody>\n<\/table>\n<p><\/p>","protected":false},"excerpt":{"rendered":"<p data-start=\"0\" data-end=\"403\"><br data-start=\"2834\" data-end=\"2837\" \/>Le filtre \u00e0 air Linde 0009839000 est un composant essentiel con\u00e7u pour fournir de l\u2019air propre aux moteurs des chariots \u00e9l\u00e9vateurs et des machines lourdes. Il filtre efficacement la poussi\u00e8re, la salet\u00e9 et les particules nocives entrant dans le moteur, am\u00e9liorant ainsi la performance et la dur\u00e9e de vie du moteur. Fabriqu\u00e9 avec des mat\u00e9riaux durables, il est adapt\u00e9 \u00e0 une utilisation \u00e0 long terme. Il joue un r\u00f4le crucial dans le confort de l\u2019op\u00e9rateur et l\u2019efficacit\u00e9 de la machine.<\/p>\n<p data-start=\"3323\" data-end=\"3642\"><strong data-start=\"3323\" data-end=\"3345\">Caract\u00e9ristiques :<\/strong><br data-start=\"3345\" data-end=\"3348\" \/><strong data-start=\"3348\" data-end=\"3366\">Code produit :<\/strong> 0009839000<br data-start=\"3377\" data-end=\"3380\" \/><strong data-start=\"3380\" data-end=\"3397\">Application :<\/strong> Moteurs de chariots \u00e9l\u00e9vateurs et machines lourdes<br data-start=\"3448\" data-end=\"3451\" \/><strong data-start=\"3451\" data-end=\"3467\">Filtration :<\/strong> Bloque la poussi\u00e8re, la salet\u00e9 et les particules nocives<br data-start=\"3524\" data-end=\"3527\" \/><strong data-start=\"3527\" data-end=\"3543\">Durabilit\u00e9 :<\/strong> Mat\u00e9riau durable et robuste<br data-start=\"3571\" data-end=\"3574\" \/><strong data-start=\"3574\" data-end=\"3591\">Performance :<\/strong> Protection du moteur et efficacit\u00e9 de la machine<\/p>\n<p data-start=\"3644\" data-end=\"4098\">\n","protected":false},"featured_media":15604,"template":"","meta":[],"product_brand":[],"product_cat":[246,498,523],"product_tag":[],"class_list":{"0":"post-15599","1":"product","2":"type-product","3":"status-publish","4":"has-post-thumbnail","6":"product_cat-linde","7":"product_cat-filtre-cesitleri","8":"product_cat-yedek-parca-linde","10":"first","11":"instock","12":"taxable","13":"shipping-taxable","14":"purchasable","15":"product-type-simple"},"_links":{"self":[{"href":"https:\/\/ceoparts.com\/fr\/wp-json\/wp\/v2\/product\/15599","targetHints":{"allow":["GET"]}}],"collection":[{"href":"https:\/\/ceoparts.com\/fr\/wp-json\/wp\/v2\/product"}],"about":[{"href":"https:\/\/ceoparts.com\/fr\/wp-json\/wp\/v2\/types\/product"}],"wp:featuredmedia":[{"embeddable":true,"href":"https:\/\/ceoparts.com\/fr\/wp-json\/wp\/v2\/media\/15604"}],"wp:attachment":[{"href":"https:\/\/ceoparts.com\/fr\/wp-json\/wp\/v2\/media?parent=15599"}],"wp:term":[{"taxonomy":"product_brand","embeddable":true,"href":"https:\/\/ceoparts.com\/fr\/wp-json\/wp\/v2\/product_brand?post=15599"},{"taxonomy":"product_cat","embeddable":true,"href":"https:\/\/ceoparts.com\/fr\/wp-json\/wp\/v2\/product_cat?post=15599"},{"taxonomy":"product_tag","embeddable":true,"href":"https:\/\/ceoparts.com\/fr\/wp-json\/wp\/v2\/product_tag?post=15599"}],"curies":[{"name":"wp","href":"https:\/\/api.w.org\/{rel}","templated":true}]}}