{"id":15616,"date":"2025-03-01T12:59:35","date_gmt":"2025-03-01T09:59:35","guid":{"rendered":"https:\/\/ceoparts.com\/?post_type=product&#038;p=15616"},"modified":"2026-05-16T14:59:09","modified_gmt":"2026-05-16T11:59:09","slug":"20x52x24-linde-mast-rulman-0009249364","status":"publish","type":"product","link":"https:\/\/ceoparts.com\/fr\/urun\/20x52x24-linde-mast-rulman-0009249364\/","title":{"rendered":"Roulement de m\u00e2t Linde 20x52x24 &#8211; 0009249364"},"content":{"rendered":"<p>Roulement de m\u00e2t Linde 20x52x24 &#8211; 0009249364<\/p>","protected":false},"excerpt":{"rendered":"<p data-start=\"0\" data-end=\"313\"><br data-start=\"2168\" data-end=\"2171\" \/>Le roulement de m\u00e2t Linde 0009249364 est un composant critique utilis\u00e9 dans la section de m\u00e2t des chariots \u00e9l\u00e9vateurs. Il assure un fonctionnement fluide du m\u00e2t lors du transport de charge et de la direction gr\u00e2ce \u00e0 une <strong data-start=\"2391\" data-end=\"2412\">grande durabilit\u00e9<\/strong> et une <strong data-start=\"2420\" data-end=\"2448\">r\u00e9duction de la friction<\/strong>. Ce roulement est con\u00e7u pour des performances durables et le confort de l\u2019op\u00e9rateur.<\/p>\n<p data-start=\"2535\" data-end=\"2791\"><strong data-start=\"2535\" data-end=\"2557\">Caract\u00e9ristiques :<\/strong><br data-start=\"2557\" data-end=\"2560\" \/><strong data-start=\"2560\" data-end=\"2576\">Dimensions :<\/strong> 20x52x24 mm<br data-start=\"2588\" data-end=\"2591\" \/><strong data-start=\"2591\" data-end=\"2609\">Code produit :<\/strong> 0009249364<br data-start=\"2620\" data-end=\"2623\" \/><strong data-start=\"2623\" data-end=\"2640\">Application :<\/strong> Section de m\u00e2t de chariot \u00e9l\u00e9vateur<br data-start=\"2676\" data-end=\"2679\" \/><strong data-start=\"2679\" data-end=\"2695\">Durabilit\u00e9 :<\/strong> Tr\u00e8s durable, r\u00e9sistant \u00e0 l\u2019usure<br data-start=\"2729\" data-end=\"2732\" \/><strong data-start=\"2732\" data-end=\"2749\">Performance :<\/strong> R\u00e9duit la friction, longue dur\u00e9e de vie<\/p>\n<p data-start=\"2793\" data-end=\"3180\">\n","protected":false},"featured_media":15617,"template":"","meta":[],"product_brand":[],"product_cat":[246,460,523],"product_tag":[],"class_list":{"0":"post-15616","1":"product","2":"type-product","3":"status-publish","4":"has-post-thumbnail","6":"product_cat-linde","7":"product_cat-yuk-ve-mekanizma-rulmanlari","8":"product_cat-yedek-parca-linde","10":"first","11":"instock","12":"taxable","13":"shipping-taxable","14":"purchasable","15":"product-type-simple"},"_links":{"self":[{"href":"https:\/\/ceoparts.com\/fr\/wp-json\/wp\/v2\/product\/15616","targetHints":{"allow":["GET"]}}],"collection":[{"href":"https:\/\/ceoparts.com\/fr\/wp-json\/wp\/v2\/product"}],"about":[{"href":"https:\/\/ceoparts.com\/fr\/wp-json\/wp\/v2\/types\/product"}],"wp:featuredmedia":[{"embeddable":true,"href":"https:\/\/ceoparts.com\/fr\/wp-json\/wp\/v2\/media\/15617"}],"wp:attachment":[{"href":"https:\/\/ceoparts.com\/fr\/wp-json\/wp\/v2\/media?parent=15616"}],"wp:term":[{"taxonomy":"product_brand","embeddable":true,"href":"https:\/\/ceoparts.com\/fr\/wp-json\/wp\/v2\/product_brand?post=15616"},{"taxonomy":"product_cat","embeddable":true,"href":"https:\/\/ceoparts.com\/fr\/wp-json\/wp\/v2\/product_cat?post=15616"},{"taxonomy":"product_tag","embeddable":true,"href":"https:\/\/ceoparts.com\/fr\/wp-json\/wp\/v2\/product_tag?post=15616"}],"curies":[{"name":"wp","href":"https:\/\/api.w.org\/{rel}","templated":true}]}}