{"id":15625,"date":"2025-03-03T10:01:32","date_gmt":"2025-03-03T07:01:32","guid":{"rendered":"https:\/\/ceoparts.com\/?post_type=product&#038;p=15625"},"modified":"2026-05-16T15:08:29","modified_gmt":"2026-05-16T12:08:29","slug":"linde-rulman-0009246860","status":"publish","type":"product","link":"https:\/\/ceoparts.com\/fr\/urun\/linde-rulman-0009246860\/","title":{"rendered":"Palier Linde &#8211; 0009246860"},"content":{"rendered":"<p>Palier Linde &#8211; 0009246860<\/p>","protected":false},"excerpt":{"rendered":"<p data-start=\"0\" data-end=\"393\"><br data-start=\"2585\" data-end=\"2588\" \/>Le roulement Linde 0009246860 est un composant <strong data-start=\"2635\" data-end=\"2651\">tr\u00e8s durable<\/strong> utilis\u00e9 dans les pi\u00e8ces mobiles des chariots \u00e9l\u00e9vateurs et des machines industrielles. Ce roulement est con\u00e7u pour am\u00e9liorer les performances de la machine et minimiser l\u2019usure. Sa caract\u00e9ristique de <strong data-start=\"2852\" data-end=\"2871\">faible friction<\/strong> garantit une efficacit\u00e9 \u00e9nerg\u00e9tique et une longue dur\u00e9e de vie. Il offre fiabilit\u00e9 et stabilit\u00e9 dans les applications industrielles.<\/p>\n<p data-start=\"3006\" data-end=\"3286\"><strong data-start=\"3006\" data-end=\"3028\">Caract\u00e9ristiques :<\/strong><br data-start=\"3028\" data-end=\"3031\" \/><strong data-start=\"3031\" data-end=\"3049\">Code produit :<\/strong> 0009246860<br data-start=\"3060\" data-end=\"3063\" \/><strong data-start=\"3063\" data-end=\"3080\">Application :<\/strong> Chariots \u00e9l\u00e9vateurs et machines industrielles<br data-start=\"3126\" data-end=\"3129\" \/><strong data-start=\"3129\" data-end=\"3145\">Durabilit\u00e9 :<\/strong> Tr\u00e8s durable, r\u00e9sistant \u00e0 l\u2019usure<br data-start=\"3179\" data-end=\"3182\" \/><strong data-start=\"3182\" data-end=\"3199\">Performance :<\/strong> Faible friction, \u00e9conomie d\u2019\u00e9nergie<br data-start=\"3235\" data-end=\"3238\" \/><strong data-start=\"3238\" data-end=\"3255\">Utilisation :<\/strong> Pi\u00e8ces mobiles industrielles<\/p>\n<p data-start=\"3288\" data-end=\"3695\">\n","protected":false},"featured_media":15627,"template":"","meta":[],"product_brand":[],"product_cat":[246,460,523],"product_tag":[],"class_list":{"0":"post-15625","1":"product","2":"type-product","3":"status-publish","4":"has-post-thumbnail","6":"product_cat-linde","7":"product_cat-yuk-ve-mekanizma-rulmanlari","8":"product_cat-yedek-parca-linde","10":"first","11":"instock","12":"taxable","13":"shipping-taxable","14":"purchasable","15":"product-type-simple"},"_links":{"self":[{"href":"https:\/\/ceoparts.com\/fr\/wp-json\/wp\/v2\/product\/15625","targetHints":{"allow":["GET"]}}],"collection":[{"href":"https:\/\/ceoparts.com\/fr\/wp-json\/wp\/v2\/product"}],"about":[{"href":"https:\/\/ceoparts.com\/fr\/wp-json\/wp\/v2\/types\/product"}],"wp:featuredmedia":[{"embeddable":true,"href":"https:\/\/ceoparts.com\/fr\/wp-json\/wp\/v2\/media\/15627"}],"wp:attachment":[{"href":"https:\/\/ceoparts.com\/fr\/wp-json\/wp\/v2\/media?parent=15625"}],"wp:term":[{"taxonomy":"product_brand","embeddable":true,"href":"https:\/\/ceoparts.com\/fr\/wp-json\/wp\/v2\/product_brand?post=15625"},{"taxonomy":"product_cat","embeddable":true,"href":"https:\/\/ceoparts.com\/fr\/wp-json\/wp\/v2\/product_cat?post=15625"},{"taxonomy":"product_tag","embeddable":true,"href":"https:\/\/ceoparts.com\/fr\/wp-json\/wp\/v2\/product_tag?post=15625"}],"curies":[{"name":"wp","href":"https:\/\/api.w.org\/{rel}","templated":true}]}}