{"id":15635,"date":"2025-03-03T10:58:20","date_gmt":"2025-03-03T07:58:20","guid":{"rendered":"https:\/\/ceoparts.com\/?post_type=product&#038;p=15635"},"modified":"2026-05-16T16:34:22","modified_gmt":"2026-05-16T13:34:22","slug":"linde-pedal-butonu-7915422121","status":"publish","type":"product","link":"https:\/\/ceoparts.com\/fr\/urun\/linde-pedal-butonu-7915422121\/","title":{"rendered":"Bouton de p\u00e9dale Linde &#8211; 7915422121"},"content":{"rendered":"<p>Bouton de p\u00e9dale Linde &#8211; 7915422121<\/p>","protected":false},"excerpt":{"rendered":"<p data-start=\"144\" data-end=\"440\"><strong data-start=\"144\" data-end=\"153\"><\/strong><br data-start=\"1980\" data-end=\"1983\" \/>Bouton de p\u00e9dale Linde \u2013 7915422121 est un \u00e9l\u00e9ment essentiel de commande des mouvements et des fonctions du chariot \u00e9l\u00e9vateur. Permet \u00e0 l\u2019op\u00e9rateur de g\u00e9rer la machine en toute s\u00e9curit\u00e9 et rapidit\u00e9. Sa fabrication de haute qualit\u00e9 assure des performances constantes en utilisation intensive.<\/p>\n<p data-start=\"2276\" data-end=\"2461\"><strong data-start=\"2276\" data-end=\"2298\">Caract\u00e9ristiques :<\/strong><br data-start=\"2298\" data-end=\"2301\" \/><strong data-start=\"2301\" data-end=\"2316\">R\u00e9f\u00e9rence :<\/strong> 7915422121<br data-start=\"2327\" data-end=\"2330\" \/><strong data-start=\"2330\" data-end=\"2353\">Marque compatible :<\/strong> Linde<br data-start=\"2359\" data-end=\"2362\" \/><strong data-start=\"2362\" data-end=\"2376\">Fonction :<\/strong> Bouton de commande de p\u00e9dale<br data-start=\"2405\" data-end=\"2408\" \/><strong data-start=\"2408\" data-end=\"2424\">Durabilit\u00e9 :<\/strong> Haute qualit\u00e9, longue dur\u00e9e de vie<\/p>\n<hr data-start=\"2463\" data-end=\"2466\" \/>\n<p data-start=\"2468\" data-end=\"2791\"><strong data-start=\"2468\" data-end=\"2477\"><\/strong><\/p>\n<p>&nbsp;<\/p>\n<p>R14SP (1123) 12\/2009 -&gt;, R16SP (1123) 12\/2009 -&gt;, R18SP (1123) 12\/2009 -&gt;.<\/p>\n","protected":false},"featured_media":15636,"template":"","meta":[],"product_brand":[],"product_cat":[246,471,523],"product_tag":[],"class_list":{"0":"post-15635","1":"product","2":"type-product","3":"status-publish","4":"has-post-thumbnail","6":"product_cat-linde","7":"product_cat-joystick-pedal-yedek-parca","8":"product_cat-yedek-parca-linde","10":"first","11":"instock","12":"taxable","13":"shipping-taxable","14":"purchasable","15":"product-type-simple"},"_links":{"self":[{"href":"https:\/\/ceoparts.com\/fr\/wp-json\/wp\/v2\/product\/15635","targetHints":{"allow":["GET"]}}],"collection":[{"href":"https:\/\/ceoparts.com\/fr\/wp-json\/wp\/v2\/product"}],"about":[{"href":"https:\/\/ceoparts.com\/fr\/wp-json\/wp\/v2\/types\/product"}],"wp:featuredmedia":[{"embeddable":true,"href":"https:\/\/ceoparts.com\/fr\/wp-json\/wp\/v2\/media\/15636"}],"wp:attachment":[{"href":"https:\/\/ceoparts.com\/fr\/wp-json\/wp\/v2\/media?parent=15635"}],"wp:term":[{"taxonomy":"product_brand","embeddable":true,"href":"https:\/\/ceoparts.com\/fr\/wp-json\/wp\/v2\/product_brand?post=15635"},{"taxonomy":"product_cat","embeddable":true,"href":"https:\/\/ceoparts.com\/fr\/wp-json\/wp\/v2\/product_cat?post=15635"},{"taxonomy":"product_tag","embeddable":true,"href":"https:\/\/ceoparts.com\/fr\/wp-json\/wp\/v2\/product_tag?post=15635"}],"curies":[{"name":"wp","href":"https:\/\/api.w.org\/{rel}","templated":true}]}}