{"id":15640,"date":"2025-03-03T11:18:57","date_gmt":"2025-03-03T08:18:57","guid":{"rendered":"https:\/\/ceoparts.com\/?post_type=product&#038;p=15640"},"modified":"2026-05-16T17:29:38","modified_gmt":"2026-05-16T14:29:38","slug":"linde-dingil-aci-sensoru-7917415675","status":"publish","type":"product","link":"https:\/\/ceoparts.com\/fr\/urun\/linde-dingil-aci-sensoru-7917415675\/","title":{"rendered":"Capteur d&#8217;angle d&#8217;essieu Linde &#8211; 7917415675"},"content":{"rendered":"<p>Capteur d&#8217;angle d&#8217;essieu Linde &#8211; 7917415675<\/p>","protected":false},"excerpt":{"rendered":"<p data-start=\"68\" data-end=\"469\"><strong data-start=\"68\" data-end=\"77\"><\/strong><br data-start=\"1926\" data-end=\"1929\" \/>Capteur d&#8217;angle de direction Linde \u2013 7917415482, essentiel pour garantir une direction pr\u00e9cise et fiable sur les chariots \u00e9l\u00e9vateurs. Il transmet l&#8217;angle de braquage au syst\u00e8me de contr\u00f4le \u00e9lectronique, am\u00e9liorant ainsi la man\u0153uvrabilit\u00e9 et la s\u00e9curit\u00e9.<\/p>\n<p data-start=\"2184\" data-end=\"2346\"><strong data-start=\"2184\" data-end=\"2206\">Caract\u00e9ristiques :<\/strong><br data-start=\"2206\" data-end=\"2209\" \/><strong data-start=\"2209\" data-end=\"2224\">R\u00e9f\u00e9rence :<\/strong> 7917415482<br data-start=\"2235\" data-end=\"2238\" \/><strong data-start=\"2238\" data-end=\"2261\">Marque compatible :<\/strong> Linde<br data-start=\"2267\" data-end=\"2270\" \/><strong data-start=\"2270\" data-end=\"2284\">Fonction :<\/strong> D\u00e9tection de l&#8217;angle de direction<br data-start=\"2318\" data-end=\"2321\" \/><strong data-start=\"2321\" data-end=\"2337\">Durabilit\u00e9 :<\/strong> \u00c9lev\u00e9e<\/p>\n<p data-start=\"2348\" data-end=\"2614\"><strong data-start=\"2348\" data-end=\"2357\"><\/strong><\/p>\n","protected":false},"featured_media":15642,"template":"","meta":[],"product_brand":[],"product_cat":[246,469,523],"product_tag":[],"class_list":{"0":"post-15640","1":"product","2":"type-product","3":"status-publish","4":"has-post-thumbnail","6":"product_cat-linde","7":"product_cat-elektrik-ve-sistem-parcalari","8":"product_cat-yedek-parca-linde","10":"first","11":"instock","12":"taxable","13":"shipping-taxable","14":"purchasable","15":"product-type-simple"},"_links":{"self":[{"href":"https:\/\/ceoparts.com\/fr\/wp-json\/wp\/v2\/product\/15640","targetHints":{"allow":["GET"]}}],"collection":[{"href":"https:\/\/ceoparts.com\/fr\/wp-json\/wp\/v2\/product"}],"about":[{"href":"https:\/\/ceoparts.com\/fr\/wp-json\/wp\/v2\/types\/product"}],"wp:featuredmedia":[{"embeddable":true,"href":"https:\/\/ceoparts.com\/fr\/wp-json\/wp\/v2\/media\/15642"}],"wp:attachment":[{"href":"https:\/\/ceoparts.com\/fr\/wp-json\/wp\/v2\/media?parent=15640"}],"wp:term":[{"taxonomy":"product_brand","embeddable":true,"href":"https:\/\/ceoparts.com\/fr\/wp-json\/wp\/v2\/product_brand?post=15640"},{"taxonomy":"product_cat","embeddable":true,"href":"https:\/\/ceoparts.com\/fr\/wp-json\/wp\/v2\/product_cat?post=15640"},{"taxonomy":"product_tag","embeddable":true,"href":"https:\/\/ceoparts.com\/fr\/wp-json\/wp\/v2\/product_tag?post=15640"}],"curies":[{"name":"wp","href":"https:\/\/api.w.org\/{rel}","templated":true}]}}